{"id":20391,"date":"2023-03-15T12:42:42","date_gmt":"2023-03-15T12:42:42","guid":{"rendered":"https:\/\/store.handsomecake.com\/product\/dragon-ball-son-gohan-14-resin-statue-vom-dim-model-studio\/"},"modified":"2023-03-15T12:59:26","modified_gmt":"2023-03-15T12:59:26","slug":"dragon-ball-son-gohan-14-resin-statue-vom-dim-model-studio","status":"publish","type":"product","link":"https:\/\/store.handsomecake.com\/en\/product\/dragon-ball-son-gohan-14-resin-statue-vom-dim-model-studio\/","title":{"rendered":"Dragon Ball &#8211; Son Gohan | 1:4 Resin Statue | vom Dim Model Studio"},"content":{"rendered":"<p><strong>Dragon Ball &#8211; Son Gohan | 1:4 Resin Statue | vom Dim Model Studio<\/strong><\/p>\n<p>I do ship EU-wide, please contact me, should questions arise.<\/p>\n<p>Tolle Statue von Gokus Sohn<br \/>\nWunderbar verarbeitete und sehr detaillierte Gohan Statue aus Polystone &#8211; k\u00fcnstlichem Stein-Harz-Gemisch. Unglaubliche variabel, was die einzelnen K\u00f6rperteile angeht.<\/p>\n<p><strong>Besonderheiten:<\/strong><\/p>\n<ul>\n<li>weltweit 150 St\u00fcck (1:4) und 220 St\u00fcck (1:6)<\/li>\n<li>2 austauschbare K\u00f6pfe<\/li>\n<li>2 austauschbare rechte H\u00e4nde<\/li>\n<li>bei Preorder extra Pan<\/li>\n<\/ul>\n<p><strong>Release-Status:<\/strong><\/p>\n<ul>\n<li>Preorder. Statue wird voraussichtlich am Ende Q2 2024 erscheinen und wir erwarten sie voraussichtlich Ende August 2024 im Warenlager.<\/li>\n<\/ul>\n<p>Wie immer bei meinen Aktionen &#8211; s\u00e4mtliche Geb\u00fchren sind, im Gegensatz zu anderen Angeboten, bereits inkludiert. Versand erfolgt ausschlie\u00dflich aus Deutschland, es fallen keine Zoll- und Importgeb\u00fchren an. Ihr kauft keine Katze im Sack \ud83d\ude42<\/p>\n<p><strong>Ma\u00dfe der Statue:<\/strong><\/p>\n<ul>\n<li>Gr\u00f6\u00dfe(1:4): ca. 60cm x 37cm x 43cm<\/li>\n<li>Gr\u00f6\u00dfe(1:6): ca. 42cm x 30cm x 35cm<\/li>\n<li>Gewicht: TBA ca. 12 kg (gesch\u00e4tzt)<\/li>\n<\/ul>\n<p>You are not prepared! \ud83d\ude42<\/p>","protected":false},"excerpt":{"rendered":"<p>Dragon Ball &#8211; Son Gohan | 1:4 Resin Statue | vom Dim Model Studio I do ship EU-wide, please contact me, should questions arise. Tolle Statue von Gokus Sohn Wunderbar verarbeitete und sehr detaillierte Gohan Statue aus Polystone &#8211; k\u00fcnstlichem Stein-Harz-Gemisch. Unglaubliche variabel, was die einzelnen K\u00f6rperteile angeht. Besonderheiten: weltweit 150 St\u00fcck (1:4) und 220 [&hellip;]<\/p>\n","protected":false},"featured_media":20400,"comment_status":"closed","ping_status":"closed","template":"","meta":[],"product_brand":[],"product_cat":[24,87,568,84],"product_tag":[612,656,657,658,147,251,190,191,97,386,795,154,136,137,889,388,890,387,379,381,380,382,718],"class_list":{"0":"post-20391","1":"product","2":"type-product","3":"status-publish","4":"has-post-thumbnail","6":"product_cat-action-figuren","7":"product_cat-dragon-ball","8":"product_cat-preorder","9":"product_cat-statuen-anime-comic-universum","10":"product_tag-anime","11":"product_tag-anime-collectibles","12":"product_tag-anime-figures","13":"product_tag-anime-toys","14":"product_tag-collectibles","15":"product_tag-collectibles-kaufen","16":"product_tag-dragon-ball-collectibles","17":"product_tag-dragon-ball-resin","18":"product_tag-dragon-ball-statue","19":"product_tag-dragon-ball-z-son-gohan","20":"product_tag-handsomecake","21":"product_tag-resin-collectibles","22":"product_tag-resin-statuen","23":"product_tag-resin-statuen-kaufen","24":"product_tag-son-gohan","25":"product_tag-son-gohan-collectible","26":"product_tag-son-gohan-figurine","27":"product_tag-son-gohan-statue","28":"product_tag-statue-collectible","29":"product_tag-statue-collectibles","30":"product_tag-statues-collectible","31":"product_tag-statues-collectibles","32":"product_tag-toys","33":"pa_brand-dim-model-studio","35":"first","36":"instock","37":"taxable","38":"shipping-taxable","39":"product-type-variable"},"_links":{"self":[{"href":"https:\/\/store.handsomecake.com\/en\/wp-json\/wp\/v2\/product\/20391","targetHints":{"allow":["GET"]}}],"collection":[{"href":"https:\/\/store.handsomecake.com\/en\/wp-json\/wp\/v2\/product"}],"about":[{"href":"https:\/\/store.handsomecake.com\/en\/wp-json\/wp\/v2\/types\/product"}],"replies":[{"embeddable":true,"href":"https:\/\/store.handsomecake.com\/en\/wp-json\/wp\/v2\/comments?post=20391"}],"wp:featuredmedia":[{"embeddable":true,"href":"https:\/\/store.handsomecake.com\/en\/wp-json\/wp\/v2\/media\/20400"}],"wp:attachment":[{"href":"https:\/\/store.handsomecake.com\/en\/wp-json\/wp\/v2\/media?parent=20391"}],"wp:term":[{"taxonomy":"product_brand","embeddable":true,"href":"https:\/\/store.handsomecake.com\/en\/wp-json\/wp\/v2\/product_brand?post=20391"},{"taxonomy":"product_cat","embeddable":true,"href":"https:\/\/store.handsomecake.com\/en\/wp-json\/wp\/v2\/product_cat?post=20391"},{"taxonomy":"product_tag","embeddable":true,"href":"https:\/\/store.handsomecake.com\/en\/wp-json\/wp\/v2\/product_tag?post=20391"}],"curies":[{"name":"wp","href":"https:\/\/api.w.org\/{rel}","templated":true}]}}