{"id":20366,"date":"2023-03-15T11:23:31","date_gmt":"2023-03-15T11:23:31","guid":{"rendered":"https:\/\/store.handsomecake.com\/product\/attack-on-titan-mikasa-ackerman-16-resin-statue-von-lc-studio\/"},"modified":"2024-03-07T20:48:19","modified_gmt":"2024-03-07T20:48:19","slug":"attack-on-titan-mikasa-ackerman-16-resin-statue-von-lc-studio","status":"publish","type":"product","link":"https:\/\/store.handsomecake.com\/en\/product\/attack-on-titan-mikasa-ackerman-16-resin-statue-von-lc-studio\/","title":{"rendered":"Attack on Titan &#8211; Mikasa Ackerman | 1:6 Resin Statue | von LC Studio"},"content":{"rendered":"<p><strong>Attack on Titan &#8211; Mikasa Ackerman | 1:6 Resin Statue | von LC Studio<\/strong><\/p>\n<p>I do ship EU-wide, please contact me, should questions arise.<\/p>\n<p>Tolle Statue der Adoptivschwester von Eren J\u00e4ger<br \/>\nWunderbar verarbeitete und sehr detaillierte Mikasa Ackerman Statue aus Polystone &#8211; k\u00fcnstlichem Stein-Harz-Gemisch.<\/p>\n<p><strong>Besonderheiten:<\/strong><\/p>\n<ul>\n<li>A (Standard-Version)<\/li>\n<li>B (Deluxe-Version) : extra austauschbarer Kopf mit langen Haaren und austauschbare Hand mit Erens Kopf<\/li>\n<\/ul>\n<p><strong>Release-Status:<\/strong><\/p>\n<ul>\n<li>Lagernd vor Ort. Versandfertig in ca. 5 Werktagen.<\/li>\n<\/ul>\n<p>Wie immer bei meinen Aktionen &#8211; s\u00e4mtliche Geb\u00fchren sind, im Gegensatz zu anderen Angeboten, bereits inkludiert. Versand erfolgt ausschlie\u00dflich aus Deutschland, es fallen keine Zoll- und Importgeb\u00fchren an. Ihr kauft keine Katze im Sack \ud83d\ude42<\/p>\n<p><strong>Ma\u00dfe der Statue:<\/strong><\/p>\n<ul>\n<li>Gr\u00f6\u00dfe: H:44cm W:21cm D:17cm<\/li>\n<li>Gewicht: TBA, gesch\u00e4tzt: ca. 10kg<\/li>\n<\/ul>\n<p>You are not prepared! \ud83d\ude42<\/p>","protected":false},"excerpt":{"rendered":"<p>Attack on Titan &#8211; Mikasa Ackerman | 1:6 Resin Statue | von LC Studio I do ship EU-wide, please contact me, should questions arise. Tolle Statue der Adoptivschwester von Eren J\u00e4ger Wunderbar verarbeitete und sehr detaillierte Mikasa Ackerman Statue aus Polystone &#8211; k\u00fcnstlichem Stein-Harz-Gemisch. Besonderheiten: A (Standard-Version) B (Deluxe-Version) : extra austauschbarer Kopf mit langen [&hellip;]<\/p>\n","protected":false},"featured_media":20369,"comment_status":"closed","ping_status":"closed","template":"","meta":[],"product_brand":[],"product_cat":[714,826,84],"product_tag":[612,656,659,666,708,1185,1188,1529,1008,709,1530,710,1531,713,850,795,1532,1193,379,381,665,380,382,547],"class_list":{"0":"post-20366","1":"product","2":"type-product","3":"status-publish","4":"has-post-thumbnail","6":"product_cat-attack-on-titan","7":"product_cat-lagernd-vor-ort","8":"product_cat-statuen-anime-comic-universum","9":"product_tag-anime","10":"product_tag-anime-collectibles","11":"product_tag-anime-figuren","12":"product_tag-anime-figuren-shop","13":"product_tag-anime-statuen-shop","14":"product_tag-aot-eren","15":"product_tag-aot-figurine","16":"product_tag-aot-mikasa-ackermann","17":"product_tag-aot-toys","18":"product_tag-attack-on-titan","19":"product_tag-attack-on-titan-ackermann","20":"product_tag-attack-on-titan-figure","21":"product_tag-attack-on-titan-mikasa","22":"product_tag-beast-titan","23":"product_tag-eren-jaeger","24":"product_tag-handsomecake","25":"product_tag-mikasa","26":"product_tag-mikasa-ackerman","27":"product_tag-statue-collectible","28":"product_tag-statue-collectibles","29":"product_tag-statuen-shop","30":"product_tag-statues-collectible","31":"product_tag-statues-collectibles","32":"product_tag-statues-collector","33":"pa_scale-1_to_6","35":"first","36":"instock","37":"taxable","38":"shipping-taxable","39":"product-type-variable"},"_links":{"self":[{"href":"https:\/\/store.handsomecake.com\/en\/wp-json\/wp\/v2\/product\/20366","targetHints":{"allow":["GET"]}}],"collection":[{"href":"https:\/\/store.handsomecake.com\/en\/wp-json\/wp\/v2\/product"}],"about":[{"href":"https:\/\/store.handsomecake.com\/en\/wp-json\/wp\/v2\/types\/product"}],"replies":[{"embeddable":true,"href":"https:\/\/store.handsomecake.com\/en\/wp-json\/wp\/v2\/comments?post=20366"}],"wp:featuredmedia":[{"embeddable":true,"href":"https:\/\/store.handsomecake.com\/en\/wp-json\/wp\/v2\/media\/20369"}],"wp:attachment":[{"href":"https:\/\/store.handsomecake.com\/en\/wp-json\/wp\/v2\/media?parent=20366"}],"wp:term":[{"taxonomy":"product_brand","embeddable":true,"href":"https:\/\/store.handsomecake.com\/en\/wp-json\/wp\/v2\/product_brand?post=20366"},{"taxonomy":"product_cat","embeddable":true,"href":"https:\/\/store.handsomecake.com\/en\/wp-json\/wp\/v2\/product_cat?post=20366"},{"taxonomy":"product_tag","embeddable":true,"href":"https:\/\/store.handsomecake.com\/en\/wp-json\/wp\/v2\/product_tag?post=20366"}],"curies":[{"name":"wp","href":"https:\/\/api.w.org\/{rel}","templated":true}]}}