{"id":2035,"date":"2021-01-13T18:29:37","date_gmt":"2021-01-13T18:29:37","guid":{"rendered":"https:\/\/store.handsomecake.com\/product\/diablo-3-demon-hunter-14-resin-statue-von-mayflies-studio\/"},"modified":"2024-06-12T14:40:15","modified_gmt":"2024-06-12T14:40:15","slug":"diablo-3-demon-hunter-14-resin-statue-von-mayflies-studio","status":"publish","type":"product","link":"https:\/\/store.handsomecake.com\/en\/product\/diablo-3-demon-hunter-14-resin-statue-von-mayflies-studio\/","title":{"rendered":"Diablo 3 &#8211; Demon Hunter | 1:4 Resin Statue | von Mayflies Studio"},"content":{"rendered":"<p>Diablo 3 &#8211; Demon Hunter &#8218; 1:4 Resin Statue &#8218; von Mayflies Studio<\/p>\n<p>Tolle Statue der gewieften Armbrustsch\u00fctzin aus Diablo 3<br \/>\nWunderbar verarbeitete und sehr detaillierte Demon Hunter (weiblich) aus Polystone &#8211; k\u00fcnstlichem Stein-Harz-Gemisch.<\/p>\n<p>Besonderheiten:<\/p>\n<ul>\n<li>keine<\/li>\n<\/ul>\n<p>Release-Status:<\/p>\n<ul>\n<li>In Stock<\/li>\n<\/ul>\n<p>Wie immer bei meinen Artikeln &#8211; s\u00e4mtliche Geb\u00fchren sind, im Gegensatz zu anderen Angeboten, bereits inkludiert. Versand erfolgt ausschlie\u00dflich aus Deutschland, es fallen keine Zoll- und Importgeb\u00fchren an. Ihr kauft keine Katze im Sack \ud83d\ude42<\/p>\n<p>Ma\u00dfe der Statue:<br \/>\nGr\u00f6\u00dfe: 22.8cm*33.6 cm*49.1cm\/37cm\uff08Nur K\u00f6rper, ohne Sockel)<br \/>\nGewicht: TBA, gesch\u00e4tzt: ca. 2.6 kg<\/p>\n<p>You are not prepared! \ud83d\ude42<\/p>","protected":false},"excerpt":{"rendered":"<p>Diablo 3 &#8211; Demon Hunter &#8218; 1:4 Resin Statue &#8218; von Mayflies Studio Tolle Statue der gewieften Armbrustsch\u00fctzin aus Diablo 3 Wunderbar verarbeitete und sehr detaillierte Demon Hunter (weiblich) aus Polystone &#8211; k\u00fcnstlichem Stein-Harz-Gemisch. Besonderheiten: keine Release-Status: Lagernd vor Ort Wie immer bei meinen Artikeln &#8211; s\u00e4mtliche Geb\u00fchren sind, im Gegensatz zu anderen Angeboten, bereits [&hellip;]<\/p>\n","protected":false},"featured_media":2036,"comment_status":"closed","ping_status":"closed","template":"","meta":[],"product_brand":[],"product_cat":[315,826,81,567],"product_tag":[571,573,575,578,580,579,572,576,577,147,251,383,584,317,570,318,583,585,582,553,569,581,574,154,136,137,554,379,381,552,547],"class_list":{"0":"post-2035","1":"product","2":"type-product","3":"status-publish","4":"has-post-thumbnail","6":"product_cat-diablo","7":"product_cat-lagernd-vor-ort","8":"product_cat-statuen-computerspieluniversum","9":"product_cat-in_stock_warehouse_china","10":"product_tag-blizzard","11":"product_tag-blizzard-collectibles","12":"product_tag-blizzard-figures","13":"product_tag-blizzard-games","14":"product_tag-blizzard-gaming","15":"product_tag-blizzard-gear","16":"product_tag-blizzard-statues","17":"product_tag-blizzard-toy","18":"product_tag-blizzard-toys","19":"product_tag-collectibles","20":"product_tag-collectibles-kaufen","21":"product_tag-collector","22":"product_tag-demon-hunter","23":"product_tag-diablo","24":"product_tag-diablo-3","25":"product_tag-diablo-collectibles","26":"product_tag-diablo-collection","27":"product_tag-diablo-demon-hunter","28":"product_tag-diablo-statue","29":"product_tag-figure-collector","30":"product_tag-malthael","31":"product_tag-malthael-cosplay","32":"product_tag-malthael-statue","33":"product_tag-resin-collectibles","34":"product_tag-resin-statuen","35":"product_tag-resin-statuen-kaufen","36":"product_tag-resin-statues","37":"product_tag-statue-collectible","38":"product_tag-statue-collectibles","39":"product_tag-statue-collector","40":"product_tag-statues-collector","41":"pa_brand-mayflies-studio","42":"pa_scale-1_to_4","44":"first","45":"instock","46":"taxable","47":"shipping-taxable","48":"product-type-simple"},"_links":{"self":[{"href":"https:\/\/store.handsomecake.com\/en\/wp-json\/wp\/v2\/product\/2035","targetHints":{"allow":["GET"]}}],"collection":[{"href":"https:\/\/store.handsomecake.com\/en\/wp-json\/wp\/v2\/product"}],"about":[{"href":"https:\/\/store.handsomecake.com\/en\/wp-json\/wp\/v2\/types\/product"}],"replies":[{"embeddable":true,"href":"https:\/\/store.handsomecake.com\/en\/wp-json\/wp\/v2\/comments?post=2035"}],"wp:featuredmedia":[{"embeddable":true,"href":"https:\/\/store.handsomecake.com\/en\/wp-json\/wp\/v2\/media\/2036"}],"wp:attachment":[{"href":"https:\/\/store.handsomecake.com\/en\/wp-json\/wp\/v2\/media?parent=2035"}],"wp:term":[{"taxonomy":"product_brand","embeddable":true,"href":"https:\/\/store.handsomecake.com\/en\/wp-json\/wp\/v2\/product_brand?post=2035"},{"taxonomy":"product_cat","embeddable":true,"href":"https:\/\/store.handsomecake.com\/en\/wp-json\/wp\/v2\/product_cat?post=2035"},{"taxonomy":"product_tag","embeddable":true,"href":"https:\/\/store.handsomecake.com\/en\/wp-json\/wp\/v2\/product_tag?post=2035"}],"curies":[{"name":"wp","href":"https:\/\/api.w.org\/{rel}","templated":true}]}}