{"id":20330,"date":"2023-03-14T08:29:10","date_gmt":"2023-03-14T08:29:10","guid":{"rendered":"https:\/\/store.handsomecake.com\/product\/my-hero-academia-izuku-midoriya-14-resin-statue-von-revenge-studio\/"},"modified":"2025-01-03T14:29:07","modified_gmt":"2025-01-03T14:29:07","slug":"my-hero-academia-izuku-midoriya-14-resin-statue-von-revenge-studio","status":"publish","type":"product","link":"https:\/\/store.handsomecake.com\/en\/product\/my-hero-academia-izuku-midoriya-14-resin-statue-von-revenge-studio\/","title":{"rendered":"My Hero Academia &#8211; Izuku Midoriya | 1:4 Resin Statue | von Revenge Studio"},"content":{"rendered":"<p><strong>My Hero Academia &#8211; Izuku Midoriya | 1:4 Resin Statue | von Revenge Studio<\/strong><\/p>\n<p>EU Taxfree! I do ship EU-wide, please contact me, should questions arise.<\/p>\n<p><em><span style=\"color: #ffffff;\"><span style=\"background-color: #2c3e50;\">&#8220; \u00a0\u00a0 \u00a0I Know I&#8217;m Hurt, But If I Can Still Move At All, I Can&#8217;t Stay still. \u00a0\u00a0 \u00a0&#8222;<\/span><\/span><\/em><\/p>\n<p>Tolle Statue von Deku<br \/>\nWunderbar verarbeitete und sehr detaillierte Statue von Midoriya aus Polystone &#8211; k\u00fcnstlichem Stein-Harz-Gemisch.<\/p>\n<p><strong>Besonderheiten:<\/strong><\/p>\n<ul>\n<li>mit LED<\/li>\n<li>2 austauschbare K\u00f6pfe + B\u00fcstenst\u00e4nder<\/li>\n<li>auch Gr\u00f6\u00dfe 1:6 verf\u00fcgbar<\/li>\n<\/ul>\n<p><strong>Release-Status:<\/strong><\/p>\n<ul>\n<li>Im Warenlager in China. Ab Bestellzeitpunkt in ca. 3-4 Monaten bei euch.<\/li>\n<\/ul>\n<p>Wie immer bei meinen Artikeln &#8211; s\u00e4mtliche Geb\u00fchren sind, im Gegensatz zu anderen Angeboten, bereits inkludiert. Versand erfolgt ausschlie\u00dflich aus Deutschland, es fallen keine Zoll- und Importgeb\u00fchren an. Ihr kauft keine Katze im Sack \ud83d\ude42<\/p>\n<p><strong>Ma\u00dfe der Statue:<\/strong><\/p>\n<ul>\n<li>Gr\u00f6\u00dfe (1:4) : ca. 56cm x 52.4 cm x 45.8cm<\/li>\n<li>Gr\u00f6\u00dfe (1:6) : ca.37.7cm x 34cm x 30.5cm<\/li>\n<li>Gewicht: TBA, ca. 11kg (gesch\u00e4tzt)<\/li>\n<\/ul>\n<p>You are not prepared! \ud83d\ude42<\/p>","protected":false},"excerpt":{"rendered":"<p>My Hero Academia &#8211; Izuku Midoriya | 1:4 Resin Statue | von Revenge Studio EU Taxfree! I do ship EU-wide, please contact me, should questions arise. &#8220; \u00a0\u00a0 \u00a0I Know I&#8217;m Hurt, But If I Can Still Move At All, I Can&#8217;t Stay still. \u00a0\u00a0 \u00a0&#8222; Tolle Statue von Deku Wunderbar verarbeitete und sehr detaillierte [&hellip;]<\/p>\n","protected":false},"featured_media":20334,"comment_status":"closed","ping_status":"closed","template":"","meta":[],"product_brand":[],"product_cat":[24,84,567],"product_tag":[612,659,666,658,147,251,383,2519,553,795,2518,2055,2056,2057,2058,2059,2060,154,136,554,379,381,552,547],"class_list":{"0":"post-20330","1":"product","2":"type-product","3":"status-publish","4":"has-post-thumbnail","6":"product_cat-action-figuren","7":"product_cat-statuen-anime-comic-universum","8":"product_cat-in_stock_warehouse_china","9":"product_tag-anime","10":"product_tag-anime-figuren","11":"product_tag-anime-figuren-shop","12":"product_tag-anime-toys","13":"product_tag-collectibles","14":"product_tag-collectibles-kaufen","15":"product_tag-collector","16":"product_tag-deku","17":"product_tag-figure-collector","18":"product_tag-handsomecake","19":"product_tag-midoriya-izuku","20":"product_tag-my-hero-academia","21":"product_tag-my-hero-academia-collectibles","22":"product_tag-my-hero-academia-resin","23":"product_tag-my-hero-academia-statue","24":"product_tag-my-hero-academia-statues","25":"product_tag-my-hero-academia-toys","26":"product_tag-resin-collectibles","27":"product_tag-resin-statuen","28":"product_tag-resin-statues","29":"product_tag-statue-collectible","30":"product_tag-statue-collectibles","31":"product_tag-statue-collector","32":"product_tag-statues-collector","33":"pa_brand-revenge-studio","35":"first","36":"onbackorder","37":"taxable","38":"shipping-taxable","39":"product-type-variable"},"_links":{"self":[{"href":"https:\/\/store.handsomecake.com\/en\/wp-json\/wp\/v2\/product\/20330","targetHints":{"allow":["GET"]}}],"collection":[{"href":"https:\/\/store.handsomecake.com\/en\/wp-json\/wp\/v2\/product"}],"about":[{"href":"https:\/\/store.handsomecake.com\/en\/wp-json\/wp\/v2\/types\/product"}],"replies":[{"embeddable":true,"href":"https:\/\/store.handsomecake.com\/en\/wp-json\/wp\/v2\/comments?post=20330"}],"wp:featuredmedia":[{"embeddable":true,"href":"https:\/\/store.handsomecake.com\/en\/wp-json\/wp\/v2\/media\/20334"}],"wp:attachment":[{"href":"https:\/\/store.handsomecake.com\/en\/wp-json\/wp\/v2\/media?parent=20330"}],"wp:term":[{"taxonomy":"product_brand","embeddable":true,"href":"https:\/\/store.handsomecake.com\/en\/wp-json\/wp\/v2\/product_brand?post=20330"},{"taxonomy":"product_cat","embeddable":true,"href":"https:\/\/store.handsomecake.com\/en\/wp-json\/wp\/v2\/product_cat?post=20330"},{"taxonomy":"product_tag","embeddable":true,"href":"https:\/\/store.handsomecake.com\/en\/wp-json\/wp\/v2\/product_tag?post=20330"}],"curies":[{"name":"wp","href":"https:\/\/api.w.org\/{rel}","templated":true}]}}