{"id":2007,"date":"2021-01-12T22:35:06","date_gmt":"2021-01-12T22:35:06","guid":{"rendered":"https:\/\/store.handsomecake.com\/product\/marvel-samurai-wolverine-14-resin-statue-von-mfa-collectibles\/"},"modified":"2024-06-12T14:40:10","modified_gmt":"2024-06-12T14:40:10","slug":"marvel-samurai-wolverine-14-resin-statue-von-mfa-collectibles","status":"publish","type":"product","link":"https:\/\/store.handsomecake.com\/en\/product\/marvel-samurai-wolverine-14-resin-statue-von-mfa-collectibles\/","title":{"rendered":"Marvel &#8211; Samurai Wolverine | 1:4 Resin Statue | von MFA Collectibles"},"content":{"rendered":"<p>Marvel &#8211; Samurai Wolverine &#8218; 1:4 Resin Statue &#8218; von MFA Collectibles<br \/>\nEU Taxfree! I do ship EU-wide, please contact me, should questions arise.<\/p>\n<p>Tolle Statue von unserem geliebten Superhelden<br \/>\nWunderbar verarbeitete und sehr detaillierte Wolverine Statue aus Polystone &#8211; k\u00fcnstlichem Stein-Harz-Gemisch.<\/p>\n<p>Besonderheiten:<\/p>\n<ul>\n<li>Nur noch 10 St\u00fcck weltweit verf\u00fcgbar (von insgesamt 60)<\/li>\n<li>4 austauschbare K\u00f6pfe<\/li>\n<li>2 austauschbare Krallen (aus Knochen und Metal)<\/li>\n<li>Halterung f\u00fcr K\u00f6pfe und Krallen<\/li>\n<li>Drachenaugen mit LED und Beleuchtung des Sockels<\/li>\n<\/ul>\n<p>Release-Status:<\/p>\n<ul>\n<li>Released. Statue wurde released und Mitte Januar wird der Versand gestartet. Wir erwarten sie bei uns im Lager gegen Anfang-Mitte M\u00e4rz 2021.<\/li>\n<\/ul>\n<p>Wie immer bei meinen Aktionen &#8211; s\u00e4mtliche Geb\u00fchren sind, im Gegensatz zu anderen Angeboten, bereits inkludiert. Versand erfolgt ausschlie\u00dflich aus Deutschland, es fallen keine Zoll- und Importgeb\u00fchren an. Ihr kauft keine Katze im Sack \ud83d\ude42<\/p>\n<p>Ma\u00dfe der Statue:<br \/>\nGr\u00f6\u00dfe: ca. H76cm x W63cm x D46cm<br \/>\nGewicht: TBA, gesch\u00e4tzt: ca. 24kg<\/p>\n<p>You are not prepared! \ud83d\ude42<\/p>","protected":false},"excerpt":{"rendered":"<p>Marvel &#8211; Samurai Wolverine &#8218; 1:4 Resin Statue &#8218; von MFA Collectibles EU Taxfree! I do ship EU-wide, please contact me, should questions arise. Tolle Statue von unserem geliebten Superhelden Wunderbar verarbeitete und sehr detaillierte Wolverine Statue aus Polystone &#8211; k\u00fcnstlichem Stein-Harz-Gemisch. Besonderheiten: Nur noch 10 St\u00fcck weltweit verf\u00fcgbar (von insgesamt 60) 4 austauschbare K\u00f6pfe [&hellip;]<\/p>\n","protected":false},"featured_media":2008,"comment_status":"closed","ping_status":"closed","template":"","meta":[],"product_brand":[],"product_cat":[269,568,84],"product_tag":[147,251,383,551,282,284,557,281,283,553,154,136,137,554,379,381,552,547,550,278,279,555,280,556,558,601,602,603,604,605],"class_list":{"0":"post-2007","1":"product","2":"type-product","3":"status-publish","4":"has-post-thumbnail","6":"product_cat-marvel","7":"product_cat-preorder","8":"product_cat-statuen-anime-comic-universum","9":"product_tag-collectibles","10":"product_tag-collectibles-kaufen","11":"product_tag-collector","12":"product_tag-dc","13":"product_tag-dc-collectibles","14":"product_tag-dc-collectibles-kaufen","15":"product_tag-dc-collector","16":"product_tag-dc-comics","17":"product_tag-dc-comics-collectibles","18":"product_tag-figure-collector","19":"product_tag-resin-collectibles","20":"product_tag-resin-statuen","21":"product_tag-resin-statuen-kaufen","22":"product_tag-resin-statues","23":"product_tag-statue-collectible","24":"product_tag-statue-collectibles","25":"product_tag-statue-collector","26":"product_tag-statues-collector","27":"product_tag-superman","28":"product_tag-superman-bust","29":"product_tag-superman-bueste","30":"product_tag-superman-collectible","31":"product_tag-superman-collectibles","32":"product_tag-superman-collector","33":"product_tag-superman-statue","34":"product_tag-wolverine","35":"product_tag-wolverine-collectible","36":"product_tag-wolverine-figure","37":"product_tag-wolverine-figurine","38":"product_tag-wolverine-statue","39":"pa_brand-mfa-collectibles","40":"pa_scale-1_to_4","42":"first","43":"outofstock","44":"taxable","45":"shipping-taxable","46":"product-type-simple"},"_links":{"self":[{"href":"https:\/\/store.handsomecake.com\/en\/wp-json\/wp\/v2\/product\/2007","targetHints":{"allow":["GET"]}}],"collection":[{"href":"https:\/\/store.handsomecake.com\/en\/wp-json\/wp\/v2\/product"}],"about":[{"href":"https:\/\/store.handsomecake.com\/en\/wp-json\/wp\/v2\/types\/product"}],"replies":[{"embeddable":true,"href":"https:\/\/store.handsomecake.com\/en\/wp-json\/wp\/v2\/comments?post=2007"}],"wp:featuredmedia":[{"embeddable":true,"href":"https:\/\/store.handsomecake.com\/en\/wp-json\/wp\/v2\/media\/2008"}],"wp:attachment":[{"href":"https:\/\/store.handsomecake.com\/en\/wp-json\/wp\/v2\/media?parent=2007"}],"wp:term":[{"taxonomy":"product_brand","embeddable":true,"href":"https:\/\/store.handsomecake.com\/en\/wp-json\/wp\/v2\/product_brand?post=2007"},{"taxonomy":"product_cat","embeddable":true,"href":"https:\/\/store.handsomecake.com\/en\/wp-json\/wp\/v2\/product_cat?post=2007"},{"taxonomy":"product_tag","embeddable":true,"href":"https:\/\/store.handsomecake.com\/en\/wp-json\/wp\/v2\/product_tag?post=2007"}],"curies":[{"name":"wp","href":"https:\/\/api.w.org\/{rel}","templated":true}]}}