{"id":20033,"date":"2023-03-03T20:38:20","date_gmt":"2023-03-03T20:38:20","guid":{"rendered":"https:\/\/store.handsomecake.com\/product\/overwatch-ashe-14-resin-statue-von-coolbear-studio\/"},"modified":"2024-06-12T15:42:09","modified_gmt":"2024-06-12T15:42:09","slug":"overwatch-ashe-14-resin-statue-von-coolbear-studio","status":"publish","type":"product","link":"https:\/\/store.handsomecake.com\/en\/product\/overwatch-ashe-14-resin-statue-von-coolbear-studio\/","title":{"rendered":"Overwatch &#8211; Ashe | 1:4 Resin Statue | von Coolbear Studio"},"content":{"rendered":"<p><strong>Overwatch &#8211; Ashe | 1:4 Resin Statue | von Coolbear Studio<\/strong><\/p>\n<p>EU Taxfree! I do ship EU-wide, please contact me, should questions arise.<\/p>\n<p><span style=\"color: #ffffff;\"><em><span style=\"background-color: #2c3e50;\">&#8222;They say you&#8217;re a good shot. Hope you don&#8217;t mind that I&#8217;m better.&#8220;<\/span><\/em><\/span><\/p>\n<p>Tolle Statue der r\u00fccksichtslosen Anf\u00fchrerin der Deadlock Gang<br \/>\nWunderbar verarbeitete und sehr detaillierte Statue von Ashe aus Polystone &#8211; k\u00fcnstlichem Stein-Harz-Gemisch.<\/p>\n<p><strong>Besonderheiten:<\/strong><\/p>\n<ul>\n<li>mit LED<\/li>\n<li>S Versionen mit Robot Bob (S+ Version mit nacktem K\u00f6rper und 2 austauschbaren K\u00f6pfen)<\/li>\n<li>A Versionen ohne Robot Bob (A+ Version mit nacktem K\u00f6rper 2 austauschbaren K\u00f6pfen)<\/li>\n<\/ul>\n<p><strong>Release-Status:<\/strong><\/p>\n<ul>\n<li>\u00a0\u00a0 Preorder. Voraussichtliches Release-Datum: Q4 2023. Wir erwarten die Statue bei uns im Lager Ende Februar 2024.<\/li>\n<\/ul>\n<p>Wie immer bei meinen Aktionen &#8211; s\u00e4mtliche Geb\u00fchren sind, im Gegensatz zu anderen Angeboten, bereits inkludiert. Versand erfolgt ausschlie\u00dflich aus Deutschland, es fallen keine Zoll- und Importgeb\u00fchren an. Ihr kauft keine Katze im Sack \ud83d\ude42<\/p>\n<p><strong>Ma\u00dfe der Statue:<\/strong><\/p>\n<ul>\n<li>Gr\u00f6\u00dfe A: H47 D31 W32cm<\/li>\n<li>Gr\u00f6\u00dfe S: H62 D47 W43cm<\/li>\n<li>Gewicht: TBA, gesch\u00e4tzt ca. 14 kg<\/li>\n<\/ul>\n<p>You are not prepared! \ud83d\ude42<\/p>","protected":false},"excerpt":{"rendered":"<p>Overwatch &#8211; Ashe | 1:4 Resin Statue | von Coolbear Studio EU Taxfree! I do ship EU-wide, please contact me, should questions arise. &#8222;They say you&#8217;re a good shot. Hope you don&#8217;t mind that I&#8217;m better.&#8220; Tolle Statue der r\u00fccksichtslosen Anf\u00fchrerin der Deadlock Gang Wunderbar verarbeitete und sehr detaillierte Statue von Ashe aus Polystone &#8211; [&hellip;]<\/p>\n","protected":false},"featured_media":20049,"comment_status":"closed","ping_status":"closed","template":"","meta":[],"product_brand":[],"product_cat":[24,524,568,82,81],"product_tag":[612,656,666,657,717,662,2476,2477,2478,147,383,795,541,2475,544,546,545,154,255,136,137,379,381,380,382,547],"class_list":{"0":"post-20033","1":"product","2":"type-product","3":"status-publish","4":"has-post-thumbnail","6":"product_cat-action-figuren","7":"product_cat-overwatch","8":"product_cat-preorder","9":"product_cat-resident-evil","10":"product_cat-statuen-computerspieluniversum","11":"product_tag-anime","12":"product_tag-anime-collectibles","13":"product_tag-anime-figuren-shop","14":"product_tag-anime-figures","15":"product_tag-anime-shop","16":"product_tag-anime-statue-shop","17":"product_tag-ashe","18":"product_tag-ashe-figure","19":"product_tag-ashe-statue","20":"product_tag-collectibles","21":"product_tag-collector","22":"product_tag-handsomecake","23":"product_tag-overwatch","24":"product_tag-overwatch-ashe","25":"product_tag-overwatch-collectibles","26":"product_tag-overwatch-figures","27":"product_tag-overwatch-resin","28":"product_tag-resin-collectibles","29":"product_tag-resin-collectibles-kaufen","30":"product_tag-resin-statuen","31":"product_tag-resin-statuen-kaufen","32":"product_tag-statue-collectible","33":"product_tag-statue-collectibles","34":"product_tag-statues-collectible","35":"product_tag-statues-collectibles","36":"product_tag-statues-collector","37":"pa_brand-coolbear-studio","38":"pa_scale-1_to_4","40":"first","41":"instock","42":"taxable","43":"shipping-taxable","44":"product-type-variable"},"_links":{"self":[{"href":"https:\/\/store.handsomecake.com\/en\/wp-json\/wp\/v2\/product\/20033","targetHints":{"allow":["GET"]}}],"collection":[{"href":"https:\/\/store.handsomecake.com\/en\/wp-json\/wp\/v2\/product"}],"about":[{"href":"https:\/\/store.handsomecake.com\/en\/wp-json\/wp\/v2\/types\/product"}],"replies":[{"embeddable":true,"href":"https:\/\/store.handsomecake.com\/en\/wp-json\/wp\/v2\/comments?post=20033"}],"wp:featuredmedia":[{"embeddable":true,"href":"https:\/\/store.handsomecake.com\/en\/wp-json\/wp\/v2\/media\/20049"}],"wp:attachment":[{"href":"https:\/\/store.handsomecake.com\/en\/wp-json\/wp\/v2\/media?parent=20033"}],"wp:term":[{"taxonomy":"product_brand","embeddable":true,"href":"https:\/\/store.handsomecake.com\/en\/wp-json\/wp\/v2\/product_brand?post=20033"},{"taxonomy":"product_cat","embeddable":true,"href":"https:\/\/store.handsomecake.com\/en\/wp-json\/wp\/v2\/product_cat?post=20033"},{"taxonomy":"product_tag","embeddable":true,"href":"https:\/\/store.handsomecake.com\/en\/wp-json\/wp\/v2\/product_tag?post=20033"}],"curies":[{"name":"wp","href":"https:\/\/api.w.org\/{rel}","templated":true}]}}