{"id":20006,"date":"2023-03-03T17:45:36","date_gmt":"2023-03-03T17:45:36","guid":{"rendered":"https:\/\/store.handsomecake.com\/product\/one-piece-monkey-d-luffy-16-resin-statue-von-monkey-d-studio-2\/"},"modified":"2024-06-12T15:41:43","modified_gmt":"2024-06-12T15:41:43","slug":"one-piece-monkey-d-luffy-16-resin-statue-von-monkey-d-studio-2","status":"publish","type":"product","link":"https:\/\/store.handsomecake.com\/en\/product\/one-piece-monkey-d-luffy-16-resin-statue-von-monkey-d-studio-2\/","title":{"rendered":"One Piece &#8211; Monkey D. Luffy | 1:6 Resin Statue | von Monkey D Studio"},"content":{"rendered":"<p><strong>One Piece &#8211; Monkey D. Luffy | 1:6 Resin Statue | von Monkey D Studio<\/strong><\/p>\n<p>I do ship EU-wide, please contact me, should questions arise.<\/p>\n<p><span style=\"color: #ffffff;\"><em><strong><span style=\"background-color: #2c3e50;\">&#8222;I don&#8217;t wanna conquer anything. It&#8217;s just that the person with the most freedom on the sea is the Pirate King.&#8220;<\/span><\/strong><\/em><\/span><\/p>\n<p>Tolle Statue des Anf\u00fchrers der Strohhutbande<br \/>\nWunderbar verarbeitete und sehr detaillierte Red Rock Luffy Statue aus Polystone &#8211; k\u00fcnstlichem Stein-Harz-Gemisch.<\/p>\n<p><strong>Besonderheiten:<\/strong><\/p>\n<ul>\n<li>weltweit 199 St\u00fcck<\/li>\n<\/ul>\n<p><strong>Release-Status:<\/strong><\/p>\n<ul>\n<li>Released. Statue in ca. 90 Tagen ab Bestellzeitpunkt bei Euch.<\/li>\n<\/ul>\n<p>Wie immer bei meinen Aktionen &#8211; s\u00e4mtliche Geb\u00fchren sind, im Gegensatz zu anderen Angeboten, bereits inkludiert. Versand erfolgt ausschlie\u00dflich aus Deutschland, es fallen keine Zoll- und Importgeb\u00fchren an. Ihr kauft keine Katze im Sack \ud83d\ude42<\/p>\n<p><strong>Ma\u00dfe der Statue:<\/strong><\/p>\n<ul>\n<li>Gr\u00f6\u00dfe ca. H69cm x D43cm x W47cm<\/li>\n<li>Gewicht: ca. 37.4kg<\/li>\n<\/ul>\n<p>You are not prepared! \ud83d\ude42<\/p>","protected":false},"excerpt":{"rendered":"<p>One Piece &#8211; Monkey D. Luffy | 1:6 Resin Statue | von Monkey D Studio I do ship EU-wide, please contact me, should questions arise. &#8222;I don&#8217;t wanna conquer anything. It&#8217;s just that the person with the most freedom on the sea is the Pirate King.&#8220; Tolle Statue des Anf\u00fchrers der Strohhutbande Wunderbar verarbeitete und [&hellip;]<\/p>\n","protected":false},"featured_media":20009,"comment_status":"closed","ping_status":"closed","template":"","meta":[],"product_brand":[],"product_cat":[24,89,84,567],"product_tag":[612,664,666,717,794,662,640,658,479,147,251,795,529,531,530,532,164,502,165,154,255,136,137,379,381,552,380],"class_list":{"0":"post-20006","1":"product","2":"type-product","3":"status-publish","4":"has-post-thumbnail","6":"product_cat-action-figuren","7":"product_cat-one-piece","8":"product_cat-statuen-anime-comic-universum","9":"product_cat-in_stock_warehouse_china","10":"product_tag-anime","11":"product_tag-anime-figuren-one-piece","12":"product_tag-anime-figuren-shop","13":"product_tag-anime-shop","14":"product_tag-anime-statue","15":"product_tag-anime-statue-shop","16":"product_tag-anime-statuen","17":"product_tag-anime-toys","18":"product_tag-collectible","19":"product_tag-collectibles","20":"product_tag-collectibles-kaufen","21":"product_tag-handsomecake","22":"product_tag-luffy","23":"product_tag-luffy-collectible","24":"product_tag-luffy-one-piece","25":"product_tag-luffy-statue","26":"product_tag-one-piece-collectibles","27":"product_tag-one-piece-resin","28":"product_tag-one-piece-statue","29":"product_tag-resin-collectibles","30":"product_tag-resin-collectibles-kaufen","31":"product_tag-resin-statuen","32":"product_tag-resin-statuen-kaufen","33":"product_tag-statue-collectible","34":"product_tag-statue-collectibles","35":"product_tag-statue-collector","36":"product_tag-statues-collectible","37":"pa_brand-monkey-d-studio","38":"pa_scale-1_to_6","40":"first","41":"outofstock","42":"taxable","43":"shipping-taxable","44":"product-type-simple"},"_links":{"self":[{"href":"https:\/\/store.handsomecake.com\/en\/wp-json\/wp\/v2\/product\/20006","targetHints":{"allow":["GET"]}}],"collection":[{"href":"https:\/\/store.handsomecake.com\/en\/wp-json\/wp\/v2\/product"}],"about":[{"href":"https:\/\/store.handsomecake.com\/en\/wp-json\/wp\/v2\/types\/product"}],"replies":[{"embeddable":true,"href":"https:\/\/store.handsomecake.com\/en\/wp-json\/wp\/v2\/comments?post=20006"}],"wp:featuredmedia":[{"embeddable":true,"href":"https:\/\/store.handsomecake.com\/en\/wp-json\/wp\/v2\/media\/20009"}],"wp:attachment":[{"href":"https:\/\/store.handsomecake.com\/en\/wp-json\/wp\/v2\/media?parent=20006"}],"wp:term":[{"taxonomy":"product_brand","embeddable":true,"href":"https:\/\/store.handsomecake.com\/en\/wp-json\/wp\/v2\/product_brand?post=20006"},{"taxonomy":"product_cat","embeddable":true,"href":"https:\/\/store.handsomecake.com\/en\/wp-json\/wp\/v2\/product_cat?post=20006"},{"taxonomy":"product_tag","embeddable":true,"href":"https:\/\/store.handsomecake.com\/en\/wp-json\/wp\/v2\/product_tag?post=20006"}],"curies":[{"name":"wp","href":"https:\/\/api.w.org\/{rel}","templated":true}]}}