{"id":19894,"date":"2023-03-01T16:11:51","date_gmt":"2023-03-01T16:11:51","guid":{"rendered":"https:\/\/store.handsomecake.com\/product\/bloodborne-lady-maria-of-the-astral-clocktower-14-resin-statue-von-corgiprogkit-x-dtalon-studio\/"},"modified":"2025-08-30T23:27:14","modified_gmt":"2025-08-30T23:27:14","slug":"bloodborne-lady-maria-of-the-astral-clocktower-14-resin-statue-von-corgiprogkit-x-dtalon-studio","status":"publish","type":"product","link":"https:\/\/store.handsomecake.com\/en\/product\/bloodborne-lady-maria-of-the-astral-clocktower-14-resin-statue-von-corgiprogkit-x-dtalon-studio\/","title":{"rendered":"Bloodborne &#8211; Lady Maria of the Astral Clocktower | 1:4 Resin Statue | von CorgiProGKit x Dtalon Studio"},"content":{"rendered":"<p><strong>Bloodborne &#8211; Lady Maria of the Astral Clocktower | 1:4 Resin Statue | von CorgiProGKit x Dtalon Studio<\/strong><\/p>\n<p>I do ship EU-wide, please contact me, should questions arise.<\/p>\n<p><span style=\"color: #ffffff;\"><em><span style=\"background-color: #2c3e50;\">&#8222;Only an honest death will cure you now.&#8220;<\/span><\/em><\/span><br \/>\n<span style=\"font-size: 12px;\"><em>\u00a0\u00a0\u00a0\u00a0\u00a0\u00a0\u00a0\u00a0\u00a0\u00a0\u00a0\u00a0\u00a0\u00a0\u00a0\u00a0\u00a0\u00a0\u00a0\u00a0\u00a0\u00a0\u00a0\u00a0\u00a0\u00a0\u00a0\u00a0\u00a0\u00a0\u00a0\u00a0 &#8211; Lady Maria of the Astral Clocktower<\/em><\/span><\/p>\n<p>Wunderbar verarbeitete und sehr detaillierte Statue von Boss Lady Maria aus Polystone &#8211; k\u00fcnstlichem Stein-Harz-Gemisch.<\/p>\n<p><strong>Besonderheiten:<\/strong><\/p>\n<ul>\n<li>weltweit 168 St\u00fcck<\/li>\n<\/ul>\n<p><strong>Release-Status:<\/strong><\/p>\n<ul>\n<li>Preorder. Statue wird sch\u00e4tzungsweise Q1 2024 fertiggestellt und wir erwarten sie bei uns im Lager gegen Ende Mai 2024.<\/li>\n<\/ul>\n<p>Wie immer bei meinen Aktionen &#8211; s\u00e4mtliche Geb\u00fchren sind, im Gegensatz zu anderen Angeboten, bereits inkludiert. Versand erfolgt ausschlie\u00dflich aus Deutschland, es fallen keine Zoll- und Importgeb\u00fchren an. Ihr kauft keine Katze im Sack \ud83d\ude42<\/p>\n<p><strong>Ma\u00dfe der Statue:<\/strong><\/p>\n<ul>\n<li>Gr\u00f6\u00dfe : ca. H:82cm W:45cm D:32cm<\/li>\n<li>Gewicht: TBA , ca. 16kg (gesch\u00e4tzt)<\/li>\n<\/ul>\n<p>You are not prepared! \ud83d\ude42<\/p>","protected":false},"excerpt":{"rendered":"<p>Bloodborne &#8211; Lady Maria of the Astral Clocktower | 1:4 Resin Statue | von CorgiProGKit x Dtalon Studio I do ship EU-wide, please contact me, should questions arise. &#8222;Only an honest death will cure you now.&#8220; \u00a0\u00a0\u00a0\u00a0\u00a0\u00a0\u00a0\u00a0\u00a0\u00a0\u00a0\u00a0\u00a0\u00a0\u00a0\u00a0\u00a0\u00a0\u00a0\u00a0\u00a0\u00a0\u00a0\u00a0\u00a0\u00a0\u00a0\u00a0\u00a0\u00a0\u00a0\u00a0 &#8211; Lady Maria of the Astral Clocktower Wunderbar verarbeitete und sehr detaillierte Statue von Boss Lady Maria aus [&hellip;]<\/p>\n","protected":false},"featured_media":19910,"comment_status":"closed","ping_status":"closed","template":"","meta":[],"product_brand":[],"product_cat":[24,568,81],"product_tag":[612,2400,666,717,794,662,640,658,2401,2402,2403,479,147,251,795,2465,2466,2467,154,255,136,137,379,381,552,380],"class_list":{"0":"post-19894","1":"product","2":"type-product","3":"status-publish","4":"has-post-thumbnail","6":"product_cat-action-figuren","7":"product_cat-preorder","8":"product_cat-statuen-computerspieluniversum","9":"product_tag-anime","10":"product_tag-anime-figuren-bloodborne","11":"product_tag-anime-figuren-shop","12":"product_tag-anime-shop","13":"product_tag-anime-statue","14":"product_tag-anime-statue-shop","15":"product_tag-anime-statuen","16":"product_tag-anime-toys","17":"product_tag-bloodborne-collectibles","18":"product_tag-bloodborne-resin","19":"product_tag-bloodborne-statue","20":"product_tag-collectible","21":"product_tag-collectibles","22":"product_tag-collectibles-kaufen","23":"product_tag-handsomecake","24":"product_tag-lady-maria","25":"product_tag-lady-maria-bloodborne","26":"product_tag-lady-maria-of-the-astral-clocktower","27":"product_tag-resin-collectibles","28":"product_tag-resin-collectibles-kaufen","29":"product_tag-resin-statuen","30":"product_tag-resin-statuen-kaufen","31":"product_tag-statue-collectible","32":"product_tag-statue-collectibles","33":"product_tag-statue-collector","34":"product_tag-statues-collectible","35":"pa_brand-corgiprogkit-x-dtalon-studio","36":"pa_scale-1_to_4","38":"first","39":"outofstock","40":"taxable","41":"shipping-taxable","42":"product-type-variable"},"_links":{"self":[{"href":"https:\/\/store.handsomecake.com\/en\/wp-json\/wp\/v2\/product\/19894","targetHints":{"allow":["GET"]}}],"collection":[{"href":"https:\/\/store.handsomecake.com\/en\/wp-json\/wp\/v2\/product"}],"about":[{"href":"https:\/\/store.handsomecake.com\/en\/wp-json\/wp\/v2\/types\/product"}],"replies":[{"embeddable":true,"href":"https:\/\/store.handsomecake.com\/en\/wp-json\/wp\/v2\/comments?post=19894"}],"wp:featuredmedia":[{"embeddable":true,"href":"https:\/\/store.handsomecake.com\/en\/wp-json\/wp\/v2\/media\/19910"}],"wp:attachment":[{"href":"https:\/\/store.handsomecake.com\/en\/wp-json\/wp\/v2\/media?parent=19894"}],"wp:term":[{"taxonomy":"product_brand","embeddable":true,"href":"https:\/\/store.handsomecake.com\/en\/wp-json\/wp\/v2\/product_brand?post=19894"},{"taxonomy":"product_cat","embeddable":true,"href":"https:\/\/store.handsomecake.com\/en\/wp-json\/wp\/v2\/product_cat?post=19894"},{"taxonomy":"product_tag","embeddable":true,"href":"https:\/\/store.handsomecake.com\/en\/wp-json\/wp\/v2\/product_tag?post=19894"}],"curies":[{"name":"wp","href":"https:\/\/api.w.org\/{rel}","templated":true}]}}