{"id":19812,"date":"2023-02-25T12:36:46","date_gmt":"2023-02-25T12:36:46","guid":{"rendered":"https:\/\/store.handsomecake.com\/product\/one-piece-marco-16-resin-statue-von-jimei-palace\/"},"modified":"2025-03-28T14:25:24","modified_gmt":"2025-03-28T14:25:24","slug":"one-piece-marco-16-resin-statue-von-jimei-palace","status":"publish","type":"product","link":"https:\/\/store.handsomecake.com\/en\/product\/one-piece-marco-16-resin-statue-von-jimei-palace\/","title":{"rendered":"One Piece &#8211; Marco | 1:6 Resin Statue | von Jimei Palace"},"content":{"rendered":"<p><strong>One Piece &#8211; Marco | 1:6 Resin Statue | von Jimei Palace<\/strong><\/p>\n<p>EU Taxfree! I do ship EU-wide, please contact me, should questions arise.<\/p>\n<p><span style=\"color: #ffffff;\"><strong><em><span style=\"background-color: #2c3e50;\">&#8222;Don&#8217;t expect to win if you&#8217;re going to make enemies of the Whitebeard Pirates.&#8220; <\/span><\/em><\/strong><\/span><\/p>\n<p>Tolle Statue des Schiffsarztes der Whitebeard Piratenbande<br \/>\nWunderbar verarbeitete und sehr detaillierte Statue von Marco aus Polystone &#8211; k\u00fcnstlichem Stein-Harz-Gemisch.<\/p>\n<p><strong>Besonderheiten:<\/strong><\/p>\n<ul>\n<li>mit LED<\/li>\n<li>2 austauschbare K\u00f6pfe<\/li>\n<li>ES: TBD<\/li>\n<\/ul>\n<p><strong>Release-Status:<\/strong><\/p>\n<ul>\n<li>Released. 1 Statue in Deutschland lagernd, 2 in China lagernd<\/li>\n<\/ul>\n<p>Wie immer bei meinen Artikeln &#8211; s\u00e4mtliche Geb\u00fchren sind, im Gegensatz zu anderen Angeboten, bereits inkludiert. Versand erfolgt ausschlie\u00dflich aus Deutschland, es fallen keine Zoll- und Importgeb\u00fchren an. Ihr kauft keine Katze im Sack \ud83d\ude42<\/p>\n<p><strong>Ma\u00dfe der Statue:<\/strong><\/p>\n<ul>\n<li>Gr\u00f6\u00dfe: ca. 49cm x 75cm x 53cm<\/li>\n<li>Gewicht: ca. 11kg<\/li>\n<\/ul>\n<p>You are not prepared! \ud83d\ude42<\/p>","protected":false},"excerpt":{"rendered":"<p>One Piece &#8211; Marco | 1:6 Resin Statue | von Jimei Palace EU Taxfree! I do ship EU-wide, please contact me, should questions arise. &#8222;Don&#8217;t expect to win if you&#8217;re going to make enemies of the Whitebeard Pirates.&#8220; Tolle Statue des Schiffsarztes der Whitebeard Piratenbande Wunderbar verarbeitete und sehr detaillierte Statue von Marco aus Polystone [&hellip;]<\/p>\n","protected":false},"featured_media":19822,"comment_status":"closed","ping_status":"closed","template":"","meta":[],"product_brand":[],"product_cat":[24,826,89,84,567],"product_tag":[612,664,666,717,794,662,640,658,479,147,251,795,1557,1558,1559,1560,164,502,165,154,255,136,137,379,381,552,380],"class_list":{"0":"post-19812","1":"product","2":"type-product","3":"status-publish","4":"has-post-thumbnail","6":"product_cat-action-figuren","7":"product_cat-lagernd-vor-ort","8":"product_cat-one-piece","9":"product_cat-statuen-anime-comic-universum","10":"product_cat-in_stock_warehouse_china","11":"product_tag-anime","12":"product_tag-anime-figuren-one-piece","13":"product_tag-anime-figuren-shop","14":"product_tag-anime-shop","15":"product_tag-anime-statue","16":"product_tag-anime-statue-shop","17":"product_tag-anime-statuen","18":"product_tag-anime-toys","19":"product_tag-collectible","20":"product_tag-collectibles","21":"product_tag-collectibles-kaufen","22":"product_tag-handsomecake","23":"product_tag-marco","24":"product_tag-marco-collectible","25":"product_tag-marco-one-piece","26":"product_tag-marco-statue","27":"product_tag-one-piece-collectibles","28":"product_tag-one-piece-resin","29":"product_tag-one-piece-statue","30":"product_tag-resin-collectibles","31":"product_tag-resin-collectibles-kaufen","32":"product_tag-resin-statuen","33":"product_tag-resin-statuen-kaufen","34":"product_tag-statue-collectible","35":"product_tag-statue-collectibles","36":"product_tag-statue-collector","37":"product_tag-statues-collectible","38":"pa_brand-jimei-palace","39":"pa_scale-1_to_6","41":"first","42":"instock","43":"sale","44":"taxable","45":"shipping-taxable","46":"product-type-simple"},"_links":{"self":[{"href":"https:\/\/store.handsomecake.com\/en\/wp-json\/wp\/v2\/product\/19812","targetHints":{"allow":["GET"]}}],"collection":[{"href":"https:\/\/store.handsomecake.com\/en\/wp-json\/wp\/v2\/product"}],"about":[{"href":"https:\/\/store.handsomecake.com\/en\/wp-json\/wp\/v2\/types\/product"}],"replies":[{"embeddable":true,"href":"https:\/\/store.handsomecake.com\/en\/wp-json\/wp\/v2\/comments?post=19812"}],"wp:featuredmedia":[{"embeddable":true,"href":"https:\/\/store.handsomecake.com\/en\/wp-json\/wp\/v2\/media\/19822"}],"wp:attachment":[{"href":"https:\/\/store.handsomecake.com\/en\/wp-json\/wp\/v2\/media?parent=19812"}],"wp:term":[{"taxonomy":"product_brand","embeddable":true,"href":"https:\/\/store.handsomecake.com\/en\/wp-json\/wp\/v2\/product_brand?post=19812"},{"taxonomy":"product_cat","embeddable":true,"href":"https:\/\/store.handsomecake.com\/en\/wp-json\/wp\/v2\/product_cat?post=19812"},{"taxonomy":"product_tag","embeddable":true,"href":"https:\/\/store.handsomecake.com\/en\/wp-json\/wp\/v2\/product_tag?post=19812"}],"curies":[{"name":"wp","href":"https:\/\/api.w.org\/{rel}","templated":true}]}}