{"id":19791,"date":"2023-02-25T12:13:55","date_gmt":"2023-02-25T12:13:55","guid":{"rendered":"https:\/\/store.handsomecake.com\/product\/chainsaw-man-power-14-resin-statue-von-r18-studio\/"},"modified":"2024-10-17T15:30:23","modified_gmt":"2024-10-17T15:30:23","slug":"chainsaw-man-power-14-resin-statue-von-r18-studio","status":"publish","type":"product","link":"https:\/\/store.handsomecake.com\/en\/product\/chainsaw-man-power-14-resin-statue-von-r18-studio\/","title":{"rendered":"Chainsaw Man &#8211; Power | 1:4 Resin Statue | von R18 Studio"},"content":{"rendered":"<p><strong>Chainsaw Man &#8211; Power | 1:4 Resin Statue | von R18 Studio<\/strong><\/p>\n<p>I do ship EU-wide, please contact me, should questions arise.<\/p>\n<p><span style=\"color: #ffffff;\"><strong><em><span style=\"background-color: #2c3e50;\">&#8222;Grovel, human! My name is Power!&#8220;<\/span><\/em><\/strong><\/span><\/p>\n<p>Tolle Statue von Blood Fiend.<br \/>\nWunderbar verarbeitete und sehr detaillierte Power Statue aus Polystone &#8211; k\u00fcnstlichem Stein-Harz-Gemisch.<\/p>\n<p><strong>Besonderheiten:<\/strong><\/p>\n<ul>\n<li>austauschbarer nackter K\u00f6rper<\/li>\n<li>nur 188 St\u00fcck weltweit<\/li>\n<\/ul>\n<p><strong>Release-Status:<\/strong><\/p>\n<ul>\n<li>Preorder. Statue wird voraussichtlich in Q1 2024 released und wir erwarten sie sch\u00e4tzungsweise Ende Mai 2024 bei uns im Warenlager.<\/li>\n<\/ul>\n<p>Wie immer bei meinen Aktionen &#8211; s\u00e4mtliche Geb\u00fchren sind, im Gegensatz zu anderen Angeboten, bereits inkludiert. Versand erfolgt ausschlie\u00dflich aus Deutschland, es fallen keine Zoll- und Importgeb\u00fchren an. Ihr kauft keine Katze im Sack \ud83d\ude42<\/p>\n<p><strong>Ma\u00dfe der Statue:<\/strong><\/p>\n<ul>\n<li>Gr\u00f6\u00dfe: ca. H57cm x L39cm x D33cm<\/li>\n<li>Gewicht: TBA, gesch\u00e4tzt: ca. 12kg<\/li>\n<\/ul>\n<p>You are not prepared! \ud83d\ude42<\/p>","protected":false},"excerpt":{"rendered":"<p>Chainsaw Man &#8211; Power | 1:4 Resin Statue | von R18 Studio I do ship EU-wide, please contact me, should questions arise. &#8222;Grovel, human! My name is Power!&#8220; Tolle Statue von Blood Fiend. Wunderbar verarbeitete und sehr detaillierte Power Statue aus Polystone &#8211; k\u00fcnstlichem Stein-Harz-Gemisch. Besonderheiten: austauschbarer nackter K\u00f6rper nur 188 St\u00fcck weltweit Release-Status: Preorder. [&hellip;]<\/p>\n","protected":false},"featured_media":19802,"comment_status":"closed","ping_status":"closed","template":"","meta":[],"product_brand":[],"product_cat":[24,568,84],"product_tag":[612,659,666,717,794,662,640,658,1643,479,147,251,795,2167,2168,2169,2170,154,255,136,137,379,381,552,380],"class_list":{"0":"post-19791","1":"product","2":"type-product","3":"status-publish","4":"has-post-thumbnail","6":"product_cat-action-figuren","7":"product_cat-preorder","8":"product_cat-statuen-anime-comic-universum","9":"product_tag-anime","10":"product_tag-anime-figuren","11":"product_tag-anime-figuren-shop","12":"product_tag-anime-shop","13":"product_tag-anime-statue","14":"product_tag-anime-statue-shop","15":"product_tag-anime-statuen","16":"product_tag-anime-toys","17":"product_tag-chainsaw-man","18":"product_tag-collectible","19":"product_tag-collectibles","20":"product_tag-collectibles-kaufen","21":"product_tag-handsomecake","22":"product_tag-power","23":"product_tag-power-chainsaw-man","24":"product_tag-power-collectible","25":"product_tag-power-statue","26":"product_tag-resin-collectibles","27":"product_tag-resin-collectibles-kaufen","28":"product_tag-resin-statuen","29":"product_tag-resin-statuen-kaufen","30":"product_tag-statue-collectible","31":"product_tag-statue-collectibles","32":"product_tag-statue-collector","33":"product_tag-statues-collectible","34":"pa_brand-r18-studio","35":"pa_scale-1_to_4","37":"first","38":"outofstock","39":"taxable","40":"shipping-taxable","41":"product-type-simple"},"_links":{"self":[{"href":"https:\/\/store.handsomecake.com\/en\/wp-json\/wp\/v2\/product\/19791","targetHints":{"allow":["GET"]}}],"collection":[{"href":"https:\/\/store.handsomecake.com\/en\/wp-json\/wp\/v2\/product"}],"about":[{"href":"https:\/\/store.handsomecake.com\/en\/wp-json\/wp\/v2\/types\/product"}],"replies":[{"embeddable":true,"href":"https:\/\/store.handsomecake.com\/en\/wp-json\/wp\/v2\/comments?post=19791"}],"wp:featuredmedia":[{"embeddable":true,"href":"https:\/\/store.handsomecake.com\/en\/wp-json\/wp\/v2\/media\/19802"}],"wp:attachment":[{"href":"https:\/\/store.handsomecake.com\/en\/wp-json\/wp\/v2\/media?parent=19791"}],"wp:term":[{"taxonomy":"product_brand","embeddable":true,"href":"https:\/\/store.handsomecake.com\/en\/wp-json\/wp\/v2\/product_brand?post=19791"},{"taxonomy":"product_cat","embeddable":true,"href":"https:\/\/store.handsomecake.com\/en\/wp-json\/wp\/v2\/product_cat?post=19791"},{"taxonomy":"product_tag","embeddable":true,"href":"https:\/\/store.handsomecake.com\/en\/wp-json\/wp\/v2\/product_tag?post=19791"}],"curies":[{"name":"wp","href":"https:\/\/api.w.org\/{rel}","templated":true}]}}