{"id":19704,"date":"2023-02-20T20:23:28","date_gmt":"2023-02-20T20:23:28","guid":{"rendered":"https:\/\/store.handsomecake.com\/product\/assassins-creed-r-i-p-altair-diorama-16-resin-statue-von-ubisoft-studio\/"},"modified":"2024-06-12T15:40:50","modified_gmt":"2024-06-12T15:40:50","slug":"assassins-creed-r-i-p-altair-diorama-16-resin-statue-von-ubisoft-studio","status":"publish","type":"product","link":"https:\/\/store.handsomecake.com\/en\/product\/assassins-creed-r-i-p-altair-diorama-16-resin-statue-von-ubisoft-studio\/","title":{"rendered":"Assassin\u2019s Creed &#8211; R.I.P. Altair Diorama | 1:6 Resin Statue | von Ubisoft Studio"},"content":{"rendered":"<p><strong>Assassin\u2019s Creed &#8211; R.I.P. Altair Diorama | 1:6 Resin Statue | von Ubisoft Studio<\/strong><\/p>\n<p>EU Taxfree! I do ship EU-wide, please contact me, should questions arise.<\/p>\n<p>Tolle Statue von Assassin&#8217;s Creed R.I.P. Altair Diorama<br \/>\nWunderbar verarbeitete und sehr detaillierte Assassin&#8217;s Creed Statue aus Polystone &#8211; k\u00fcnstlichem Stein-Harz-Gemisch.<\/p>\n<p><strong>Besonderheiten:<\/strong><\/p>\n<ul>\n<li>weltweit 1250 St\u00fcck<\/li>\n<li>mit LED<\/li>\n<\/ul>\n<p><strong>Release-Status:<\/strong><\/p>\n<ul>\n<li>Preorder. Statue wird voraussichtlich am Ende Q3 2024 erscheinen und wir erwarten sie voraussichtlich Ende November 2024 im Warenlager.<\/li>\n<\/ul>\n<p>Wie immer bei meinen Artikeln &#8211; s\u00e4mtliche Geb\u00fchren sind, im Gegensatz zu anderen Angeboten, bereits inkludiert. Versand erfolgt ausschlie\u00dflich aus Deutschland, es fallen keine Zoll- und Importgeb\u00fchren an. Ihr kauft keine Katze im Sack \ud83d\ude42<\/p>\n<p><strong>Ma\u00dfe der Statue:<\/strong><\/p>\n<ul>\n<li>Gr\u00f6\u00dfe: ca. 37cm x 33cm x 30cm<\/li>\n<li>Gewicht: ca. 9kg (gesch\u00e4tzt)<\/li>\n<\/ul>\n<p>You are not prepared! \ud83d\ude42<\/p>","protected":false},"excerpt":{"rendered":"<p>Assassin\u2019s Creed &#8211; R.I.P. Altair Diorama | 1:6 Resin Statue | von Ubisoft Studio EU Taxfree! I do ship EU-wide, please contact me, should questions arise. Tolle Statue von Assassin&#8217;s Creed R.I.P. Altair Diorama Wunderbar verarbeitete und sehr detaillierte Assassin&#8217;s Creed Statue aus Polystone &#8211; k\u00fcnstlichem Stein-Harz-Gemisch. Besonderheiten: weltweit 1250 St\u00fcck mit LED Release-Status: Preorder. [&hellip;]<\/p>\n","protected":false},"featured_media":19712,"comment_status":"closed","ping_status":"closed","template":"","meta":[],"product_brand":[],"product_cat":[24,568,81],"product_tag":[2460,656,666,657,717,662,2459,2461,2462,147,383,2458,795,2455,136,137,379,381,380,382,547],"class_list":{"0":"post-19704","1":"product","2":"type-product","3":"status-publish","4":"has-post-thumbnail","6":"product_cat-action-figuren","7":"product_cat-preorder","8":"product_cat-statuen-computerspieluniversum","9":"product_tag-altair","10":"product_tag-anime-collectibles","11":"product_tag-anime-figuren-shop","12":"product_tag-anime-figures","13":"product_tag-anime-shop","14":"product_tag-anime-statue-shop","15":"product_tag-assassins-creed","16":"product_tag-assassins-creed-collectibles-kaufen","17":"product_tag-assassins-creed-statues","18":"product_tag-collectibles","19":"product_tag-collector","20":"product_tag-games","21":"product_tag-handsomecake","22":"product_tag-resin-statue","23":"product_tag-resin-statuen","24":"product_tag-resin-statuen-kaufen","25":"product_tag-statue-collectible","26":"product_tag-statue-collectibles","27":"product_tag-statues-collectible","28":"product_tag-statues-collectibles","29":"product_tag-statues-collector","30":"pa_brand-ubisoft-studio","31":"pa_scale-1_to_6","33":"first","34":"instock","35":"taxable","36":"shipping-taxable","37":"product-type-variable"},"_links":{"self":[{"href":"https:\/\/store.handsomecake.com\/en\/wp-json\/wp\/v2\/product\/19704","targetHints":{"allow":["GET"]}}],"collection":[{"href":"https:\/\/store.handsomecake.com\/en\/wp-json\/wp\/v2\/product"}],"about":[{"href":"https:\/\/store.handsomecake.com\/en\/wp-json\/wp\/v2\/types\/product"}],"replies":[{"embeddable":true,"href":"https:\/\/store.handsomecake.com\/en\/wp-json\/wp\/v2\/comments?post=19704"}],"wp:featuredmedia":[{"embeddable":true,"href":"https:\/\/store.handsomecake.com\/en\/wp-json\/wp\/v2\/media\/19712"}],"wp:attachment":[{"href":"https:\/\/store.handsomecake.com\/en\/wp-json\/wp\/v2\/media?parent=19704"}],"wp:term":[{"taxonomy":"product_brand","embeddable":true,"href":"https:\/\/store.handsomecake.com\/en\/wp-json\/wp\/v2\/product_brand?post=19704"},{"taxonomy":"product_cat","embeddable":true,"href":"https:\/\/store.handsomecake.com\/en\/wp-json\/wp\/v2\/product_cat?post=19704"},{"taxonomy":"product_tag","embeddable":true,"href":"https:\/\/store.handsomecake.com\/en\/wp-json\/wp\/v2\/product_tag?post=19704"}],"curies":[{"name":"wp","href":"https:\/\/api.w.org\/{rel}","templated":true}]}}