{"id":19556,"date":"2023-02-11T01:18:17","date_gmt":"2023-02-11T01:18:17","guid":{"rendered":"https:\/\/store.handsomecake.com\/product\/dragon-ball-broly-14-resin-statue-von-great-tour-studio\/"},"modified":"2024-06-12T15:40:08","modified_gmt":"2024-06-12T15:40:08","slug":"dragon-ball-broly-14-resin-statue-von-great-tour-studio","status":"publish","type":"product","link":"https:\/\/store.handsomecake.com\/en\/product\/dragon-ball-broly-14-resin-statue-von-great-tour-studio\/","title":{"rendered":"Dragon Ball &#8211; Broly | 1:4 Resin Statue | von Great Tour Studio"},"content":{"rendered":"<p><strong>Dragon Ball &#8211; Broly | 1:4 Resin Statue | von Great Tour Studio<\/strong><\/p>\n<p>EU Taxfree! I do ship EU-wide, please contact me, should questions arise.<\/p>\n<p><strong><span style=\"color: #ffffff;\"><em><span style=\"background-color: #2c3e50;\">&#8222;If you&#8217;d just let me kill you all before, you wouldn&#8217;t be dealing with this pain now. You&#8217;re all complete and utter wastes of Saiyan blood!&#8220;<\/span><\/em><\/span><\/strong><\/p>\n<p>Tolle Statue des b\u00f6sartigen Super Saiyajin<br \/>\nWunderbar verarbeitete und sehr detaillierte Statue von Broly aus Polystone &#8211; k\u00fcnstlichem Stein-Harz-Gemisch.<br \/>\n<strong>Besonderheiten:<\/strong><\/p>\n<ul>\n<li>auch 1:6 Version verf\u00fcgbar<\/li>\n<li>mit LED<\/li>\n<li>2 austauschbare K\u00f6pfe<\/li>\n<\/ul>\n<p><strong>Release-Status:<\/strong><\/p>\n<ul>\n<li>Pre order. Release ca. Q4 2023 erwartet, bei uns im Lager voraussichtlich Ende Februar 2024.<\/li>\n<\/ul>\n<p>Wie immer bei meinen Artikeln &#8211; s\u00e4mtliche Geb\u00fchren sind, im Gegensatz zu anderen Angeboten, bereits inkludiert. Versand erfolgt ausschlie\u00dflich aus Deutschland, es fallen keine Zoll- und Importgeb\u00fchren an. Ihr kauft keine Katze im Sack \ud83d\ude42<br \/>\n<strong>Ma\u00dfe der Statue:<\/strong><\/p>\n<ul>\n<li>Gr\u00f6\u00dfe (1:4) : H85cm x W60cm x D60cm<\/li>\n<li>Gr\u00f6\u00dfe (1:6) : H60cm x W43cm x D43cm<\/li>\n<li>Gewicht: TBA, gesch\u00e4tzt 18kg<\/li>\n<\/ul>\n<p>You are not prepared! \ud83d\ude42<\/p>","protected":false},"excerpt":{"rendered":"<p>Dragon Ball &#8211; Broly | 1:4 Resin Statue | von Great Tour Studio EU Taxfree! I do ship EU-wide, please contact me, should questions arise. &#8222;If you&#8217;d just let me kill you all before, you wouldn&#8217;t be dealing with this pain now. You&#8217;re all complete and utter wastes of Saiyan blood!&#8220; Tolle Statue des b\u00f6sartigen [&hellip;]<\/p>\n","protected":false},"featured_media":19557,"comment_status":"closed","ping_status":"closed","template":"","meta":[],"product_brand":[],"product_cat":[24,87,568,84],"product_tag":[612,664,666,794,662,640,658,688,685,687,686,147,251,682,683,190,191,97,795,154,136,137,379,381,665,380,382,718],"class_list":{"0":"post-19556","1":"product","2":"type-product","3":"status-publish","4":"has-post-thumbnail","6":"product_cat-action-figuren","7":"product_cat-dragon-ball","8":"product_cat-preorder","9":"product_cat-statuen-anime-comic-universum","10":"product_tag-anime","11":"product_tag-anime-figuren-one-piece","12":"product_tag-anime-figuren-shop","13":"product_tag-anime-statue","14":"product_tag-anime-statue-shop","15":"product_tag-anime-statuen","16":"product_tag-anime-toys","17":"product_tag-broly","18":"product_tag-broly-collectible","19":"product_tag-broly-figure","20":"product_tag-broly-statue","21":"product_tag-collectibles","22":"product_tag-collectibles-kaufen","23":"product_tag-dragon-ball-broly","24":"product_tag-dragon-ball-broly-collectible","25":"product_tag-dragon-ball-collectibles","26":"product_tag-dragon-ball-resin","27":"product_tag-dragon-ball-statue","28":"product_tag-handsomecake","29":"product_tag-resin-collectibles","30":"product_tag-resin-statuen","31":"product_tag-resin-statuen-kaufen","32":"product_tag-statue-collectible","33":"product_tag-statue-collectibles","34":"product_tag-statuen-shop","35":"product_tag-statues-collectible","36":"product_tag-statues-collectibles","37":"product_tag-toys","38":"pa_brand-great-tour-studio","39":"pa_scale-1_to_4","40":"pa_scale-1_to_6","42":"first","43":"instock","44":"taxable","45":"shipping-taxable","46":"product-type-variable"},"_links":{"self":[{"href":"https:\/\/store.handsomecake.com\/en\/wp-json\/wp\/v2\/product\/19556","targetHints":{"allow":["GET"]}}],"collection":[{"href":"https:\/\/store.handsomecake.com\/en\/wp-json\/wp\/v2\/product"}],"about":[{"href":"https:\/\/store.handsomecake.com\/en\/wp-json\/wp\/v2\/types\/product"}],"replies":[{"embeddable":true,"href":"https:\/\/store.handsomecake.com\/en\/wp-json\/wp\/v2\/comments?post=19556"}],"wp:featuredmedia":[{"embeddable":true,"href":"https:\/\/store.handsomecake.com\/en\/wp-json\/wp\/v2\/media\/19557"}],"wp:attachment":[{"href":"https:\/\/store.handsomecake.com\/en\/wp-json\/wp\/v2\/media?parent=19556"}],"wp:term":[{"taxonomy":"product_brand","embeddable":true,"href":"https:\/\/store.handsomecake.com\/en\/wp-json\/wp\/v2\/product_brand?post=19556"},{"taxonomy":"product_cat","embeddable":true,"href":"https:\/\/store.handsomecake.com\/en\/wp-json\/wp\/v2\/product_cat?post=19556"},{"taxonomy":"product_tag","embeddable":true,"href":"https:\/\/store.handsomecake.com\/en\/wp-json\/wp\/v2\/product_tag?post=19556"}],"curies":[{"name":"wp","href":"https:\/\/api.w.org\/{rel}","templated":true}]}}