{"id":19538,"date":"2023-02-09T03:32:52","date_gmt":"2023-02-09T03:32:52","guid":{"rendered":"https:\/\/store.handsomecake.com\/product\/demon-slayer-kocho-shinobu-16-resin-statue-von-sds-studio\/"},"modified":"2024-06-12T15:39:51","modified_gmt":"2024-06-12T15:39:51","slug":"demon-slayer-kocho-shinobu-16-resin-statue-von-sds-studio","status":"publish","type":"product","link":"https:\/\/store.handsomecake.com\/en\/product\/demon-slayer-kocho-shinobu-16-resin-statue-von-sds-studio\/","title":{"rendered":"Demon Slayer &#8211; Koch\u014d Shinobu | 1:6 Resin Statue | von SDS Studio"},"content":{"rendered":"<p><strong>Demon Slayer &#8211; Koch\u014d Shinobu | 1:6 Resin Statue | von SDS Studio<\/strong><\/p>\n<p>I do ship EU-wide, please contact me, should questions arise.<\/p>\n<p><span style=\"color: #ffffff;\"><em><strong><span style=\"font-size: 14px;\"><span style=\"background-color: #2c3e50;\">&#8220; I once believed that the road of happiness continued forever and ever into the distance. When it was destroyed, I realized for the first time that it lies upon a thin sheet of glass. &#8222;<\/span><\/span><\/strong><\/em><\/span><\/p>\n<p>Tolle Statue von m\u00e4chtiger Schwertk\u00e4mpferin und S\u00e4ule der Demon Slayer-Truppe<br \/>\nWunderbar verarbeitete und sehr detaillierte Insektens\u00e4ule Statue aus Polystone &#8211; k\u00fcnstlichem Stein-Harz-Gemisch.<\/p>\n<p><strong>Besonderheiten:<\/strong><\/p>\n<ul>\n<li>mit LED<\/li>\n<li>2 austauschbare K\u00f6pfe<\/li>\n<\/ul>\n<p><strong>Release-Status:<\/strong><\/p>\n<ul>\n<li>In Stock<\/li>\n<\/ul>\n<p>Wie immer bei meinen Aktionen &#8211; s\u00e4mtliche Geb\u00fchren sind, im Gegensatz zu anderen Angeboten, bereits inkludiert. Versand erfolgt ausschlie\u00dflich aus Deutschland, es fallen keine Zoll- und Importgeb\u00fchren an. Ihr kauft keine Katze im Sack \ud83d\ude42<\/p>\n<p><strong>Ma\u00dfe der Statue:<\/strong><\/p>\n<ul>\n<li>Gr\u00f6\u00dfe: ca. H47 x W27 x L28cm<\/li>\n<li>Gewicht: ca. 10 kg<\/li>\n<\/ul>\n<p>You are not prepared! \ud83d\ude42<\/p>","protected":false},"excerpt":{"rendered":"<p>Demon Slayer &#8211; Koch\u014d Shinobu | 1:6 Resin Statue | von SDS Studio I do ship EU-wide, please contact me, should questions arise. &#8220; I once believed that the road of happiness continued forever and ever into the distance. When it was destroyed, I realized for the first time that it lies upon a thin [&hellip;]<\/p>\n","protected":false},"featured_media":19539,"comment_status":"closed","ping_status":"closed","template":"","meta":[],"product_brand":[],"product_cat":[24,826,84],"product_tag":[],"class_list":{"0":"post-19538","1":"product","2":"type-product","3":"status-publish","4":"has-post-thumbnail","6":"product_cat-action-figuren","7":"product_cat-lagernd-vor-ort","8":"product_cat-statuen-anime-comic-universum","9":"pa_brand-sds-studio","10":"pa_scale-1_to_6","12":"first","13":"outofstock","14":"taxable","15":"shipping-taxable","16":"product-type-simple"},"_links":{"self":[{"href":"https:\/\/store.handsomecake.com\/en\/wp-json\/wp\/v2\/product\/19538","targetHints":{"allow":["GET"]}}],"collection":[{"href":"https:\/\/store.handsomecake.com\/en\/wp-json\/wp\/v2\/product"}],"about":[{"href":"https:\/\/store.handsomecake.com\/en\/wp-json\/wp\/v2\/types\/product"}],"replies":[{"embeddable":true,"href":"https:\/\/store.handsomecake.com\/en\/wp-json\/wp\/v2\/comments?post=19538"}],"wp:featuredmedia":[{"embeddable":true,"href":"https:\/\/store.handsomecake.com\/en\/wp-json\/wp\/v2\/media\/19539"}],"wp:attachment":[{"href":"https:\/\/store.handsomecake.com\/en\/wp-json\/wp\/v2\/media?parent=19538"}],"wp:term":[{"taxonomy":"product_brand","embeddable":true,"href":"https:\/\/store.handsomecake.com\/en\/wp-json\/wp\/v2\/product_brand?post=19538"},{"taxonomy":"product_cat","embeddable":true,"href":"https:\/\/store.handsomecake.com\/en\/wp-json\/wp\/v2\/product_cat?post=19538"},{"taxonomy":"product_tag","embeddable":true,"href":"https:\/\/store.handsomecake.com\/en\/wp-json\/wp\/v2\/product_tag?post=19538"}],"curies":[{"name":"wp","href":"https:\/\/api.w.org\/{rel}","templated":true}]}}