{"id":19499,"date":"2023-02-09T03:26:26","date_gmt":"2023-02-09T03:26:26","guid":{"rendered":"https:\/\/store.handsomecake.com\/product\/one-piece-donquixote-doflamingo-16-resin-statue-von-p-o-p-maximum\/"},"modified":"2026-04-17T12:14:44","modified_gmt":"2026-04-17T12:14:44","slug":"one-piece-donquixote-doflamingo-16-resin-statue-von-p-o-p-maximum","status":"publish","type":"product","link":"https:\/\/store.handsomecake.com\/en\/product\/one-piece-donquixote-doflamingo-16-resin-statue-von-p-o-p-maximum\/","title":{"rendered":"One Piece &#8211; Donquixote Doflamingo | 1:6 Resin Statue | von P.O.P MAXIMUM"},"content":{"rendered":"<p><strong>One Piece &#8211; Donquixote Doflamingo | 1:6 Resin Statue | von P.O.P MAXIMUM<\/strong><\/p>\n<p>I do ship EU-wide, please contact me, should questions arise.<\/p>\n<p>Tolle Statue von dem Mitglied der \u014cka Shichibukai<br \/>\nWunderbar verarbeitete und sehr detaillierte Doflamingo Statue aus Polystone &#8211; k\u00fcnstlichem Stein-Harz-Gemisch.<\/p>\n<p><strong>Besonderheiten:<\/strong><\/p>\n<ul>\n<li>keine<\/li>\n<\/ul>\n<p><strong>Release-Status:<\/strong><\/p>\n<ul>\n<li>In Stock<\/li>\n<\/ul>\n<p>Wie immer bei meinen Aktionen &#8211; s\u00e4mtliche Geb\u00fchren sind, im Gegensatz zu anderen Angeboten, bereits inkludiert. Versand erfolgt ausschlie\u00dflich aus Deutschland, es fallen keine Zoll- und Importgeb\u00fchren an. Ihr kauft keine Katze im Sack \ud83d\ude42<\/p>\n<p><strong>Ma\u00dfe der Statue:<\/strong><\/p>\n<ul>\n<li>Gr\u00f6\u00dfe: ca. H34.5cm x cm x cm<\/li>\n<li>Gewicht: ca. 5kg<\/li>\n<\/ul>\n<p>You are not prepared! \ud83d\ude42<\/p>","protected":false},"excerpt":{"rendered":"<p>One Piece &#8211; Donquixote Doflamingo | 1:6 Resin Statue | von P.O.P MAXIMUM I do ship EU-wide, please contact me, should questions arise. Tolle Statue von dem Mitglied der \u014cka Shichibukai Wunderbar verarbeitete und sehr detaillierte Doflamingo Statue aus Polystone &#8211; k\u00fcnstlichem Stein-Harz-Gemisch. Besonderheiten: keine Release-Status: Lagernd vor Ort Wie immer bei meinen Aktionen &#8211; [&hellip;]<\/p>\n","protected":false},"featured_media":19500,"comment_status":"closed","ping_status":"closed","template":"","meta":[],"product_brand":[],"product_cat":[24,826,89,84],"product_tag":[],"class_list":{"0":"post-19499","1":"product","2":"type-product","3":"status-publish","4":"has-post-thumbnail","6":"product_cat-action-figuren","7":"product_cat-lagernd-vor-ort","8":"product_cat-one-piece","9":"product_cat-statuen-anime-comic-universum","10":"pa_brand-p-o-p-maximum","11":"pa_scale-1_to_6","13":"first","14":"instock","15":"taxable","16":"shipping-taxable","17":"product-type-simple"},"_links":{"self":[{"href":"https:\/\/store.handsomecake.com\/en\/wp-json\/wp\/v2\/product\/19499","targetHints":{"allow":["GET"]}}],"collection":[{"href":"https:\/\/store.handsomecake.com\/en\/wp-json\/wp\/v2\/product"}],"about":[{"href":"https:\/\/store.handsomecake.com\/en\/wp-json\/wp\/v2\/types\/product"}],"replies":[{"embeddable":true,"href":"https:\/\/store.handsomecake.com\/en\/wp-json\/wp\/v2\/comments?post=19499"}],"wp:featuredmedia":[{"embeddable":true,"href":"https:\/\/store.handsomecake.com\/en\/wp-json\/wp\/v2\/media\/19500"}],"wp:attachment":[{"href":"https:\/\/store.handsomecake.com\/en\/wp-json\/wp\/v2\/media?parent=19499"}],"wp:term":[{"taxonomy":"product_brand","embeddable":true,"href":"https:\/\/store.handsomecake.com\/en\/wp-json\/wp\/v2\/product_brand?post=19499"},{"taxonomy":"product_cat","embeddable":true,"href":"https:\/\/store.handsomecake.com\/en\/wp-json\/wp\/v2\/product_cat?post=19499"},{"taxonomy":"product_tag","embeddable":true,"href":"https:\/\/store.handsomecake.com\/en\/wp-json\/wp\/v2\/product_tag?post=19499"}],"curies":[{"name":"wp","href":"https:\/\/api.w.org\/{rel}","templated":true}]}}