{"id":19486,"date":"2023-02-09T03:24:16","date_gmt":"2023-02-09T03:24:16","guid":{"rendered":"https:\/\/store.handsomecake.com\/product\/one-piece-young-kaido-16-resin-statue-von-jacksdo\/"},"modified":"2024-06-12T15:40:01","modified_gmt":"2024-06-12T15:40:01","slug":"one-piece-young-kaido-16-resin-statue-von-jacksdo","status":"publish","type":"product","link":"https:\/\/store.handsomecake.com\/en\/product\/one-piece-young-kaido-16-resin-statue-von-jacksdo\/","title":{"rendered":"One Piece &#8211; Young Kaido | 1:6 Resin Statue | von JacksDo"},"content":{"rendered":"<p><strong>One Piece &#8211; Young Kaido | 1:6 Resin Statue | von JacksDo<\/strong><\/p>\n<p>I do ship EU-wide, please contact me, should questions arise.<\/p>\n<p>Tolle Statue des Generals der Beasts Pirates<br \/>\nWunderbar verarbeitete und sehr detaillierte Young Kaido aus Polystone &#8211; k\u00fcnstlichem Stein-Harz-Gemisch.<\/p>\n<p><strong>Besonderheiten:<\/strong><\/p>\n<ul>\n<li>2 Kopfvarianten<\/li>\n<\/ul>\n<p><strong>Release-Status:<\/strong><\/p>\n<ul>\n<li>In Stock<\/li>\n<\/ul>\n<p>Wie immer bei meinen Aktionen &#8211; s\u00e4mtliche Geb\u00fchren sind, im Gegensatz zu anderen Angeboten, bereits inkludiert. Versand erfolgt ausschlie\u00dflich aus Deutschland, es fallen keine Zoll- und Importgeb\u00fchren an. Ihr kauft keine Katze im Sack \ud83d\ude42<\/p>\n<p><strong>Ma\u00dfe der Statue:<\/strong><\/p>\n<ul>\n<li>Gr\u00f6\u00dfe (1\/6): ca. H55cm x W47cm x D45cm<\/li>\n<li>Gewicht: gesch\u00e4tzt: ca. 20kg<\/li>\n<\/ul>\n<p>You are not prepared! \ud83d\ude42<\/p>","protected":false},"excerpt":{"rendered":"<p>One Piece &#8211; Young Kaido | 1:6 Resin Statue | von JacksDo I do ship EU-wide, please contact me, should questions arise. Tolle Statue des Generals der Beasts Pirates Wunderbar verarbeitete und sehr detaillierte Young Kaido aus Polystone &#8211; k\u00fcnstlichem Stein-Harz-Gemisch. Besonderheiten: 2 Kopfvarianten Release-Status: Lagernd vor Ort Wie immer bei meinen Aktionen &#8211; s\u00e4mtliche [&hellip;]<\/p>\n","protected":false},"featured_media":19487,"comment_status":"closed","ping_status":"closed","template":"","meta":[],"product_brand":[],"product_cat":[24,826,89,84],"product_tag":[],"class_list":{"0":"post-19486","1":"product","2":"type-product","3":"status-publish","4":"has-post-thumbnail","6":"product_cat-action-figuren","7":"product_cat-lagernd-vor-ort","8":"product_cat-one-piece","9":"product_cat-statuen-anime-comic-universum","10":"pa_brand-jacksdo-studio","11":"pa_scale-1_to_6","13":"first","14":"instock","15":"taxable","16":"shipping-taxable","17":"product-type-simple"},"_links":{"self":[{"href":"https:\/\/store.handsomecake.com\/en\/wp-json\/wp\/v2\/product\/19486","targetHints":{"allow":["GET"]}}],"collection":[{"href":"https:\/\/store.handsomecake.com\/en\/wp-json\/wp\/v2\/product"}],"about":[{"href":"https:\/\/store.handsomecake.com\/en\/wp-json\/wp\/v2\/types\/product"}],"replies":[{"embeddable":true,"href":"https:\/\/store.handsomecake.com\/en\/wp-json\/wp\/v2\/comments?post=19486"}],"wp:featuredmedia":[{"embeddable":true,"href":"https:\/\/store.handsomecake.com\/en\/wp-json\/wp\/v2\/media\/19487"}],"wp:attachment":[{"href":"https:\/\/store.handsomecake.com\/en\/wp-json\/wp\/v2\/media?parent=19486"}],"wp:term":[{"taxonomy":"product_brand","embeddable":true,"href":"https:\/\/store.handsomecake.com\/en\/wp-json\/wp\/v2\/product_brand?post=19486"},{"taxonomy":"product_cat","embeddable":true,"href":"https:\/\/store.handsomecake.com\/en\/wp-json\/wp\/v2\/product_cat?post=19486"},{"taxonomy":"product_tag","embeddable":true,"href":"https:\/\/store.handsomecake.com\/en\/wp-json\/wp\/v2\/product_tag?post=19486"}],"curies":[{"name":"wp","href":"https:\/\/api.w.org\/{rel}","templated":true}]}}