{"id":19431,"date":"2023-02-09T02:00:22","date_gmt":"2023-02-09T02:00:22","guid":{"rendered":"https:\/\/store.handsomecake.com\/product\/the-king-of-fighters97-chizuru-kagura-14-resin-statue-von-fairy-bean-studio\/"},"modified":"2024-06-12T15:39:44","modified_gmt":"2024-06-12T15:39:44","slug":"the-king-of-fighters97-chizuru-kagura-14-resin-statue-von-fairy-bean-studio","status":"publish","type":"product","link":"https:\/\/store.handsomecake.com\/en\/product\/the-king-of-fighters97-chizuru-kagura-14-resin-statue-von-fairy-bean-studio\/","title":{"rendered":"The King of Fighters&#8217;97 &#8211; Chizuru Kagura | 1:4 Resin Statue | von Fairy Bean Studio"},"content":{"rendered":"<p><strong>The King of Fighters&#8217;97 &#8211; Chizuru Kagura | 1:4 Resin Statue | von Fairy Bean Studio<\/strong><\/p>\n<p>EU Taxfree! I do ship EU-wide, please contact me, should questions arise.<\/p>\n<p><span style=\"color: #ffffff;\"><em><span style=\"font-size: 14px;\"><span style=\"background-color: #2c3e50;\">&#8220; The mirror does not lie. It sees all strengths and faults. &#8222;<\/span><\/span><\/em><\/span><\/p>\n<p>Tolle Statue von der K\u00e4mpferin Chizuru Kagura<br \/>\nWunderbar verarbeitete und sehr detaillierte Statue von Chizuru Kagura aus Polystone &#8211; k\u00fcnstlichem Stein-Harz-Gemisch.<\/p>\n<p><strong>Besonderheiten:<\/strong><\/p>\n<ul>\n<li>weltweit 255 St\u00fcck<\/li>\n<\/ul>\n<p><strong>Release-Status:<\/strong><\/p>\n<ul>\n<li>Preorder. Release ca. Q2 2024 erwartet, bei uns im Lager voraussichtlich Ende August 2024.<\/li>\n<\/ul>\n<p>Wie immer bei meinen Artikeln &#8211; s\u00e4mtliche Geb\u00fchren sind, im Gegensatz zu anderen Angeboten, bereits inkludiert. Versand erfolgt ausschlie\u00dflich aus Deutschland, es fallen keine Zoll- und Importgeb\u00fchren an. Ihr kauft keine Katze im Sack \ud83d\ude42<\/p>\n<p><strong>Ma\u00dfe der Statue:<\/strong><\/p>\n<ul>\n<li>Gr\u00f6\u00dfe: ca. 63cm x 40cm x 32cm<\/li>\n<li>Gewicht: TBA, ca.12kg (gesch\u00e4tzt)<\/li>\n<\/ul>\n<p>You are not prepared! \ud83d\ude42<\/p>","protected":false},"excerpt":{"rendered":"<p>The King of Fighters&#8217;97 &#8211; Chizuru Kagura | 1:4 Resin Statue | von Fairy Bean Studio EU Taxfree! I do ship EU-wide, please contact me, should questions arise. &#8220; The mirror does not lie. It sees all strengths and faults. &#8222; Tolle Statue von der K\u00e4mpferin Chizuru Kagura Wunderbar verarbeitete und sehr detaillierte Statue von [&hellip;]<\/p>\n","protected":false},"featured_media":19436,"comment_status":"closed","ping_status":"closed","template":"","meta":[],"product_brand":[],"product_cat":[24,568,81],"product_tag":[612,656,1043,658,2427,2424,2425,2426,479,147,251,383,795,2420,1091,1098,1097,2421,2422,2423,154,255,136,137],"class_list":{"0":"post-19431","1":"product","2":"type-product","3":"status-publish","4":"has-post-thumbnail","6":"product_cat-action-figuren","7":"product_cat-preorder","8":"product_cat-statuen-computerspieluniversum","9":"product_tag-anime","10":"product_tag-anime-collectibles","11":"product_tag-anime-statues","12":"product_tag-anime-toys","13":"product_tag-chizuru-kagura","14":"product_tag-chizuru-kagura-figure","15":"product_tag-chizuru-kagura-resin-statue","16":"product_tag-chizuru-kagura-statue","17":"product_tag-collectible","18":"product_tag-collectibles","19":"product_tag-collectibles-kaufen","20":"product_tag-collector","21":"product_tag-handsomecake","22":"product_tag-kagura","23":"product_tag-king-of-fighters","24":"product_tag-king-of-fighters-statues","25":"product_tag-king-of-fighters-toys","26":"product_tag-kof-chizuru","27":"product_tag-kof-chizuru-kagura","28":"product_tag-kof-chizuru-kagura-statue","29":"product_tag-resin-collectibles","30":"product_tag-resin-collectibles-kaufen","31":"product_tag-resin-statuen","32":"product_tag-resin-statuen-kaufen","33":"pa_brand-fairy-bean-studio","34":"pa_scale-1_to_4","36":"first","37":"instock","38":"taxable","39":"shipping-taxable","40":"product-type-variable"},"_links":{"self":[{"href":"https:\/\/store.handsomecake.com\/en\/wp-json\/wp\/v2\/product\/19431","targetHints":{"allow":["GET"]}}],"collection":[{"href":"https:\/\/store.handsomecake.com\/en\/wp-json\/wp\/v2\/product"}],"about":[{"href":"https:\/\/store.handsomecake.com\/en\/wp-json\/wp\/v2\/types\/product"}],"replies":[{"embeddable":true,"href":"https:\/\/store.handsomecake.com\/en\/wp-json\/wp\/v2\/comments?post=19431"}],"wp:featuredmedia":[{"embeddable":true,"href":"https:\/\/store.handsomecake.com\/en\/wp-json\/wp\/v2\/media\/19436"}],"wp:attachment":[{"href":"https:\/\/store.handsomecake.com\/en\/wp-json\/wp\/v2\/media?parent=19431"}],"wp:term":[{"taxonomy":"product_brand","embeddable":true,"href":"https:\/\/store.handsomecake.com\/en\/wp-json\/wp\/v2\/product_brand?post=19431"},{"taxonomy":"product_cat","embeddable":true,"href":"https:\/\/store.handsomecake.com\/en\/wp-json\/wp\/v2\/product_cat?post=19431"},{"taxonomy":"product_tag","embeddable":true,"href":"https:\/\/store.handsomecake.com\/en\/wp-json\/wp\/v2\/product_tag?post=19431"}],"curies":[{"name":"wp","href":"https:\/\/api.w.org\/{rel}","templated":true}]}}