{"id":19327,"date":"2023-02-08T01:07:12","date_gmt":"2023-02-08T01:07:12","guid":{"rendered":"https:\/\/store.handsomecake.com\/product\/dc-comics-poison-ivy-13-resin-statue-von-prime-1-studio\/"},"modified":"2024-06-12T15:39:24","modified_gmt":"2024-06-12T15:39:24","slug":"dc-comics-poison-ivy-13-resin-statue-von-prime-1-studio","status":"publish","type":"product","link":"https:\/\/store.handsomecake.com\/en\/product\/dc-comics-poison-ivy-13-resin-statue-von-prime-1-studio\/","title":{"rendered":"DC Comics &#8211; Poison Ivy | 1:3 Resin Statue | von Prime 1 Studio"},"content":{"rendered":"<p><strong>DC Comics &#8211; Poison Ivy | 1:3 Resin Statue | von Prime 1 Studio<\/strong><\/p>\n<p>I do ship EU-wide, please contact me, should questions arise.<\/p>\n<p><span style=\"color: #ffffff;\"><em><strong><span style=\"background-color: #2c3e50;\">&#8222;No Man can resist me. Even Superman. Now come closer so I can remind you what will make me happy&#8230;&#8220;<\/span><\/strong><\/em><\/span><\/p>\n<p>Tolle Statue von Dr. Pamela Lillian Isley<br \/>\nWunderbar verarbeitete und sehr detaillierte Poison Ivy Statue aus Polystone &#8211; k\u00fcnstlichem Stein-Harz-Gemisch.<\/p>\n<p><strong>Besonderheiten:<\/strong><\/p>\n<ul>\n<li>Skincolor Version<\/li>\n<\/ul>\n<p><strong>Release-Status:<\/strong><\/p>\n<ul>\n<li>Preorder. Statue wird voraussichtlich Q2 2024 released und wir erwarten sie sch\u00e4tzungsweise Ende August 2024 im Lager.<\/li>\n<\/ul>\n<p>Wie immer bei meinen Aktionen &#8211; s\u00e4mtliche Geb\u00fchren sind, im Gegensatz zu anderen Angeboten, bereits inkludiert. Versand erfolgt ausschlie\u00dflich aus Deutschland, es fallen keine Zoll- und Importgeb\u00fchren an. Ihr kauft keine Katze im Sack \ud83d\ude42<\/p>\n<p><strong>Ma\u00dfe der Statue:<\/strong><\/p>\n<ul>\n<li>Gr\u00f6\u00dfe : ca. H78.4cm x W64cm x D52cm cm<\/li>\n<li>Gewicht: TBA, gesch\u00e4tzt: ca. 18 kg<\/li>\n<\/ul>\n<p>You are not prepared! \ud83d\ude42<\/p>","protected":false},"excerpt":{"rendered":"<p>DC Comics &#8211; Poison Ivy | 1:3 Resin Statue | von Prime 1 Studio I do ship EU-wide, please contact me, should questions arise. &#8222;No Man can resist me. Even Superman. Now come closer so I can remind you what will make me happy&#8230;&#8220; Tolle Statue von Dr. Pamela Lillian Isley Wunderbar verarbeitete und sehr [&hellip;]<\/p>\n","protected":false},"featured_media":19355,"comment_status":"closed","ping_status":"closed","template":"","meta":[],"product_brand":[],"product_cat":[24,268,15,84],"product_tag":[612,640,147,251,383,551,282,284,557,281,283,553,795,2408,2409,2410,2411,2412,2413,154,136,137,554,379,381,552,547],"class_list":{"0":"post-19327","1":"product","2":"type-product","3":"status-publish","4":"has-post-thumbnail","6":"product_cat-action-figuren","7":"product_cat-dc","8":"product_cat-sonstiges","9":"product_cat-statuen-anime-comic-universum","10":"product_tag-anime","11":"product_tag-anime-statuen","12":"product_tag-collectibles","13":"product_tag-collectibles-kaufen","14":"product_tag-collector","15":"product_tag-dc","16":"product_tag-dc-collectibles","17":"product_tag-dc-collectibles-kaufen","18":"product_tag-dc-collector","19":"product_tag-dc-comics","20":"product_tag-dc-comics-collectibles","21":"product_tag-figure-collector","22":"product_tag-handsomecake","23":"product_tag-poison-ivy","24":"product_tag-poison-ivy-bust","25":"product_tag-poison-ivy-collectible","26":"product_tag-poison-ivy-collectibles","27":"product_tag-poison-ivy-collector","28":"product_tag-poison-ivy-statue","29":"product_tag-resin-collectibles","30":"product_tag-resin-statuen","31":"product_tag-resin-statuen-kaufen","32":"product_tag-resin-statues","33":"product_tag-statue-collectible","34":"product_tag-statue-collectibles","35":"product_tag-statue-collector","36":"product_tag-statues-collector","37":"pa_brand-prime-1-studio","38":"pa_scale-1_to_3","40":"first","41":"instock","42":"taxable","43":"shipping-taxable","44":"product-type-variable"},"_links":{"self":[{"href":"https:\/\/store.handsomecake.com\/en\/wp-json\/wp\/v2\/product\/19327","targetHints":{"allow":["GET"]}}],"collection":[{"href":"https:\/\/store.handsomecake.com\/en\/wp-json\/wp\/v2\/product"}],"about":[{"href":"https:\/\/store.handsomecake.com\/en\/wp-json\/wp\/v2\/types\/product"}],"replies":[{"embeddable":true,"href":"https:\/\/store.handsomecake.com\/en\/wp-json\/wp\/v2\/comments?post=19327"}],"wp:featuredmedia":[{"embeddable":true,"href":"https:\/\/store.handsomecake.com\/en\/wp-json\/wp\/v2\/media\/19355"}],"wp:attachment":[{"href":"https:\/\/store.handsomecake.com\/en\/wp-json\/wp\/v2\/media?parent=19327"}],"wp:term":[{"taxonomy":"product_brand","embeddable":true,"href":"https:\/\/store.handsomecake.com\/en\/wp-json\/wp\/v2\/product_brand?post=19327"},{"taxonomy":"product_cat","embeddable":true,"href":"https:\/\/store.handsomecake.com\/en\/wp-json\/wp\/v2\/product_cat?post=19327"},{"taxonomy":"product_tag","embeddable":true,"href":"https:\/\/store.handsomecake.com\/en\/wp-json\/wp\/v2\/product_tag?post=19327"}],"curies":[{"name":"wp","href":"https:\/\/api.w.org\/{rel}","templated":true}]}}