{"id":19239,"date":"2023-02-06T14:50:34","date_gmt":"2023-02-06T14:50:34","guid":{"rendered":"https:\/\/store.handsomecake.com\/product\/bloodborne-the-doll-14-resin-statue-von-prime-1-studio\/"},"modified":"2024-06-12T15:39:14","modified_gmt":"2024-06-12T15:39:14","slug":"bloodborne-the-doll-14-resin-statue-von-prime-1-studio","status":"publish","type":"product","link":"https:\/\/store.handsomecake.com\/en\/product\/bloodborne-the-doll-14-resin-statue-von-prime-1-studio\/","title":{"rendered":"Bloodborne &#8211; The Doll | 1:4 Resin Statue | von Prime 1 Studio"},"content":{"rendered":"<p><strong>Bloodborne &#8211; The Doll | 1:4 Resin Statue | von Prime 1 Studio<\/strong><\/p>\n<p>I do ship EU-wide, please contact me, should questions arise.<\/p>\n<p><span style=\"color: #ffffff;\"><strong><em><span style=\"background-color: #2c3e50;\">&#8222;Welcome home, good Hunter. What is it you desire?&#8220;<\/span><\/em><\/strong><\/span><br \/>\n<em><strong>\u00a0\u00a0\u00a0\u00a0<\/strong>\u00a0 <span style=\"font-size: 12px;\">&#8211; The Doll<\/span><\/em><\/p>\n<p>Wunderbar verarbeitete und sehr detaillierte The Doll Statue aus Polystone &#8211; k\u00fcnstlichem Stein-Harz-Gemisch.<\/p>\n<p><strong>Besonderheiten:<\/strong><\/p>\n<ul>\n<li>Bonus Version (Standard Version + Bonus Teil(Messenger-Display))<\/li>\n<li>mit LED<\/li>\n<li>auch Standard Version( mit 2x austauschbaren rechten H\u00e4nden ) ist verf\u00fcgbar<\/li>\n<\/ul>\n<p><strong>Release-Status:<\/strong><\/p>\n<ul>\n<li>Preorder. Statue wird sch\u00e4tzungsweise Q2 2025 fertiggestellt und wir erwarten sie bei uns im Lager gegen Ende August 2025.<\/li>\n<\/ul>\n<p>Wie immer bei meinen Aktionen &#8211; s\u00e4mtliche Geb\u00fchren sind, im Gegensatz zu anderen Angeboten, bereits inkludiert. Versand erfolgt ausschlie\u00dflich aus Deutschland, es fallen keine Zoll- und Importgeb\u00fchren an. Ihr kauft keine Katze im Sack \ud83d\ude42<\/p>\n<p><strong>Ma\u00dfe der Statue:<\/strong><\/p>\n<ul>\n<li>Gr\u00f6\u00dfe (Statue) : ca. H:49cm W:38cm D:39cm<\/li>\n<li>Gr\u00f6\u00dfe (Messenger-Display) : ca. H:16cm W:13cm D:12cm<\/li>\n<li>Gewicht: , ca. 17.3kg<\/li>\n<\/ul>\n<p>You are not prepared! \ud83d\ude42<\/p>","protected":false},"excerpt":{"rendered":"<p>Bloodborne &#8211; The Doll | 1:4 Resin Statue | von Prime 1 Studio I do ship EU-wide, please contact me, should questions arise. &#8222;Welcome home, good Hunter. What is it you desire?&#8220; \u00a0\u00a0\u00a0\u00a0\u00a0 &#8211; The Doll Wunderbar verarbeitete und sehr detaillierte The Doll Statue aus Polystone &#8211; k\u00fcnstlichem Stein-Harz-Gemisch. Besonderheiten: Bonus Version (Standard Version + [&hellip;]<\/p>\n","protected":false},"featured_media":19240,"comment_status":"closed","ping_status":"closed","template":"","meta":[],"product_brand":[],"product_cat":[24,568,81],"product_tag":[612,2400,666,717,794,662,640,658,2401,2402,2403,479,147,251,795,154,255,136,137,379,381,552,380,2396,2397,2399,2398],"class_list":{"0":"post-19239","1":"product","2":"type-product","3":"status-publish","4":"has-post-thumbnail","6":"product_cat-action-figuren","7":"product_cat-preorder","8":"product_cat-statuen-computerspieluniversum","9":"product_tag-anime","10":"product_tag-anime-figuren-bloodborne","11":"product_tag-anime-figuren-shop","12":"product_tag-anime-shop","13":"product_tag-anime-statue","14":"product_tag-anime-statue-shop","15":"product_tag-anime-statuen","16":"product_tag-anime-toys","17":"product_tag-bloodborne-collectibles","18":"product_tag-bloodborne-resin","19":"product_tag-bloodborne-statue","20":"product_tag-collectible","21":"product_tag-collectibles","22":"product_tag-collectibles-kaufen","23":"product_tag-handsomecake","24":"product_tag-resin-collectibles","25":"product_tag-resin-collectibles-kaufen","26":"product_tag-resin-statuen","27":"product_tag-resin-statuen-kaufen","28":"product_tag-statue-collectible","29":"product_tag-statue-collectibles","30":"product_tag-statue-collector","31":"product_tag-statues-collectible","32":"product_tag-the-doll","33":"product_tag-the-doll-collectible","34":"product_tag-the-doll-statue","35":"product_tag-the-dolle-one-piece","36":"pa_brand-prime-1-studio","37":"pa_scale-1_to_4","39":"first","40":"instock","41":"taxable","42":"shipping-taxable","43":"product-type-variable"},"_links":{"self":[{"href":"https:\/\/store.handsomecake.com\/en\/wp-json\/wp\/v2\/product\/19239","targetHints":{"allow":["GET"]}}],"collection":[{"href":"https:\/\/store.handsomecake.com\/en\/wp-json\/wp\/v2\/product"}],"about":[{"href":"https:\/\/store.handsomecake.com\/en\/wp-json\/wp\/v2\/types\/product"}],"replies":[{"embeddable":true,"href":"https:\/\/store.handsomecake.com\/en\/wp-json\/wp\/v2\/comments?post=19239"}],"wp:featuredmedia":[{"embeddable":true,"href":"https:\/\/store.handsomecake.com\/en\/wp-json\/wp\/v2\/media\/19240"}],"wp:attachment":[{"href":"https:\/\/store.handsomecake.com\/en\/wp-json\/wp\/v2\/media?parent=19239"}],"wp:term":[{"taxonomy":"product_brand","embeddable":true,"href":"https:\/\/store.handsomecake.com\/en\/wp-json\/wp\/v2\/product_brand?post=19239"},{"taxonomy":"product_cat","embeddable":true,"href":"https:\/\/store.handsomecake.com\/en\/wp-json\/wp\/v2\/product_cat?post=19239"},{"taxonomy":"product_tag","embeddable":true,"href":"https:\/\/store.handsomecake.com\/en\/wp-json\/wp\/v2\/product_tag?post=19239"}],"curies":[{"name":"wp","href":"https:\/\/api.w.org\/{rel}","templated":true}]}}