{"id":19117,"date":"2023-02-01T03:45:01","date_gmt":"2023-02-01T03:45:01","guid":{"rendered":"https:\/\/store.handsomecake.com\/product\/one-piece-nico-robin-13-resin-statue-von-di-tai-she-studio\/"},"modified":"2025-04-03T14:30:17","modified_gmt":"2025-04-03T14:30:17","slug":"one-piece-nico-robin-13-resin-statue-von-di-tai-she-studio","status":"publish","type":"product","link":"https:\/\/store.handsomecake.com\/en\/product\/one-piece-nico-robin-13-resin-statue-von-di-tai-she-studio\/","title":{"rendered":"One Piece &#8211; Nico Robin | 1:3 Resin Statue | von DI TAI SHE Studio"},"content":{"rendered":"<p><strong>One Piece &#8211; Nico Robin | 1:3 Resin Statue | von DI TAI SHE Studio<\/strong><\/p>\n<p>I do ship EU-wide, please contact me, should questions arise.<\/p>\n<p><span style=\"color: #ffffff;\"><em><span style=\"background-color: #2c3e50;\">&#8222;The things you have destroyed back there were priceless artifacts. Precious treasure whose importance cannot be measured&#8230; History may always be repeating itself, but humans cannot go back into the past&#8230;&#8220;<\/span><\/em><\/span><\/p>\n<p>Tolle Statue unserer geliebten Arch\u00e4ologin<br \/>\nWunderbar verarbeitete und sehr detaillierte Nico Robin Statue aus Polystone &#8211; k\u00fcnstlichem Stein-Harz-Gemisch.<\/p>\n<p><strong>Besonderheiten:<\/strong><\/p>\n<ul>\n<li>weltweit 288 St\u00fcck<\/li>\n<li>Kleidung abnehmbar<\/li>\n<\/ul>\n<p><strong>Release-Status:<\/strong><\/p>\n<ul>\n<li>\n<p class=\"p1\">In Stock im Warenlager in China. Ab Bestellzeitpunkt in ca. 3-4 Monaten bei Euch.<\/p>\n<\/li>\n<\/ul>\n<p>Wie immer bei meinen Aktionen &#8211; s\u00e4mtliche Geb\u00fchren sind, im Gegensatz zu anderen Angeboten, bereits inkludiert. Versand erfolgt ausschlie\u00dflich aus Deutschland, es fallen keine Zoll- und Importgeb\u00fchren an. Ihr kauft keine Katze im Sack \ud83d\ude42<\/p>\n<p><strong>Ma\u00dfe der Statue:<\/strong><\/p>\n<ul>\n<li>Gr\u00f6\u00dfe: ca. H73cm x cm x cm<\/li>\n<li>Gewicht: TBA , ca. 15 kg (gesch\u00e4tzt)<\/li>\n<\/ul>\n<p>You are not prepared! \ud83d\ude42<\/p>","protected":false},"excerpt":{"rendered":"<p>One Piece &#8211; Nico Robin | 1:3 Resin Statue | von DI TAI SHE Studio I do ship EU-wide, please contact me, should questions arise. &#8222;The things you have destroyed back there were priceless artifacts. Precious treasure whose importance cannot be measured&#8230; History may always be repeating itself, but humans cannot go back into the [&hellip;]<\/p>\n","protected":false},"featured_media":19134,"comment_status":"closed","ping_status":"closed","template":"","meta":[],"product_brand":[],"product_cat":[24,89,84,567],"product_tag":[612,666,717,794,662,640,658,479,147,251,795,1299,1300,1301,164,1302,502,165,154,255,136,137,379,381,552,665,380,382,547,718],"class_list":{"0":"post-19117","1":"product","2":"type-product","3":"status-publish","4":"has-post-thumbnail","6":"product_cat-action-figuren","7":"product_cat-one-piece","8":"product_cat-statuen-anime-comic-universum","9":"product_cat-in_stock_warehouse_china","10":"product_tag-anime","11":"product_tag-anime-figuren-shop","12":"product_tag-anime-shop","13":"product_tag-anime-statue","14":"product_tag-anime-statue-shop","15":"product_tag-anime-statuen","16":"product_tag-anime-toys","17":"product_tag-collectible","18":"product_tag-collectibles","19":"product_tag-collectibles-kaufen","20":"product_tag-handsomecake","21":"product_tag-nico-robin","22":"product_tag-nico-robin-collectible","23":"product_tag-nico-robin-statue","24":"product_tag-one-piece-collectibles","25":"product_tag-one-piece-nico-robin","26":"product_tag-one-piece-resin","27":"product_tag-one-piece-statue","28":"product_tag-resin-collectibles","29":"product_tag-resin-collectibles-kaufen","30":"product_tag-resin-statuen","31":"product_tag-resin-statuen-kaufen","32":"product_tag-statue-collectible","33":"product_tag-statue-collectibles","34":"product_tag-statue-collector","35":"product_tag-statuen-shop","36":"product_tag-statues-collectible","37":"product_tag-statues-collectibles","38":"product_tag-statues-collector","39":"product_tag-toys","40":"pa_brand-di-tai-she-studio","41":"pa_scale-1_to_3","43":"first","44":"outofstock","45":"taxable","46":"shipping-taxable","47":"product-type-simple"},"_links":{"self":[{"href":"https:\/\/store.handsomecake.com\/en\/wp-json\/wp\/v2\/product\/19117","targetHints":{"allow":["GET"]}}],"collection":[{"href":"https:\/\/store.handsomecake.com\/en\/wp-json\/wp\/v2\/product"}],"about":[{"href":"https:\/\/store.handsomecake.com\/en\/wp-json\/wp\/v2\/types\/product"}],"replies":[{"embeddable":true,"href":"https:\/\/store.handsomecake.com\/en\/wp-json\/wp\/v2\/comments?post=19117"}],"wp:featuredmedia":[{"embeddable":true,"href":"https:\/\/store.handsomecake.com\/en\/wp-json\/wp\/v2\/media\/19134"}],"wp:attachment":[{"href":"https:\/\/store.handsomecake.com\/en\/wp-json\/wp\/v2\/media?parent=19117"}],"wp:term":[{"taxonomy":"product_brand","embeddable":true,"href":"https:\/\/store.handsomecake.com\/en\/wp-json\/wp\/v2\/product_brand?post=19117"},{"taxonomy":"product_cat","embeddable":true,"href":"https:\/\/store.handsomecake.com\/en\/wp-json\/wp\/v2\/product_cat?post=19117"},{"taxonomy":"product_tag","embeddable":true,"href":"https:\/\/store.handsomecake.com\/en\/wp-json\/wp\/v2\/product_tag?post=19117"}],"curies":[{"name":"wp","href":"https:\/\/api.w.org\/{rel}","templated":true}]}}