{"id":1903,"date":"2021-01-07T19:54:57","date_gmt":"2021-01-07T19:54:57","guid":{"rendered":"https:\/\/store.handsomecake.com\/product\/one-piece-borsalino-14-resin-statue-von-jimei-palace\/"},"modified":"2024-06-12T14:34:35","modified_gmt":"2024-06-12T14:34:35","slug":"one-piece-borsalino-14-resin-statue-von-jimei-palace","status":"publish","type":"product","link":"https:\/\/store.handsomecake.com\/en\/product\/one-piece-borsalino-14-resin-statue-von-jimei-palace\/","title":{"rendered":"One Piece &#8211; Borsalino | 1:4 Resin Statue | von JIMEI Palace"},"content":{"rendered":"<p>One Piece &#8211; Borsalino &#8218; 1:4 Resin Statue &#8218; von JIMEI Palace<\/p>\n<p>I do ship EU-wide, please contact me, should questions arise.<\/p>\n<p>Tolle Statue des Admirals<br \/>\nWunderbar verarbeitete und sehr detaillierte Borsalino Statue aus Polystone &#8211; k\u00fcnstlichem Stein-Harz-Gemisch.<\/p>\n<p>Besonderheiten:<\/p>\n<ul>\n<li>keine<\/li>\n<\/ul>\n<p>Release-Status:<\/p>\n<ul>\n<li>Released<\/li>\n<\/ul>\n<p>Wie immer bei meinen Aktionen &#8211; s\u00e4mtliche Geb\u00fchren sind, im Gegensatz zu anderen Angeboten, bereits inkludiert. Versand erfolgt ausschlie\u00dflich aus Deutschland, es fallen keine Zoll- und Importgeb\u00fchren an. Ihr kauft keine Katze im Sack \ud83d\ude42<\/p>\n<p>Ma\u00dfe der Statue:<br \/>\nGr\u00f6\u00dfe: ca. H70cm * W60cm * D41cm<br \/>\nGewicht: ca. 27.5kg<\/p>\n<p>You are not prepared! \ud83d\ude42<\/p>","protected":false},"excerpt":{"rendered":"<p>One Piece &#8211; Borsalino &#8218; 1:4 Resin Statue &#8218; von JIMEI Palace I do ship EU-wide, please contact me, should questions arise. Tolle Statue des Admirals Wunderbar verarbeitete und sehr detaillierte Borsalino Statue aus Polystone &#8211; k\u00fcnstlichem Stein-Harz-Gemisch. Besonderheiten: keine Release-Status: Released Wie immer bei meinen Aktionen &#8211; s\u00e4mtliche Geb\u00fchren sind, im Gegensatz zu anderen [&hellip;]<\/p>\n","protected":false},"featured_media":1904,"comment_status":"closed","ping_status":"closed","template":"","meta":[],"product_brand":[],"product_cat":[89,84,567],"product_tag":[506,507,614,616,617,618,615,147,251,469,470,529,531,530,532,503,504,505,164,501,502,165,154,136,137,379,381,380,382],"class_list":{"0":"post-1903","1":"product","2":"type-product","3":"status-publish","4":"has-post-thumbnail","6":"product_cat-one-piece","7":"product_cat-statuen-anime-comic-universum","8":"product_cat-in_stock_warehouse_china","9":"product_tag-ace-portgas-collectible","10":"product_tag-ace-portgas-statue","11":"product_tag-borsalino","12":"product_tag-borsalino-collectible","13":"product_tag-borsalino-figure","14":"product_tag-borsalino-figurine","15":"product_tag-borsalino-statue","16":"product_tag-collectibles","17":"product_tag-collectibles-kaufen","18":"product_tag-lifesize-collectibles","19":"product_tag-lifesize-statuen","20":"product_tag-luffy","21":"product_tag-luffy-collectible","22":"product_tag-luffy-one-piece","23":"product_tag-luffy-statue","24":"product_tag-one-piece-ace-portgas","25":"product_tag-one-piece-ace-portgas-collectible","26":"product_tag-one-piece-ace-statue","27":"product_tag-one-piece-collectibles","28":"product_tag-one-piece-lifesize","29":"product_tag-one-piece-resin","30":"product_tag-one-piece-statue","31":"product_tag-resin-collectibles","32":"product_tag-resin-statuen","33":"product_tag-resin-statuen-kaufen","34":"product_tag-statue-collectible","35":"product_tag-statue-collectibles","36":"product_tag-statues-collectible","37":"product_tag-statues-collectibles","38":"pa_brand-jimei-palace","39":"pa_scale-1_to_4","41":"first","42":"outofstock","43":"taxable","44":"shipping-taxable","45":"product-type-simple"},"_links":{"self":[{"href":"https:\/\/store.handsomecake.com\/en\/wp-json\/wp\/v2\/product\/1903","targetHints":{"allow":["GET"]}}],"collection":[{"href":"https:\/\/store.handsomecake.com\/en\/wp-json\/wp\/v2\/product"}],"about":[{"href":"https:\/\/store.handsomecake.com\/en\/wp-json\/wp\/v2\/types\/product"}],"replies":[{"embeddable":true,"href":"https:\/\/store.handsomecake.com\/en\/wp-json\/wp\/v2\/comments?post=1903"}],"wp:featuredmedia":[{"embeddable":true,"href":"https:\/\/store.handsomecake.com\/en\/wp-json\/wp\/v2\/media\/1904"}],"wp:attachment":[{"href":"https:\/\/store.handsomecake.com\/en\/wp-json\/wp\/v2\/media?parent=1903"}],"wp:term":[{"taxonomy":"product_brand","embeddable":true,"href":"https:\/\/store.handsomecake.com\/en\/wp-json\/wp\/v2\/product_brand?post=1903"},{"taxonomy":"product_cat","embeddable":true,"href":"https:\/\/store.handsomecake.com\/en\/wp-json\/wp\/v2\/product_cat?post=1903"},{"taxonomy":"product_tag","embeddable":true,"href":"https:\/\/store.handsomecake.com\/en\/wp-json\/wp\/v2\/product_tag?post=1903"}],"curies":[{"name":"wp","href":"https:\/\/api.w.org\/{rel}","templated":true}]}}