{"id":18979,"date":"2023-01-30T03:34:58","date_gmt":"2023-01-30T03:34:58","guid":{"rendered":"https:\/\/store.handsomecake.com\/product\/elden-ring-rennala-queen-of-the-full-moon-14-resin-statue-von-sword-wing-studio\/"},"modified":"2024-06-16T19:45:26","modified_gmt":"2024-06-16T19:45:26","slug":"elden-ring-rennala-queen-of-the-full-moon-14-resin-statue-von-sword-wing-studio","status":"publish","type":"product","link":"https:\/\/store.handsomecake.com\/en\/product\/elden-ring-rennala-queen-of-the-full-moon-14-resin-statue-von-sword-wing-studio\/","title":{"rendered":"Elden Ring &#8211; Rennala ( Queen of the Full Moon ) | 1:4 Resin Statue | von Sword &amp; Wing Studio"},"content":{"rendered":"<p><strong>Elden Ring &#8211; Rennala ( Queen of the Full Moon ) | 1:4 Resin Statue | von Sword &amp; Wing Studio<\/strong><\/p>\n<p>EU Taxfree! I do ship EU-wide, please contact me, should questions arise.<\/p>\n<p><span style=\"color: #ffffff;\"><em><span style=\"background-color: #2c3e50;\">&#8220; Hush, little culver. I&#8217;ll soon birth thee anew, a sweeting fresh and pure&#8230;&#8220;<\/span><\/em><\/span><\/p>\n<p>Tolle Statue von der K\u00f6nigin des Vollmonds<br \/>\nWunderbar verarbeitete und sehr detaillierte Elden Ring Fragmenttr\u00e4gerin Statue aus Polystone &#8211; k\u00fcnstlichem Stein-Harz-Gemisch.<\/p>\n<p><strong>Besonderheiten:<\/strong><\/p>\n<ul>\n<li>Deluxe Version ( mit Mondlicht )<\/li>\n<li>auch Standard Version verf\u00fcgbar<\/li>\n<li>weltweit auf 158 St\u00fcck begrenzt<\/li>\n<li>mit LED<\/li>\n<\/ul>\n<p><strong>Release-Status:<\/strong><\/p>\n<ul>\n<li>Preorder. Voraussichtlicher Release-Termin: Q4 2023, voraussichtlich bei uns im Lager: Februar 2024<\/li>\n<\/ul>\n<p>Wie immer bei meinen Aktionen &#8211; s\u00e4mtliche Geb\u00fchren sind, im Gegensatz zu anderen Angeboten, bereits inkludiert. Versand erfolgt ausschlie\u00dflich aus Deutschland, es fallen keine Zoll- und Importgeb\u00fchren an. Ihr kauft keine Katze im Sack \ud83d\ude42<\/p>\n<p><strong>Ma\u00dfe der Statue:<\/strong><\/p>\n<ul>\n<li>Gr\u00f6\u00dfe (Standard) : ca. H74cm x W46cm x D30cm<\/li>\n<li>Gr\u00f6\u00dfe (Deluxe) : ca. H82cm x W54cm x D51cm<\/li>\n<li>Gewicht: TBA, ca. 18 kg (gesch\u00e4tzt)<\/li>\n<\/ul>\n<p>You are not prepared! \ud83d\ude42<\/p>","protected":false},"excerpt":{"rendered":"<p>Elden Ring &#8211; Rennala ( Queen of the Full Moon ) | 1:4 Resin Statue | von Sword &amp; Wing Studio EU Taxfree! I do ship EU-wide, please contact me, should questions arise. &#8220; Hush, little culver. I&#8217;ll soon birth thee anew, a sweeting fresh and pure&#8230;&#8220; Tolle Statue von der K\u00f6nigin des Vollmonds Wunderbar [&hellip;]<\/p>\n","protected":false},"featured_media":18980,"comment_status":"closed","ping_status":"closed","template":"","meta":[],"product_brand":[],"product_cat":[24,1775,568,81],"product_tag":[658,147,251,1332,1329,2489,1330,1331,2490,1333,795,2367,1335,2364,2366,154,136,137,379,381,665,380,382,718],"class_list":{"0":"post-18979","1":"product","2":"type-product","3":"status-publish","4":"has-post-thumbnail","6":"product_cat-action-figuren","7":"product_cat-elden-ring","8":"product_cat-preorder","9":"product_cat-statuen-computerspieluniversum","10":"product_tag-anime-toys","11":"product_tag-collectibles","12":"product_tag-collectibles-kaufen","13":"product_tag-elden-ring","14":"product_tag-elden-ring-collectibles","15":"product_tag-elden-ring-figur","16":"product_tag-elden-ring-resin","17":"product_tag-elden-ring-resin-statue","18":"product_tag-elden-ring-statue","19":"product_tag-elden-ring-statuen","20":"product_tag-handsomecake","21":"product_tag-queen-of-the-full-moon","22":"product_tag-ranni-collectible","23":"product_tag-rennala","24":"product_tag-rennala-statue","25":"product_tag-resin-collectibles","26":"product_tag-resin-statuen","27":"product_tag-resin-statuen-kaufen","28":"product_tag-statue-collectible","29":"product_tag-statue-collectibles","30":"product_tag-statuen-shop","31":"product_tag-statues-collectible","32":"product_tag-statues-collectibles","33":"product_tag-toys","34":"pa_brand-sword-wing-studio","35":"pa_scale-1_to_4","37":"first","38":"instock","39":"taxable","40":"shipping-taxable","41":"product-type-variable"},"_links":{"self":[{"href":"https:\/\/store.handsomecake.com\/en\/wp-json\/wp\/v2\/product\/18979","targetHints":{"allow":["GET"]}}],"collection":[{"href":"https:\/\/store.handsomecake.com\/en\/wp-json\/wp\/v2\/product"}],"about":[{"href":"https:\/\/store.handsomecake.com\/en\/wp-json\/wp\/v2\/types\/product"}],"replies":[{"embeddable":true,"href":"https:\/\/store.handsomecake.com\/en\/wp-json\/wp\/v2\/comments?post=18979"}],"wp:featuredmedia":[{"embeddable":true,"href":"https:\/\/store.handsomecake.com\/en\/wp-json\/wp\/v2\/media\/18980"}],"wp:attachment":[{"href":"https:\/\/store.handsomecake.com\/en\/wp-json\/wp\/v2\/media?parent=18979"}],"wp:term":[{"taxonomy":"product_brand","embeddable":true,"href":"https:\/\/store.handsomecake.com\/en\/wp-json\/wp\/v2\/product_brand?post=18979"},{"taxonomy":"product_cat","embeddable":true,"href":"https:\/\/store.handsomecake.com\/en\/wp-json\/wp\/v2\/product_cat?post=18979"},{"taxonomy":"product_tag","embeddable":true,"href":"https:\/\/store.handsomecake.com\/en\/wp-json\/wp\/v2\/product_tag?post=18979"}],"curies":[{"name":"wp","href":"https:\/\/api.w.org\/{rel}","templated":true}]}}