{"id":18873,"date":"2023-01-24T03:15:48","date_gmt":"2023-01-24T03:15:48","guid":{"rendered":"https:\/\/store.handsomecake.com\/product\/dragon-ball-z-son-goku-14-resin-statue-von-legendary-collectibles\/"},"modified":"2024-06-12T15:38:31","modified_gmt":"2024-06-12T15:38:31","slug":"dragon-ball-z-son-goku-14-resin-statue-von-legendary-collectibles","status":"publish","type":"product","link":"https:\/\/store.handsomecake.com\/en\/product\/dragon-ball-z-son-goku-14-resin-statue-von-legendary-collectibles\/","title":{"rendered":"Dragon Ball Z &#8211; Son Goku | 1:4 Resin Statue | von Legendary Collectibles"},"content":{"rendered":"<p><strong>Dragon Ball Z &#8211; Son Goku | 1:4 Resin Statue | von Legendary Collectibles<\/strong><\/p>\n<p>I do ship EU-wide, please contact me, should questions arise.<\/p>\n<p>Ein Moloch von einer Dragon Ball Z Son Goku &amp; Shenlong Statue<br \/>\nWunderbar verarbeitete und sehr detaillierte Son Goku &amp; Shenlong Statue aus Polystone &#8211; k\u00fcnstlichem Stein-Harz-Gemisch.<\/p>\n<p><strong>Besonderheiten:<\/strong><\/p>\n<ul>\n<li>gr\u00fcne Variante<\/li>\n<li>mit LED<\/li>\n<li>3 austauschbare K\u00f6pfe<\/li>\n<li>weltweit 100 St\u00fcck<\/li>\n<\/ul>\n<p>Wie immer bei meinen Aktionen &#8211; s\u00e4mtliche Geb\u00fchren sind, im Gegensatz zu anderen Angeboten, bereits inkludiert. Versand erfolgt ausschlie\u00dflich aus Deutschland, es fallen keine Zoll- und Importgeb\u00fchren an. Ihr kauft keine Katze im Sack \ud83d\ude42<\/p>\n<p><strong>Ma\u00dfe der Statue:<\/strong><\/p>\n<ul>\n<li>Gr\u00f6\u00dfe: ca. H74cm x D71,8cm x W68,7cm<\/li>\n<li>Gewicht: ca. 30 kg<\/li>\n<\/ul>\n<p>You are not prepared! \ud83d\ude42<\/p>","protected":false},"excerpt":{"rendered":"<p>Dragon Ball Z &#8211; Son Goku | 1:4 Resin Statue | von Legendary Collectibles I do ship EU-wide, please contact me, should questions arise. Ein Moloch von einer Dragon Ball Z Son Goku &amp; Shenlong Statue Wunderbar verarbeitete und sehr detaillierte Son Goku &amp; Shenlong Statue aus Polystone &#8211; k\u00fcnstlichem Stein-Harz-Gemisch. Besonderheiten: gr\u00fcne Variante mit [&hellip;]<\/p>\n","protected":false},"featured_media":18874,"comment_status":"closed","ping_status":"closed","template":"","meta":[],"product_brand":[],"product_cat":[24,87,826,84],"product_tag":[],"class_list":{"0":"post-18873","1":"product","2":"type-product","3":"status-publish","4":"has-post-thumbnail","6":"product_cat-action-figuren","7":"product_cat-dragon-ball","8":"product_cat-lagernd-vor-ort","9":"product_cat-statuen-anime-comic-universum","10":"pa_brand-legendary-collectibles","11":"pa_scale-1_to_4","13":"first","14":"outofstock","15":"taxable","16":"shipping-taxable","17":"product-type-simple"},"_links":{"self":[{"href":"https:\/\/store.handsomecake.com\/en\/wp-json\/wp\/v2\/product\/18873","targetHints":{"allow":["GET"]}}],"collection":[{"href":"https:\/\/store.handsomecake.com\/en\/wp-json\/wp\/v2\/product"}],"about":[{"href":"https:\/\/store.handsomecake.com\/en\/wp-json\/wp\/v2\/types\/product"}],"replies":[{"embeddable":true,"href":"https:\/\/store.handsomecake.com\/en\/wp-json\/wp\/v2\/comments?post=18873"}],"wp:featuredmedia":[{"embeddable":true,"href":"https:\/\/store.handsomecake.com\/en\/wp-json\/wp\/v2\/media\/18874"}],"wp:attachment":[{"href":"https:\/\/store.handsomecake.com\/en\/wp-json\/wp\/v2\/media?parent=18873"}],"wp:term":[{"taxonomy":"product_brand","embeddable":true,"href":"https:\/\/store.handsomecake.com\/en\/wp-json\/wp\/v2\/product_brand?post=18873"},{"taxonomy":"product_cat","embeddable":true,"href":"https:\/\/store.handsomecake.com\/en\/wp-json\/wp\/v2\/product_cat?post=18873"},{"taxonomy":"product_tag","embeddable":true,"href":"https:\/\/store.handsomecake.com\/en\/wp-json\/wp\/v2\/product_tag?post=18873"}],"curies":[{"name":"wp","href":"https:\/\/api.w.org\/{rel}","templated":true}]}}