{"id":18861,"date":"2023-01-24T02:39:04","date_gmt":"2023-01-24T02:39:04","guid":{"rendered":"https:\/\/store.handsomecake.com\/product\/world-of-warcraft-jaina-proudmore-prachtmeer-14-resin-statue-von-windseeker-studio\/"},"modified":"2024-06-12T15:38:20","modified_gmt":"2024-06-12T15:38:20","slug":"world-of-warcraft-jaina-proudmore-prachtmeer-14-resin-statue-von-windseeker-studio","status":"publish","type":"product","link":"https:\/\/store.handsomecake.com\/en\/product\/world-of-warcraft-jaina-proudmore-prachtmeer-14-resin-statue-von-windseeker-studio\/","title":{"rendered":"World of Warcraft &#8211; Jaina Proudmore\/Prachtmeer | 1:4 Resin Statue | von Windseeker Studio"},"content":{"rendered":"<p><strong>World of Warcraft &#8211; Jaina Proudmore\/Prachtmeer | 1:4 Resin Statue | von Windseeker Studio<\/strong><\/p>\n<p>EU Taxfree! I do ship EU-wide, please contact me, should questions arise.<\/p>\n<p>Tolle Statue der Tochter der Meere<br \/>\nWunderbar verarbeitete und sehr detaillierte Statue von Jaina Proudmore aus Polystone &#8211; k\u00fcnstlichem Stein-Harz-Gemisch.<\/p>\n<p><strong>Besonderheiten:<\/strong><\/p>\n<ul>\n<li>keine<\/li>\n<\/ul>\n<p><strong>Release-Status:<\/strong><\/p>\n<ul>\n<li>In Stock<\/li>\n<\/ul>\n<p>Wie immer bei meinen Aktionen &#8211; s\u00e4mtliche Geb\u00fchren sind, im Gegensatz zu anderen Angeboten, bereits inkludiert. Versand erfolgt ausschlie\u00dflich aus Deutschland, es fallen keine Zoll- und Importgeb\u00fchren an. Ihr kauft keine Katze im Sack \ud83d\ude42<\/p>\n<p><strong>Ma\u00dfe der Statue:<\/strong><\/p>\n<ul>\n<li>Gr\u00f6\u00dfe: ca. H52cm<\/li>\n<li>Gewicht: TBA, gesch\u00e4tzt: ca. 10 kg<\/li>\n<\/ul>\n<p>You are not prepared! \ud83d\ude42<\/p>","protected":false},"excerpt":{"rendered":"<p>World of Warcraft &#8211; Jaina Proudmore\/Prachtmeer | 1:4 Resin Statue | von Windseeker Studio EU Taxfree! I do ship EU-wide, please contact me, should questions arise. Tolle Statue der Tochter der Meere Wunderbar verarbeitete und sehr detaillierte Statue von Jaina Proudmore aus Polystone &#8211; k\u00fcnstlichem Stein-Harz-Gemisch. Besonderheiten: keine Release-Status: Lagernd vor Ort Wie immer bei [&hellip;]<\/p>\n","protected":false},"featured_media":30621,"comment_status":"closed","ping_status":"closed","template":"","meta":[],"product_brand":[],"product_cat":[24,826,81,85],"product_tag":[],"class_list":{"0":"post-18861","1":"product","2":"type-product","3":"status-publish","4":"has-post-thumbnail","6":"product_cat-action-figuren","7":"product_cat-lagernd-vor-ort","8":"product_cat-statuen-computerspieluniversum","9":"product_cat-warcraft","10":"pa_brand-windseeker-stormspace","11":"pa_scale-1_to_4","13":"first","14":"outofstock","15":"taxable","16":"shipping-taxable","17":"product-type-simple"},"_links":{"self":[{"href":"https:\/\/store.handsomecake.com\/en\/wp-json\/wp\/v2\/product\/18861","targetHints":{"allow":["GET"]}}],"collection":[{"href":"https:\/\/store.handsomecake.com\/en\/wp-json\/wp\/v2\/product"}],"about":[{"href":"https:\/\/store.handsomecake.com\/en\/wp-json\/wp\/v2\/types\/product"}],"replies":[{"embeddable":true,"href":"https:\/\/store.handsomecake.com\/en\/wp-json\/wp\/v2\/comments?post=18861"}],"wp:featuredmedia":[{"embeddable":true,"href":"https:\/\/store.handsomecake.com\/en\/wp-json\/wp\/v2\/media\/30621"}],"wp:attachment":[{"href":"https:\/\/store.handsomecake.com\/en\/wp-json\/wp\/v2\/media?parent=18861"}],"wp:term":[{"taxonomy":"product_brand","embeddable":true,"href":"https:\/\/store.handsomecake.com\/en\/wp-json\/wp\/v2\/product_brand?post=18861"},{"taxonomy":"product_cat","embeddable":true,"href":"https:\/\/store.handsomecake.com\/en\/wp-json\/wp\/v2\/product_cat?post=18861"},{"taxonomy":"product_tag","embeddable":true,"href":"https:\/\/store.handsomecake.com\/en\/wp-json\/wp\/v2\/product_tag?post=18861"}],"curies":[{"name":"wp","href":"https:\/\/api.w.org\/{rel}","templated":true}]}}