{"id":18852,"date":"2023-01-24T02:07:02","date_gmt":"2023-01-24T02:07:02","guid":{"rendered":"https:\/\/store.handsomecake.com\/product\/one-piece-young-edward-newgate-whitebeard-14-resin-statue-von-jacksdo-studio\/"},"modified":"2024-06-12T15:37:59","modified_gmt":"2024-06-12T15:37:59","slug":"one-piece-young-edward-newgate-whitebeard-14-resin-statue-von-jacksdo-studio","status":"publish","type":"product","link":"https:\/\/store.handsomecake.com\/en\/product\/one-piece-young-edward-newgate-whitebeard-14-resin-statue-von-jacksdo-studio\/","title":{"rendered":"One Piece &#8211; Young Edward Newgate (Whitebeard) | 1:4 Resin Statue | von JacksDo Studio"},"content":{"rendered":"<p><strong>One Piece &#8211; Young Edward Newgate (Whitebeard) | 1:4 Resin Statue | von JacksDo Studio<\/strong><\/p>\n<p>I do ship EU-wide, please contact me, should questions arise.<\/p>\n<p>Tolle Statue des Kapit\u00e4ns der Whitebeards<br \/>\nWunderbar verarbeitete und sehr detaillierte Whitebeard Statue aus Polystone &#8211; k\u00fcnstlichem Stein-Harz-Gemisch.<\/p>\n<p><strong>Besonderheiten:<\/strong><\/p>\n<ul>\n<li>Gr\u00fcne Version<\/li>\n<li>148 St\u00fcck weltweit<\/li>\n<\/ul>\n<p><strong>Release-Status:<\/strong><\/p>\n<ul>\n<li>In Stock<\/li>\n<\/ul>\n<p>Wie immer bei meinen Aktionen &#8211; s\u00e4mtliche Geb\u00fchren sind, im Gegensatz zu anderen Angeboten, bereits inkludiert. Versand erfolgt ausschlie\u00dflich aus Deutschland, es fallen keine Zoll- und Importgeb\u00fchren an. Ihr kauft keine Katze im Sack \ud83d\ude42<\/p>\n<p><strong>Ma\u00dfe der Statue:<\/strong><\/p>\n<ul>\n<li>Gr\u00f6\u00dfe: ca. 91cm x 67cm x 61cm<\/li>\n<li>Gewicht: ca 30 kg<\/li>\n<\/ul>\n<p>You are not prepared! \ud83d\ude42<\/p>","protected":false},"excerpt":{"rendered":"<p>One Piece &#8211; Young Edward Newgate (Whitebeard) | 1:4 Resin Statue | von JacksDo Studio I do ship EU-wide, please contact me, should questions arise. Tolle Statue des Kapit\u00e4ns der Whitebeards Wunderbar verarbeitete und sehr detaillierte Whitebeard Statue aus Polystone &#8211; k\u00fcnstlichem Stein-Harz-Gemisch. Besonderheiten: Gr\u00fcne Version 148 St\u00fcck weltweit Release-Status: Lagernd vor Ort Wie immer [&hellip;]<\/p>\n","protected":false},"featured_media":18853,"comment_status":"closed","ping_status":"closed","template":"","meta":[],"product_brand":[],"product_cat":[24,89,84],"product_tag":[],"class_list":{"0":"post-18852","1":"product","2":"type-product","3":"status-publish","4":"has-post-thumbnail","6":"product_cat-action-figuren","7":"product_cat-one-piece","8":"product_cat-statuen-anime-comic-universum","9":"pa_brand-jacksdo-studio","10":"pa_scale-1_to_4","12":"first","13":"outofstock","14":"taxable","15":"shipping-taxable","16":"product-type-simple"},"_links":{"self":[{"href":"https:\/\/store.handsomecake.com\/en\/wp-json\/wp\/v2\/product\/18852","targetHints":{"allow":["GET"]}}],"collection":[{"href":"https:\/\/store.handsomecake.com\/en\/wp-json\/wp\/v2\/product"}],"about":[{"href":"https:\/\/store.handsomecake.com\/en\/wp-json\/wp\/v2\/types\/product"}],"replies":[{"embeddable":true,"href":"https:\/\/store.handsomecake.com\/en\/wp-json\/wp\/v2\/comments?post=18852"}],"wp:featuredmedia":[{"embeddable":true,"href":"https:\/\/store.handsomecake.com\/en\/wp-json\/wp\/v2\/media\/18853"}],"wp:attachment":[{"href":"https:\/\/store.handsomecake.com\/en\/wp-json\/wp\/v2\/media?parent=18852"}],"wp:term":[{"taxonomy":"product_brand","embeddable":true,"href":"https:\/\/store.handsomecake.com\/en\/wp-json\/wp\/v2\/product_brand?post=18852"},{"taxonomy":"product_cat","embeddable":true,"href":"https:\/\/store.handsomecake.com\/en\/wp-json\/wp\/v2\/product_cat?post=18852"},{"taxonomy":"product_tag","embeddable":true,"href":"https:\/\/store.handsomecake.com\/en\/wp-json\/wp\/v2\/product_tag?post=18852"}],"curies":[{"name":"wp","href":"https:\/\/api.w.org\/{rel}","templated":true}]}}