{"id":18845,"date":"2023-01-24T02:02:19","date_gmt":"2023-01-24T02:02:19","guid":{"rendered":"https:\/\/store.handsomecake.com\/product\/dragon-ball-son-goku-rose-13-resin-statue-von-x-studio\/"},"modified":"2025-04-06T18:15:26","modified_gmt":"2025-04-06T18:15:26","slug":"dragon-ball-son-goku-rose-13-resin-statue-von-x-studio","status":"publish","type":"product","link":"https:\/\/store.handsomecake.com\/en\/product\/dragon-ball-son-goku-rose-13-resin-statue-von-x-studio\/","title":{"rendered":"Dragon Ball &#8211; Son Goku Rose | 1:3 Resin Statue | von X Studio"},"content":{"rendered":"<p><strong>Dragon Ball &#8211; Son Goku Rose | 1:3 Resin Statue | von X Studio<\/strong><\/p>\n<p>I do ship EU-wide, please contact me, should questions arise.<\/p>\n<p>Tolle Statue von unserem geliebten Sayajin<br \/>\nWunderbar verarbeitete und sehr detaillierte Goku Statue aus Polystone &#8211; k\u00fcnstlichem Stein-Harz-Gemisch.<\/p>\n<p><strong>Besonderheiten<\/strong>:<\/p>\n<ul>\n<li>weltweit nur 99 St\u00fcck<\/li>\n<li>Normal Version<\/li>\n<\/ul>\n<p><strong>Release-Status:<\/strong><\/p>\n<ul>\n<li>In Stock<\/li>\n<\/ul>\n<p>Wie immer bei meinen Aktionen &#8211; s\u00e4mtliche Geb\u00fchren sind, im Gegensatz zu anderen Angeboten, bereits inkludiert. Versand erfolgt ausschlie\u00dflich aus Deutschland, es fallen keine Zoll- und Importgeb\u00fchren an. Ihr kauft keine Katze im Sack \ud83d\ude42<\/p>\n<p><strong>Ma\u00dfe der Statue:<\/strong><\/p>\n<ul>\n<li>Gr\u00f6\u00dfe: ca. H85cm x cm x D45cm<\/li>\n<li>Gewicht: ca.30kg<\/li>\n<\/ul>\n<p>You are not prepared! \ud83d\ude42<\/p>","protected":false},"excerpt":{"rendered":"<p>Dragon Ball &#8211; Son Goku Rose | 1:3 Resin Statue | von X Studio I do ship EU-wide, please contact me, should questions arise. Tolle Statue von unserem geliebten Sayajin Wunderbar verarbeitete und sehr detaillierte Goku Statue aus Polystone &#8211; k\u00fcnstlichem Stein-Harz-Gemisch. Besonderheiten: weltweit nur 99 St\u00fcck Normal Version Release-Status: Lagernd vor Ort Wie immer [&hellip;]<\/p>\n","protected":false},"featured_media":18846,"comment_status":"closed","ping_status":"closed","template":"","meta":[],"product_brand":[],"product_cat":[24,87,826,84],"product_tag":[],"class_list":{"0":"post-18845","1":"product","2":"type-product","3":"status-publish","4":"has-post-thumbnail","6":"product_cat-action-figuren","7":"product_cat-dragon-ball","8":"product_cat-lagernd-vor-ort","9":"product_cat-statuen-anime-comic-universum","10":"pa_brand-x-studio","11":"pa_scale-1_to_3","13":"first","14":"instock","15":"taxable","16":"shipping-taxable","17":"product-type-simple"},"_links":{"self":[{"href":"https:\/\/store.handsomecake.com\/en\/wp-json\/wp\/v2\/product\/18845","targetHints":{"allow":["GET"]}}],"collection":[{"href":"https:\/\/store.handsomecake.com\/en\/wp-json\/wp\/v2\/product"}],"about":[{"href":"https:\/\/store.handsomecake.com\/en\/wp-json\/wp\/v2\/types\/product"}],"replies":[{"embeddable":true,"href":"https:\/\/store.handsomecake.com\/en\/wp-json\/wp\/v2\/comments?post=18845"}],"wp:featuredmedia":[{"embeddable":true,"href":"https:\/\/store.handsomecake.com\/en\/wp-json\/wp\/v2\/media\/18846"}],"wp:attachment":[{"href":"https:\/\/store.handsomecake.com\/en\/wp-json\/wp\/v2\/media?parent=18845"}],"wp:term":[{"taxonomy":"product_brand","embeddable":true,"href":"https:\/\/store.handsomecake.com\/en\/wp-json\/wp\/v2\/product_brand?post=18845"},{"taxonomy":"product_cat","embeddable":true,"href":"https:\/\/store.handsomecake.com\/en\/wp-json\/wp\/v2\/product_cat?post=18845"},{"taxonomy":"product_tag","embeddable":true,"href":"https:\/\/store.handsomecake.com\/en\/wp-json\/wp\/v2\/product_tag?post=18845"}],"curies":[{"name":"wp","href":"https:\/\/api.w.org\/{rel}","templated":true}]}}