{"id":18773,"date":"2023-01-24T01:03:44","date_gmt":"2023-01-24T01:03:44","guid":{"rendered":"https:\/\/store.handsomecake.com\/product\/naruto-pain-17-resin-statue-von-yoyo-studio\/"},"modified":"2025-02-18T17:00:23","modified_gmt":"2025-02-18T17:00:23","slug":"naruto-pain-17-resin-statue-von-yoyo-studio","status":"publish","type":"product","link":"https:\/\/store.handsomecake.com\/en\/product\/naruto-pain-17-resin-statue-von-yoyo-studio\/","title":{"rendered":"Naruto &#8211; Pain | 1:7 Resin Statue | von Yoyo Studio"},"content":{"rendered":"<p><strong>Naruto &#8211; Pain | 1:7 Resin Statue | von Yoyo Studio<\/strong><\/p>\n<p>I do ship EU-wide, please contact me, should questions arise.<\/p>\n<p><span style=\"color: #ffffff;\"><em><cite><span style=\"background-color: #2c3e50;\">&#8222;Those Who Do Not Understand True Pain Can Never Understand True Peace.&#8220;<\/span><\/cite><\/em><\/span><\/p>\n<p>Tolle Statue von dem Anf\u00fchrer der Akatsuki-Organisation<br \/>\nWunderbar verarbeitete und sehr detaillierte Pain Statue aus Polystone &#8211; k\u00fcnstlichem Stein-Harz-Gemisch.<\/p>\n<p><strong>Besonderheiten:<\/strong><\/p>\n<ul>\n<li>mit LED<\/li>\n<li>211 St\u00fcck weltweit<\/li>\n<\/ul>\n<p><strong>Release-Status:<\/strong><\/p>\n<ul>\n<li>Preorder. Statue wird voraussichtlich Ende Q4 2023 released. Wir erwarten sie sch\u00e4tzungsweise Ende Februar 2024 bei uns im Warenlager.<\/li>\n<\/ul>\n<p>Wie immer bei meinen Aktionen &#8211; s\u00e4mtliche Geb\u00fchren sind, im Gegensatz zu anderen Angeboten, bereits inkludiert. Versand erfolgt ausschlie\u00dflich aus Deutschland, es fallen keine Zoll- und Importgeb\u00fchren an. Ihr kauft keine Katze im Sack \ud83d\ude42<\/p>\n<p><strong>Ma\u00dfe der Statue:<\/strong><\/p>\n<ul>\n<li>Gr\u00f6\u00dfe: ca. H60cm x 50cm x 40cm<\/li>\n<li>Gewicht: TBA, gesch\u00e4tzt: ca. 14kg<\/li>\n<\/ul>\n<p>You are not prepared! \ud83d\ude42<\/p>","protected":false},"excerpt":{"rendered":"<p>Naruto &#8211; Pain | 1:7 Resin Statue | von Yoyo Studio I do ship EU-wide, please contact me, should questions arise. &#8222;Those Who Do Not Understand True Pain Can Never Understand True Peace.&#8220; Tolle Statue von dem Anf\u00fchrer der Akatsuki-Organisation Wunderbar verarbeitete und sehr detaillierte Pain Statue aus Polystone &#8211; k\u00fcnstlichem Stein-Harz-Gemisch. Besonderheiten: mit LED [&hellip;]<\/p>\n","protected":false},"featured_media":18791,"comment_status":"closed","ping_status":"closed","template":"","meta":[],"product_brand":[],"product_cat":[24,88,568,84],"product_tag":[612,656,659,660,657,640,658,147,251,795,297,298,168,296,1040,1041,1042,169,170,154,136,137],"class_list":{"0":"post-18773","1":"product","2":"type-product","3":"status-publish","4":"has-post-thumbnail","6":"product_cat-action-figuren","7":"product_cat-naruto","8":"product_cat-preorder","9":"product_cat-statuen-anime-comic-universum","10":"product_tag-anime","11":"product_tag-anime-collectibles","12":"product_tag-anime-figuren","13":"product_tag-anime-figuren-naruto","14":"product_tag-anime-figures","15":"product_tag-anime-statuen","16":"product_tag-anime-toys","17":"product_tag-collectibles","18":"product_tag-collectibles-kaufen","19":"product_tag-handsomecake","20":"product_tag-naruto-akatsuki","21":"product_tag-naruto-akatsuki-nagato","22":"product_tag-naruto-collectibles","23":"product_tag-naruto-collectibles-kaufen","24":"product_tag-naruto-itachi","25":"product_tag-naruto-itachi-collectibles","26":"product_tag-naruto-itachi-statue","27":"product_tag-naruto-statuen","28":"product_tag-naruto-statuen-kaufen","29":"product_tag-resin-collectibles","30":"product_tag-resin-statuen","31":"product_tag-resin-statuen-kaufen","32":"pa_brand-yoyo-studio","33":"pa_scale-1_to_7","35":"first","36":"outofstock","37":"taxable","38":"shipping-taxable","39":"product-type-variable"},"_links":{"self":[{"href":"https:\/\/store.handsomecake.com\/en\/wp-json\/wp\/v2\/product\/18773","targetHints":{"allow":["GET"]}}],"collection":[{"href":"https:\/\/store.handsomecake.com\/en\/wp-json\/wp\/v2\/product"}],"about":[{"href":"https:\/\/store.handsomecake.com\/en\/wp-json\/wp\/v2\/types\/product"}],"replies":[{"embeddable":true,"href":"https:\/\/store.handsomecake.com\/en\/wp-json\/wp\/v2\/comments?post=18773"}],"wp:featuredmedia":[{"embeddable":true,"href":"https:\/\/store.handsomecake.com\/en\/wp-json\/wp\/v2\/media\/18791"}],"wp:attachment":[{"href":"https:\/\/store.handsomecake.com\/en\/wp-json\/wp\/v2\/media?parent=18773"}],"wp:term":[{"taxonomy":"product_brand","embeddable":true,"href":"https:\/\/store.handsomecake.com\/en\/wp-json\/wp\/v2\/product_brand?post=18773"},{"taxonomy":"product_cat","embeddable":true,"href":"https:\/\/store.handsomecake.com\/en\/wp-json\/wp\/v2\/product_cat?post=18773"},{"taxonomy":"product_tag","embeddable":true,"href":"https:\/\/store.handsomecake.com\/en\/wp-json\/wp\/v2\/product_tag?post=18773"}],"curies":[{"name":"wp","href":"https:\/\/api.w.org\/{rel}","templated":true}]}}