{"id":18474,"date":"2023-01-14T02:36:48","date_gmt":"2023-01-14T02:36:48","guid":{"rendered":"https:\/\/store.handsomecake.com\/product\/pokemon-ocean-16-resin-statue-von-egg-studio\/"},"modified":"2024-06-12T15:36:34","modified_gmt":"2024-06-12T15:36:34","slug":"pokemon-ocean-16-resin-statue-von-egg-studio","status":"publish","type":"product","link":"https:\/\/store.handsomecake.com\/en\/product\/pokemon-ocean-16-resin-statue-von-egg-studio\/","title":{"rendered":"Pok\u00e9mon &#8211; Ocean | 1:6 Resin Statue | von EGG Studio"},"content":{"rendered":"<p><strong>Pok\u00e9mon &#8211; Ocean | 1:6 Resin Statue | von EGG Studio<\/strong><\/p>\n<p>I do ship EU-wide, please contact me, should questions arise.<\/p>\n<p>Tolle Statue von Wasser-Pokemon (Sobble, Froakie, Blastoise, Squirtle, Magikarp, Piplup, Oshawott, Popplio, Mudkip, Totodile, Quaxly, Shellder)<br \/>\nWunderbar verarbeitete und sehr detaillierte Wasser-Pokemon Statue aus Polystone &#8211; k\u00fcnstlichem Stein-Harz-Gemisch.<\/p>\n<p><strong>Besonderheiten<\/strong>:<\/p>\n<ul>\n<li>230 St\u00fcck weltweit<\/li>\n<\/ul>\n<p><strong>Release-Status:<\/strong><\/p>\n<ul>\n<li>Lagernd vor Ort. Versandfertig in ca. 5 Werktagen.<\/li>\n<\/ul>\n<p>Wie immer bei meinen Aktionen &#8211; s\u00e4mtliche Geb\u00fchren sind, im Gegensatz zu anderen Angeboten, bereits inkludiert. Versand erfolgt ausschlie\u00dflich aus Deutschland, es fallen keine Zoll- und Importgeb\u00fchren an. Ihr kauft keine Katze im Sack \ud83d\ude42<\/p>\n<p><strong>Ma\u00dfe der Statue:<\/strong><\/p>\n<ul>\n<li>Gr\u00f6\u00dfe: ca. H32cm x W29cm x D27cm<\/li>\n<li>Gewicht: TBA, gesch\u00e4tzt: ca. 10kg<\/li>\n<\/ul>\n<p>You are not prepared! \ud83d\ude42<\/p>","protected":false},"excerpt":{"rendered":"<p>Pok\u00e9mon &#8211; Ocean | 1:6 Resin Statue | von EGG Studio I do ship EU-wide, please contact me, should questions arise. Tolle Statue von Wasser-Pokemon (Sobble, Froakie, Blastoise, Squirtle, Magikarp, Piplup, Oshawott, Popplio, Mudkip, Totodile, Quaxly, Shellder) Wunderbar verarbeitete und sehr detaillierte Wasser-Pokemon Statue aus Polystone &#8211; k\u00fcnstlichem Stein-Harz-Gemisch. Besonderheiten: 230 St\u00fcck weltweit Release-Status: Lagernd [&hellip;]<\/p>\n","protected":false},"featured_media":30275,"comment_status":"closed","ping_status":"closed","template":"","meta":[],"product_brand":[],"product_cat":[826,125,84],"product_tag":[147,251,2314,211,213,212,154,136,137,2312,2313,2311],"class_list":{"0":"post-18474","1":"product","2":"type-product","3":"status-publish","4":"has-post-thumbnail","6":"product_cat-lagernd-vor-ort","7":"product_cat-pokemon","8":"product_cat-statuen-anime-comic-universum","9":"product_tag-collectibles","10":"product_tag-collectibles-kaufen","11":"product_tag-ocean-pokemon","12":"product_tag-pokemon","13":"product_tag-pokemon-collectibles","14":"product_tag-pokemon-statuen","15":"product_tag-resin-collectibles","16":"product_tag-resin-statuen","17":"product_tag-resin-statuen-kaufen","18":"product_tag-water-type","19":"product_tag-water-type-pokemon","20":"product_tag-water-type-statue","21":"pa_brand-egg-studio","22":"pa_scale-1_to_6","24":"first","25":"instock","26":"sale","27":"taxable","28":"shipping-taxable","29":"product-type-simple"},"_links":{"self":[{"href":"https:\/\/store.handsomecake.com\/en\/wp-json\/wp\/v2\/product\/18474","targetHints":{"allow":["GET"]}}],"collection":[{"href":"https:\/\/store.handsomecake.com\/en\/wp-json\/wp\/v2\/product"}],"about":[{"href":"https:\/\/store.handsomecake.com\/en\/wp-json\/wp\/v2\/types\/product"}],"replies":[{"embeddable":true,"href":"https:\/\/store.handsomecake.com\/en\/wp-json\/wp\/v2\/comments?post=18474"}],"wp:featuredmedia":[{"embeddable":true,"href":"https:\/\/store.handsomecake.com\/en\/wp-json\/wp\/v2\/media\/30275"}],"wp:attachment":[{"href":"https:\/\/store.handsomecake.com\/en\/wp-json\/wp\/v2\/media?parent=18474"}],"wp:term":[{"taxonomy":"product_brand","embeddable":true,"href":"https:\/\/store.handsomecake.com\/en\/wp-json\/wp\/v2\/product_brand?post=18474"},{"taxonomy":"product_cat","embeddable":true,"href":"https:\/\/store.handsomecake.com\/en\/wp-json\/wp\/v2\/product_cat?post=18474"},{"taxonomy":"product_tag","embeddable":true,"href":"https:\/\/store.handsomecake.com\/en\/wp-json\/wp\/v2\/product_tag?post=18474"}],"curies":[{"name":"wp","href":"https:\/\/api.w.org\/{rel}","templated":true}]}}