{"id":18447,"date":"2023-01-14T02:04:02","date_gmt":"2023-01-14T02:04:02","guid":{"rendered":"https:\/\/store.handsomecake.com\/product\/chainsaw-man-hayakawa-aki-16-resin-statue-von-niren-studio\/"},"modified":"2024-09-03T20:25:51","modified_gmt":"2024-09-03T20:25:51","slug":"chainsaw-man-hayakawa-aki-16-resin-statue-von-niren-studio","status":"publish","type":"product","link":"https:\/\/store.handsomecake.com\/en\/product\/chainsaw-man-hayakawa-aki-16-resin-statue-von-niren-studio\/","title":{"rendered":"Chainsaw Man &#8211; Hayakawa Aki | 1:6 Resin Statue | von Niren Studio"},"content":{"rendered":"<p><strong>Chainsaw Man &#8211; Hayakawa Aki | 1:6 Resin Statue | von Niren Studio<\/strong><\/p>\n<p>I do ship EU-wide, please contact me, should questions arise.<\/p>\n<p>Tolle Statue von Public Safety Devil Hunter von Makimas Squad &#8211; Aki.<br \/>\nWunderbar verarbeitete und sehr detaillierte Hayakawa Aki Statue aus Polystone &#8211; k\u00fcnstlichem Stein-Harz-Gemisch.<\/p>\n<p><strong>Besonderheiten:<\/strong><\/p>\n<ul>\n<li>199 St\u00fcck weltweit<\/li>\n<li>mit LED<\/li>\n<li>2 austauschbare K\u00f6pfe und 2 austauschbare K\u00f6rper<\/li>\n<\/ul>\n<p><strong>Release-Status:<\/strong><\/p>\n<ul>\n<li>Preorder. Statue wird voraussichtlich in Q3 2023 released und wir erwarten sie sch\u00e4tzungsweise Ende November 2023 bei uns im Warenlager.<\/li>\n<\/ul>\n<p>Wie immer bei meinen Aktionen &#8211; s\u00e4mtliche Geb\u00fchren sind, im Gegensatz zu anderen Angeboten, bereits inkludiert. Versand erfolgt ausschlie\u00dflich aus Deutschland, es fallen keine Zoll- und Importgeb\u00fchren an. Ihr kauft keine Katze im Sack \ud83d\ude42<\/p>\n<p><strong>Ma\u00dfe der Statue:<\/strong><\/p>\n<ul>\n<li>Gr\u00f6\u00dfe: ca. H61cm x W59cm x D52cm<\/li>\n<li>Gewicht: TBA, gesch\u00e4tzt: ca. 14kg<\/li>\n<\/ul>\n<p>You are not prepared! \ud83d\ude42<\/p>","protected":false},"excerpt":{"rendered":"<p>Chainsaw Man &#8211; Hayakawa Aki | 1:6 Resin Statue | von Niren Studio I do ship EU-wide, please contact me, should questions arise. Tolle Statue von Public Safety Devil Hunter von Makimas Squad &#8211; Aki. Wunderbar verarbeitete und sehr detaillierte Hayakawa Aki Statue aus Polystone &#8211; k\u00fcnstlichem Stein-Harz-Gemisch. Besonderheiten: 199 St\u00fcck weltweit mit LED 2 [&hellip;]<\/p>\n","protected":false},"featured_media":18464,"comment_status":"closed","ping_status":"closed","template":"","meta":[],"product_brand":[],"product_cat":[2404,568,84],"product_tag":[2193,612,659,666,717,794,662,640,658,1643,479,147,251,795,2192,2194,2195,154,255,136,137,379,381,552,380],"class_list":{"0":"post-18447","1":"product","2":"type-product","3":"status-publish","4":"has-post-thumbnail","6":"product_cat-chainsaw-man","7":"product_cat-preorder","8":"product_cat-statuen-anime-comic-universum","9":"product_tag-aki-chainsaw-man","10":"product_tag-anime","11":"product_tag-anime-figuren","12":"product_tag-anime-figuren-shop","13":"product_tag-anime-shop","14":"product_tag-anime-statue","15":"product_tag-anime-statue-shop","16":"product_tag-anime-statuen","17":"product_tag-anime-toys","18":"product_tag-chainsaw-man","19":"product_tag-collectible","20":"product_tag-collectibles","21":"product_tag-collectibles-kaufen","22":"product_tag-handsomecake","23":"product_tag-hayakawa-aki","24":"product_tag-hayakawa-collectible","25":"product_tag-hayakawa-statue","26":"product_tag-resin-collectibles","27":"product_tag-resin-collectibles-kaufen","28":"product_tag-resin-statuen","29":"product_tag-resin-statuen-kaufen","30":"product_tag-statue-collectible","31":"product_tag-statue-collectibles","32":"product_tag-statue-collector","33":"product_tag-statues-collectible","34":"pa_brand-niren-studio","35":"pa_scale-1_to_6","37":"first","38":"outofstock","39":"taxable","40":"shipping-taxable","41":"product-type-variable"},"_links":{"self":[{"href":"https:\/\/store.handsomecake.com\/en\/wp-json\/wp\/v2\/product\/18447","targetHints":{"allow":["GET"]}}],"collection":[{"href":"https:\/\/store.handsomecake.com\/en\/wp-json\/wp\/v2\/product"}],"about":[{"href":"https:\/\/store.handsomecake.com\/en\/wp-json\/wp\/v2\/types\/product"}],"replies":[{"embeddable":true,"href":"https:\/\/store.handsomecake.com\/en\/wp-json\/wp\/v2\/comments?post=18447"}],"wp:featuredmedia":[{"embeddable":true,"href":"https:\/\/store.handsomecake.com\/en\/wp-json\/wp\/v2\/media\/18464"}],"wp:attachment":[{"href":"https:\/\/store.handsomecake.com\/en\/wp-json\/wp\/v2\/media?parent=18447"}],"wp:term":[{"taxonomy":"product_brand","embeddable":true,"href":"https:\/\/store.handsomecake.com\/en\/wp-json\/wp\/v2\/product_brand?post=18447"},{"taxonomy":"product_cat","embeddable":true,"href":"https:\/\/store.handsomecake.com\/en\/wp-json\/wp\/v2\/product_cat?post=18447"},{"taxonomy":"product_tag","embeddable":true,"href":"https:\/\/store.handsomecake.com\/en\/wp-json\/wp\/v2\/product_tag?post=18447"}],"curies":[{"name":"wp","href":"https:\/\/api.w.org\/{rel}","templated":true}]}}