{"id":1833,"date":"2021-01-02T20:26:29","date_gmt":"2021-01-02T20:26:29","guid":{"rendered":"https:\/\/store.handsomecake.com\/product\/traditional-fantasy-martial-arts-goddess-14-resin-statue-vom-core-play\/"},"modified":"2024-06-12T14:34:23","modified_gmt":"2024-06-12T14:34:23","slug":"traditional-fantasy-martial-arts-goddess-14-resin-statue-vom-core-play","status":"publish","type":"product","link":"https:\/\/store.handsomecake.com\/en\/product\/traditional-fantasy-martial-arts-goddess-14-resin-statue-vom-core-play\/","title":{"rendered":"Traditional Fantasy &#8211; Martial Arts Goddess | 1:4 Resin Statue | vom Core Play"},"content":{"rendered":"<p>Traditional Fantasy &#8211; Martial Arts Goddess &#8218; 1:4 Resin Statue &#8218; vom Core Play Studio<\/p>\n<p>EU Taxfree! I do ship EU-wide, please contact me, should questions arise.<br \/>EU shipping costs are more an estimate and will be recalculated (and you will receive a refund, if shippings costs turn out to be lower in the end).<br \/>Example &#8211; some statues are stated as 58cm width. Until they arrive we can&#8217;t guarantee if its the width WITH packaging or without. If it&#8217;s WITH, we fit under the 60cm rule and if the weight is under 31.5kg as well, shipping will be as low as 43.86\u20ac (current DHL price), if the statue is over 60cm with packaging, we will need to engage a hauling company&#8230;<\/p>\n<p>Ca. 75 cm gro\u00dfe Statue einer fern\u00f6stlichen Kampfesg\u00f6ttin<\/p>\n<p>Wunderbar verarbeitete und sehr detaillierte Statue von einer Martial Arts Kampfg\u00f6ttin aus Polystone &#8211; k\u00fcnstlichem Stein-Harz-Gemisch.<\/p>\n<p>Besonderheiten:<\/p>\n<p>* keine<\/p>\n<p>Release-Status:<\/p>\n<p>*<br \/>Pre order. Release ca. Ende Q3 2020 erwartet, bei uns im Lager voraussichtlich Ende Oktober 2021.<\/p>\n<p>Wie immer bei meinen Artikeln &#8211; s\u00e4mtliche Geb\u00fchren sind, im Gegensatz zu anderen Angeboten, bereits inkludiert. Versand erfolgt ausschlie\u00dflich aus Deutschland, es fallen keine Zoll- und Importgeb\u00fchren an. Ihr kauft keine Katze im Sack \ud83d\ude42<\/p>\n<p>Preis-Hinweis:<br \/>Solltet ihr die Statue direkt \u00fcber unseren Online-Shop (einfach den Benutzernamen googeln) kaufen, so erhaltet ihr auf jeden Fall die Tiefstpreisgarantie &#8211; sollte beispielsweise der Versand, Zoll oder die Einfuhrumsatzsteuer am Ende, also wenn die Statue bei uns im Warenlager angekommen ist, geringer ausfallen, so leiten wir die Preisreduzierung 1:1 an euch weiter! Der Catfish Arthas war z.b. urspr\u00fcnglich f\u00fcr 1850\u20ac drin, Endpreis war 1569\u20ac.<\/p>\n<p>Ma\u00dfe der Statue:<br \/>Gr\u00f6\u00dfe: ca. 76cm x 70cm x 50cm (gesch\u00e4tzt)<br \/>Gewicht: \u00fcber 40kg (gesch\u00e4tzt)<\/p>\n<p>You are not prepared! \ud83d\ude42<\/p>","protected":false},"excerpt":{"rendered":"<p>Traditional Fantasy &#8211; Martial Arts Goddess &#8218; 1:4 Resin Statue &#8218; vom Core Play Studio EU Taxfree! I do ship EU-wide, please contact me, should questions arise.EU shipping costs are more an estimate and will be recalculated (and you will receive a refund, if shippings costs turn out to be lower in the end).Example &#8211; [&hellip;]<\/p>\n","protected":false},"featured_media":1834,"comment_status":"closed","ping_status":"closed","template":"","meta":[],"product_brand":[],"product_cat":[184],"product_tag":[],"class_list":{"0":"post-1833","1":"product","2":"type-product","3":"status-publish","4":"has-post-thumbnail","6":"product_cat-sonstige-resin-statuen","7":"pa_brand-leviathan-studio","8":"pa_scale-1_to_4","10":"first","11":"onbackorder","12":"product-type-simple"},"_links":{"self":[{"href":"https:\/\/store.handsomecake.com\/en\/wp-json\/wp\/v2\/product\/1833","targetHints":{"allow":["GET"]}}],"collection":[{"href":"https:\/\/store.handsomecake.com\/en\/wp-json\/wp\/v2\/product"}],"about":[{"href":"https:\/\/store.handsomecake.com\/en\/wp-json\/wp\/v2\/types\/product"}],"replies":[{"embeddable":true,"href":"https:\/\/store.handsomecake.com\/en\/wp-json\/wp\/v2\/comments?post=1833"}],"wp:featuredmedia":[{"embeddable":true,"href":"https:\/\/store.handsomecake.com\/en\/wp-json\/wp\/v2\/media\/1834"}],"wp:attachment":[{"href":"https:\/\/store.handsomecake.com\/en\/wp-json\/wp\/v2\/media?parent=1833"}],"wp:term":[{"taxonomy":"product_brand","embeddable":true,"href":"https:\/\/store.handsomecake.com\/en\/wp-json\/wp\/v2\/product_brand?post=1833"},{"taxonomy":"product_cat","embeddable":true,"href":"https:\/\/store.handsomecake.com\/en\/wp-json\/wp\/v2\/product_cat?post=1833"},{"taxonomy":"product_tag","embeddable":true,"href":"https:\/\/store.handsomecake.com\/en\/wp-json\/wp\/v2\/product_tag?post=1833"}],"curies":[{"name":"wp","href":"https:\/\/api.w.org\/{rel}","templated":true}]}}