{"id":18219,"date":"2023-01-04T20:48:01","date_gmt":"2023-01-04T20:48:01","guid":{"rendered":"https:\/\/store.handsomecake.com\/product\/dragon-ball-ultra-instinct-son-goku-14-resin-statue-von-zbc-studio\/"},"modified":"2024-06-12T15:35:24","modified_gmt":"2024-06-12T15:35:24","slug":"dragon-ball-ultra-instinct-son-goku-14-resin-statue-von-zbc-studio","status":"publish","type":"product","link":"https:\/\/store.handsomecake.com\/en\/product\/dragon-ball-ultra-instinct-son-goku-14-resin-statue-von-zbc-studio\/","title":{"rendered":"Dragon Ball &#8211; Ultra Instinct Son Goku | 1:4 Resin Statue | von ZBC Studio"},"content":{"rendered":"<p>Dragon Ball &#8211; Ultra Instinct Son Goku | 1:4 Resin Statue | von ZBC Studio<\/p>\n<p>EU Taxfree! I do ship EU-wide, please contact me, should questions arise.<\/p>\n<p>Tolle Statue unseres geliebten Super Sayajins in seiner Ultra Instinct-Form<br \/>\nWunderbar verarbeitete und sehr detaillierte Statue von Son Goku aus Polystone &#8211; k\u00fcnstlichem Stein-Harz-Gemisch.<\/p>\n<p><strong>Besonderheiten:<\/strong><\/p>\n<ul>\n<li>EX Version (+ austauschbare B\u00fcste)<\/li>\n<li>mit LED<\/li>\n<li>2 austauschbare K\u00f6pfe<\/li>\n<\/ul>\n<p><strong>Release-Status:<\/strong><\/p>\n<ul>\n<li>Preorder. Release ca. Q3 2023 erwartet, bei uns im Lager voraussichtlich Ende Oktober 2023.<\/li>\n<\/ul>\n<p>Wie immer bei meinen Artikeln &#8211; s\u00e4mtliche Geb\u00fchren sind, im Gegensatz zu anderen Angeboten, bereits inkludiert. Versand erfolgt ausschlie\u00dflich aus Deutschland, es fallen keine Zoll- und Importgeb\u00fchren an. Ihr kauft keine Katze im Sack \ud83d\ude42<\/p>\n<p><strong>Ma\u00dfe der Statue:<\/strong><\/p>\n<ul>\n<li>Gr\u00f6\u00dfe: ca. H64cm x W30cm x D33cm<\/li>\n<li>Gewicht: TBA, ca.12kg (gesch\u00e4tzt)<\/li>\n<\/ul>\n<p>You are not prepared! \ud83d\ude42<\/p>","protected":false},"excerpt":{"rendered":"<p>Dragon Ball &#8211; Ultra Instinct Son Goku | 1:4 Resin Statue | von ZBC Studio EU Taxfree! I do ship EU-wide, please contact me, should questions arise. Tolle Statue unseres geliebten Super Sayajins in seiner Ultra Instinct-Form Wunderbar verarbeitete und sehr detaillierte Statue von Son Goku aus Polystone &#8211; k\u00fcnstlichem Stein-Harz-Gemisch. Besonderheiten: EX Version (+ [&hellip;]<\/p>\n","protected":false},"featured_media":18228,"comment_status":"closed","ping_status":"closed","template":"","meta":[],"product_brand":[],"product_cat":[24,87,568,84],"product_tag":[147,251,190,2252,471,191,171,346,97,2223,469,470,154,136,137,1273,472,379,381,380,382],"class_list":{"0":"post-18219","1":"product","2":"type-product","3":"status-publish","4":"has-post-thumbnail","6":"product_cat-action-figuren","7":"product_cat-dragon-ball","8":"product_cat-preorder","9":"product_cat-statuen-anime-comic-universum","10":"product_tag-collectibles","11":"product_tag-collectibles-kaufen","12":"product_tag-dragon-ball-collectibles","13":"product_tag-dragon-ball-goku","14":"product_tag-dragon-ball-lifesize","15":"product_tag-dragon-ball-resin","16":"product_tag-dragon-ball-son-goku","17":"product_tag-dragon-ball-son-goku-collectible","18":"product_tag-dragon-ball-statue","19":"product_tag-dragon-ball-z-goku","20":"product_tag-lifesize-collectibles","21":"product_tag-lifesize-statuen","22":"product_tag-resin-collectibles","23":"product_tag-resin-statuen","24":"product_tag-resin-statuen-kaufen","25":"product_tag-resincollectors","26":"product_tag-son-goku-statue","27":"product_tag-statue-collectible","28":"product_tag-statue-collectibles","29":"product_tag-statues-collectible","30":"product_tag-statues-collectibles","31":"pa_brand-zbc-studio","32":"pa_scale-1_to_4","34":"first","35":"outofstock","36":"taxable","37":"shipping-taxable","38":"product-type-simple"},"_links":{"self":[{"href":"https:\/\/store.handsomecake.com\/en\/wp-json\/wp\/v2\/product\/18219","targetHints":{"allow":["GET"]}}],"collection":[{"href":"https:\/\/store.handsomecake.com\/en\/wp-json\/wp\/v2\/product"}],"about":[{"href":"https:\/\/store.handsomecake.com\/en\/wp-json\/wp\/v2\/types\/product"}],"replies":[{"embeddable":true,"href":"https:\/\/store.handsomecake.com\/en\/wp-json\/wp\/v2\/comments?post=18219"}],"wp:featuredmedia":[{"embeddable":true,"href":"https:\/\/store.handsomecake.com\/en\/wp-json\/wp\/v2\/media\/18228"}],"wp:attachment":[{"href":"https:\/\/store.handsomecake.com\/en\/wp-json\/wp\/v2\/media?parent=18219"}],"wp:term":[{"taxonomy":"product_brand","embeddable":true,"href":"https:\/\/store.handsomecake.com\/en\/wp-json\/wp\/v2\/product_brand?post=18219"},{"taxonomy":"product_cat","embeddable":true,"href":"https:\/\/store.handsomecake.com\/en\/wp-json\/wp\/v2\/product_cat?post=18219"},{"taxonomy":"product_tag","embeddable":true,"href":"https:\/\/store.handsomecake.com\/en\/wp-json\/wp\/v2\/product_tag?post=18219"}],"curies":[{"name":"wp","href":"https:\/\/api.w.org\/{rel}","templated":true}]}}