{"id":1819,"date":"2021-01-01T09:23:31","date_gmt":"2021-01-01T09:23:31","guid":{"rendered":"https:\/\/store.handsomecake.com\/product\/dragon-ball-z-android-18-14-resin-statue-vom-faceted-pebble-studio\/"},"modified":"2024-06-12T14:34:14","modified_gmt":"2024-06-12T14:34:14","slug":"dragon-ball-z-android-18-14-resin-statue-vom-faceted-pebble-studio","status":"publish","type":"product","link":"https:\/\/store.handsomecake.com\/en\/product\/dragon-ball-z-android-18-14-resin-statue-vom-faceted-pebble-studio\/","title":{"rendered":"Dragon Ball Z &#8211; Android 18 | 1:4 Resin Statue | vom Faceted Pebble Studio"},"content":{"rendered":"<p>Dragon Ball Z &#8211; Android 18 &#8218; 1:4 Resin Statue &#8218; vom Faceted Pebble Studio<\/p>\n<p>EU Taxfree! I do ship EU-wide, please contact me, should questions arise.<br \/>\nEU shipping costs are more an estimate and will be recalculated (and you will receive a refund, if shippings costs turn out to be lower in the end).<br \/>\nExample &#8211; some statues are stated as 58cm width. Until they arrive we can&#8217;t guarantee if its the width WITH packaging or without. If it&#8217;s WITH, we fit under the 60cm rule and if the weight is under 31.5kg as well, shipping will be as low as 43.86\u20ac (current DHL price), if the statue is over 60cm with packaging, we will need to engage a hauling company&#8230;<\/p>\n<p>Ca. 50 cm gro\u00dfe Statue der zuk\u00fcnftigen Ehefrau von Krilin<\/p>\n<p>Wunderbar verarbeitete und sehr detaillierte Statue von Android 18 aus Polystone &#8211; k\u00fcnstlichem Stein-Harz-Gemisch.<\/p>\n<p>Besonderheiten:<\/p>\n<ul>\n<li>Top und Unterw\u00e4sche k\u00f6nnen entfernt werden<\/li>\n<li>weltweit nur 260 St\u00fcck<\/li>\n<\/ul>\n<p>Release-Status:<\/p>\n<ul>\n<li>Pre order. Release ca. Q1 2022 erwartet, bei uns im Lager voraussichtlich Ende Mai 2022.<\/li>\n<\/ul>\n<p>Wie immer bei meinen Artikeln &#8211; s\u00e4mtliche Geb\u00fchren sind, im Gegensatz zu anderen Angeboten, bereits inkludiert. Versand erfolgt ausschlie\u00dflich aus Deutschland, es fallen keine Zoll- und Importgeb\u00fchren an. Ihr kauft keine Katze im Sack \ud83d\ude42<\/p>\n<p>Preis-Hinweis:<br \/>\nSolltet ihr die Statue direkt \u00fcber unseren Online-Shop (einfach den Benutzernamen googeln) kaufen, so erhaltet ihr auf jeden Fall die Tiefstpreisgarantie &#8211; sollte beispielsweise der Versand, Zoll oder die Einfuhrumsatzsteuer am Ende, also wenn die Statue bei uns im Warenlager angekommen ist, geringer ausfallen, so leiten wir die Preisreduzierung 1:1 an euch weiter! Der Catfish Arthas war z.b. urspr\u00fcnglich f\u00fcr 1850\u20ac drin, Endpreis war 1569\u20ac.<\/p>\n<p>Ma\u00dfe der Statue:<br \/>\nGr\u00f6\u00dfe: ca. 65cm x 43cm x 40cm (gesch\u00e4tzt)<br \/>\nGewicht: \u00fcber 30kg (gesch\u00e4tzt)<\/p>\n<p>You are not prepared! \ud83d\ude42<\/p>","protected":false},"excerpt":{"rendered":"<p>Dragon Ball Z &#8211; Android 18 &#8218; 1:4 Resin Statue &#8218; vom Faceted Pebble Studio EU Taxfree! I do ship EU-wide, please contact me, should questions arise. EU shipping costs are more an estimate and will be recalculated (and you will receive a refund, if shippings costs turn out to be lower in the end). [&hellip;]<\/p>\n","protected":false},"featured_media":1820,"comment_status":"closed","ping_status":"closed","template":"","meta":[],"product_brand":[],"product_cat":[87,84],"product_tag":[147,251,190,471,191,171,346,97,386,469,470,154,136,137,388,387,472,379,381,380,382],"class_list":{"0":"post-1819","1":"product","2":"type-product","3":"status-publish","4":"has-post-thumbnail","6":"product_cat-dragon-ball","7":"product_cat-statuen-anime-comic-universum","8":"product_tag-collectibles","9":"product_tag-collectibles-kaufen","10":"product_tag-dragon-ball-collectibles","11":"product_tag-dragon-ball-lifesize","12":"product_tag-dragon-ball-resin","13":"product_tag-dragon-ball-son-goku","14":"product_tag-dragon-ball-son-goku-collectible","15":"product_tag-dragon-ball-statue","16":"product_tag-dragon-ball-z-son-gohan","17":"product_tag-lifesize-collectibles","18":"product_tag-lifesize-statuen","19":"product_tag-resin-collectibles","20":"product_tag-resin-statuen","21":"product_tag-resin-statuen-kaufen","22":"product_tag-son-gohan-collectible","23":"product_tag-son-gohan-statue","24":"product_tag-son-goku-statue","25":"product_tag-statue-collectible","26":"product_tag-statue-collectibles","27":"product_tag-statues-collectible","28":"product_tag-statues-collectibles","29":"pa_brand-faceted-pebble","30":"pa_scale-1_to_4","32":"first","33":"onbackorder","34":"taxable","35":"shipping-taxable","36":"product-type-variable"},"_links":{"self":[{"href":"https:\/\/store.handsomecake.com\/en\/wp-json\/wp\/v2\/product\/1819","targetHints":{"allow":["GET"]}}],"collection":[{"href":"https:\/\/store.handsomecake.com\/en\/wp-json\/wp\/v2\/product"}],"about":[{"href":"https:\/\/store.handsomecake.com\/en\/wp-json\/wp\/v2\/types\/product"}],"replies":[{"embeddable":true,"href":"https:\/\/store.handsomecake.com\/en\/wp-json\/wp\/v2\/comments?post=1819"}],"wp:featuredmedia":[{"embeddable":true,"href":"https:\/\/store.handsomecake.com\/en\/wp-json\/wp\/v2\/media\/1820"}],"wp:attachment":[{"href":"https:\/\/store.handsomecake.com\/en\/wp-json\/wp\/v2\/media?parent=1819"}],"wp:term":[{"taxonomy":"product_brand","embeddable":true,"href":"https:\/\/store.handsomecake.com\/en\/wp-json\/wp\/v2\/product_brand?post=1819"},{"taxonomy":"product_cat","embeddable":true,"href":"https:\/\/store.handsomecake.com\/en\/wp-json\/wp\/v2\/product_cat?post=1819"},{"taxonomy":"product_tag","embeddable":true,"href":"https:\/\/store.handsomecake.com\/en\/wp-json\/wp\/v2\/product_tag?post=1819"}],"curies":[{"name":"wp","href":"https:\/\/api.w.org\/{rel}","templated":true}]}}