{"id":18172,"date":"2023-01-04T00:32:26","date_gmt":"2023-01-04T00:32:26","guid":{"rendered":"https:\/\/store.handsomecake.com\/product\/bleach-yoruichi-shihouin-16-resin-statue-von-re-souls-studio\/"},"modified":"2025-01-08T16:24:31","modified_gmt":"2025-01-08T16:24:31","slug":"bleach-yoruichi-shihouin-16-resin-statue-von-re-souls-studio","status":"publish","type":"product","link":"https:\/\/store.handsomecake.com\/en\/product\/bleach-yoruichi-shihouin-16-resin-statue-von-re-souls-studio\/","title":{"rendered":"Bleach &#8211; Yoruichi Shihouin | 1:6 Resin Statue | von Re.Souls Studio"},"content":{"rendered":"<p>Bleach &#8211; Yoruichi Shihouin | 1:6 Resin Statue | von Re.Souls Studio<\/p>\n<p>EU Taxfree! I do ship EU-wide, please contact me, should questions arise.<\/p>\n<p>Tolle Statue der ehemaligen Kommandantin der 2.Kompanie der Gotei 13<br \/>\nWunderbar verarbeitete und sehr detaillierte Statue von Yoruichi Shihouin aus Polystone &#8211; k\u00fcnstlichem Stein-Harz-Gemisch.<\/p>\n<p><strong>Besonderheiten:<\/strong><\/p>\n<ul>\n<li>mit LED<\/li>\n<\/ul>\n<p><strong>Release-Status:<\/strong><\/p>\n<ul>\n<li>Lagernd vor Ort. Versandfertig in ca. 5 Werktagen.<\/li>\n<\/ul>\n<p>Wie immer bei meinen Artikeln &#8211; s\u00e4mtliche Geb\u00fchren sind, im Gegensatz zu anderen Angeboten, bereits inkludiert. Versand erfolgt ausschlie\u00dflich aus Deutschland, es fallen keine Zoll- und Importgeb\u00fchren an. Ihr kauft keine Katze im Sack \ud83d\ude42<\/p>\n<p><strong>Ma\u00dfe der Statue:<\/strong><\/p>\n<ul>\n<li>Gr\u00f6\u00dfe ca. 45cm x 33cm x 24cm<\/li>\n<li>Gewicht: ca. 12kg (gesch\u00e4tzt)<\/li>\n<\/ul>\n<p>You are not prepared! \ud83d\ude42<\/p>","protected":false},"excerpt":{"rendered":"<p>Bleach &#8211; Yoruichi Shihouin | 1:6 Resin Statue | von Re.Souls Studio EU Taxfree! I do ship EU-wide, please contact me, should questions arise. Tolle Statue der ehemaligen Kommandantin der 2.Kompanie der Gotei 13 Wunderbar verarbeitete und sehr detaillierte Statue von Yoruichi Shihouin aus Polystone &#8211; k\u00fcnstlichem Stein-Harz-Gemisch. Besonderheiten: mit LED Release-Status: Lagernd vor Ort. [&hellip;]<\/p>\n","protected":false},"featured_media":18173,"comment_status":"closed","ping_status":"closed","template":"","meta":[],"product_brand":[],"product_cat":[826,84],"product_tag":[612,659,666,658,991,992,995,993,994,996,147,251,383,553,795,997,998,999,1000,1001,154,136,554,379,381,552,547,2212,2213],"class_list":{"0":"post-18172","1":"product","2":"type-product","3":"status-publish","4":"has-post-thumbnail","6":"product_cat-lagernd-vor-ort","7":"product_cat-statuen-anime-comic-universum","8":"product_tag-anime","9":"product_tag-anime-figuren","10":"product_tag-anime-figuren-shop","11":"product_tag-anime-toys","12":"product_tag-bleach-statue","13":"product_tag-bleach-collectibles","14":"product_tag-bleach","15":"product_tag-bleach-resin","16":"product_tag-bleach-statues","17":"product_tag-bleach-toys","18":"product_tag-collectibles","19":"product_tag-collectibles-kaufen","20":"product_tag-collector","21":"product_tag-figure-collector","22":"product_tag-handsomecake","23":"product_tag-ichigo-kurosaki","24":"product_tag-ichigo-kurosaki-collectibles","25":"product_tag-ichigo-kurosaki-resin","26":"product_tag-ichigo-kurosaki-statues","27":"product_tag-ichigo-kurosaki-toys","28":"product_tag-resin-collectibles","29":"product_tag-resin-statuen","30":"product_tag-resin-statues","31":"product_tag-statue-collectible","32":"product_tag-statue-collectibles","33":"product_tag-statue-collector","34":"product_tag-statues-collector","35":"product_tag-yoruichi","36":"product_tag-yoruichi-statue","37":"pa_brand-re-souls-studio","38":"pa_scale-1_to_6","40":"first","41":"instock","42":"taxable","43":"shipping-taxable","44":"product-type-simple"},"_links":{"self":[{"href":"https:\/\/store.handsomecake.com\/en\/wp-json\/wp\/v2\/product\/18172","targetHints":{"allow":["GET"]}}],"collection":[{"href":"https:\/\/store.handsomecake.com\/en\/wp-json\/wp\/v2\/product"}],"about":[{"href":"https:\/\/store.handsomecake.com\/en\/wp-json\/wp\/v2\/types\/product"}],"replies":[{"embeddable":true,"href":"https:\/\/store.handsomecake.com\/en\/wp-json\/wp\/v2\/comments?post=18172"}],"wp:featuredmedia":[{"embeddable":true,"href":"https:\/\/store.handsomecake.com\/en\/wp-json\/wp\/v2\/media\/18173"}],"wp:attachment":[{"href":"https:\/\/store.handsomecake.com\/en\/wp-json\/wp\/v2\/media?parent=18172"}],"wp:term":[{"taxonomy":"product_brand","embeddable":true,"href":"https:\/\/store.handsomecake.com\/en\/wp-json\/wp\/v2\/product_brand?post=18172"},{"taxonomy":"product_cat","embeddable":true,"href":"https:\/\/store.handsomecake.com\/en\/wp-json\/wp\/v2\/product_cat?post=18172"},{"taxonomy":"product_tag","embeddable":true,"href":"https:\/\/store.handsomecake.com\/en\/wp-json\/wp\/v2\/product_tag?post=18172"}],"curies":[{"name":"wp","href":"https:\/\/api.w.org\/{rel}","templated":true}]}}