{"id":18026,"date":"2022-12-27T17:35:13","date_gmt":"2022-12-27T17:35:13","guid":{"rendered":"https:\/\/store.handsomecake.com\/product\/taimanin-asagi-asagi-igawa-14-resin-statue-von-acy-studio\/"},"modified":"2024-06-12T15:34:52","modified_gmt":"2024-06-12T15:34:52","slug":"taimanin-asagi-asagi-igawa-14-resin-statue-von-acy-studio","status":"publish","type":"product","link":"https:\/\/store.handsomecake.com\/en\/product\/taimanin-asagi-asagi-igawa-14-resin-statue-von-acy-studio\/","title":{"rendered":"Taimanin Asagi &#8211; Asagi Igawa | 1:4 Resin Statue | von Acy Studio"},"content":{"rendered":"<p>Taimanin Asagi &#8211; Asagi Igawa | 1:4 Resin Statue | von Acy Studio<\/p>\n<p>EU Taxfree! I do ship EU-wide, please contact me, should questions arise.<\/p>\n<p><em><span style=\"color: #ffffff;\"><strong><span style=\"background-color: #4e5f70;\">&#8222;I have great expectations for your abilities.&#8220;<\/span><\/strong><\/span><br \/>\n-Asagi<\/em><\/p>\n<p>Tolle Statue der st\u00e4rksten allm\u00e4chtigen Taimanin<br \/>\nWunderbar verarbeitete und sehr detaillierte Statue von Asagi Igawa aus Polystone &#8211; k\u00fcnstlichem Stein-Harz-Gemisch.<\/p>\n<p><strong>Besonderheiten:<\/strong><\/p>\n<ul>\n<li>A Version mit zus\u00e4tzlichem nacktem K\u00f6rper<\/li>\n<li>B Version auch verf\u00fcgbar<\/li>\n<li>weltweit 288 St\u00fcck<\/li>\n<\/ul>\n<p><strong>Release-Status:<\/strong><\/p>\n<ul>\n<li>Preorder. Statue wird voraussichtlich Q3 2023 erscheinen und wir erwarten sie voraussichtlich Ende November 2023 im Warenlager.<\/li>\n<\/ul>\n<p>Wie immer bei meinen Artikeln &#8211; s\u00e4mtliche Geb\u00fchren sind, im Gegensatz zu anderen Angeboten, bereits inkludiert. Versand erfolgt ausschlie\u00dflich aus Deutschland, es fallen keine Zoll- und Importgeb\u00fchren an. Ihr kauft keine Katze im Sack \ud83d\ude42<\/p>\n<p><strong>Ma\u00dfe der Statue:<\/strong><\/p>\n<ul>\n<li>Gr\u00f6\u00dfe A: ca. 48cm x 22cm x 34cm<\/li>\n<li>Gr\u00f6\u00dfe B: ca. 60cm x 22cm x 24cm<\/li>\n<li>Gewicht: ca. 12kg (gesch\u00e4tzt)<\/li>\n<\/ul>\n<p>You are not prepared! \ud83d\ude42<\/p>","protected":false},"excerpt":{"rendered":"<p>Taimanin Asagi &#8211; Asagi Igawa | 1:4 Resin Statue | von Acy Studio EU Taxfree! I do ship EU-wide, please contact me, should questions arise. &#8222;I have great expectations for your abilities.&#8220; -Asagi Tolle Statue der st\u00e4rksten allm\u00e4chtigen Taimanin Wunderbar verarbeitete und sehr detaillierte Statue von Asagi Igawa aus Polystone &#8211; k\u00fcnstlichem Stein-Harz-Gemisch. Besonderheiten: A [&hellip;]<\/p>\n","protected":false},"featured_media":18041,"comment_status":"closed","ping_status":"closed","template":"","meta":[],"product_brand":[],"product_cat":[24,568,84],"product_tag":[612,664,666,717,794,662,640,658,2276,2275,2278,2277,479,147,251,795,154,255,136,137,379,381,552,380,2279,2280,2281],"class_list":{"0":"post-18026","1":"product","2":"type-product","3":"status-publish","4":"has-post-thumbnail","6":"product_cat-action-figuren","7":"product_cat-preorder","8":"product_cat-statuen-anime-comic-universum","9":"product_tag-anime","10":"product_tag-anime-figuren-one-piece","11":"product_tag-anime-figuren-shop","12":"product_tag-anime-shop","13":"product_tag-anime-statue","14":"product_tag-anime-statue-shop","15":"product_tag-anime-statuen","16":"product_tag-anime-toys","17":"product_tag-asagi-collectible","18":"product_tag-asagi-igawa","19":"product_tag-asagi-igawa-statue","20":"product_tag-asagi-igawa-taimanin-asagi","21":"product_tag-collectible","22":"product_tag-collectibles","23":"product_tag-collectibles-kaufen","24":"product_tag-handsomecake","25":"product_tag-resin-collectibles","26":"product_tag-resin-collectibles-kaufen","27":"product_tag-resin-statuen","28":"product_tag-resin-statuen-kaufen","29":"product_tag-statue-collectible","30":"product_tag-statue-collectibles","31":"product_tag-statue-collector","32":"product_tag-statues-collectible","33":"product_tag-taimanin-asagi-collectibles","34":"product_tag-taimanin-asagi-resin","35":"product_tag-taimanin-asagi-statue","36":"pa_brand-acy-studio","37":"pa_scale-1_to_4","39":"first","40":"instock","41":"taxable","42":"shipping-taxable","43":"product-type-variable"},"_links":{"self":[{"href":"https:\/\/store.handsomecake.com\/en\/wp-json\/wp\/v2\/product\/18026","targetHints":{"allow":["GET"]}}],"collection":[{"href":"https:\/\/store.handsomecake.com\/en\/wp-json\/wp\/v2\/product"}],"about":[{"href":"https:\/\/store.handsomecake.com\/en\/wp-json\/wp\/v2\/types\/product"}],"replies":[{"embeddable":true,"href":"https:\/\/store.handsomecake.com\/en\/wp-json\/wp\/v2\/comments?post=18026"}],"wp:featuredmedia":[{"embeddable":true,"href":"https:\/\/store.handsomecake.com\/en\/wp-json\/wp\/v2\/media\/18041"}],"wp:attachment":[{"href":"https:\/\/store.handsomecake.com\/en\/wp-json\/wp\/v2\/media?parent=18026"}],"wp:term":[{"taxonomy":"product_brand","embeddable":true,"href":"https:\/\/store.handsomecake.com\/en\/wp-json\/wp\/v2\/product_brand?post=18026"},{"taxonomy":"product_cat","embeddable":true,"href":"https:\/\/store.handsomecake.com\/en\/wp-json\/wp\/v2\/product_cat?post=18026"},{"taxonomy":"product_tag","embeddable":true,"href":"https:\/\/store.handsomecake.com\/en\/wp-json\/wp\/v2\/product_tag?post=18026"}],"curies":[{"name":"wp","href":"https:\/\/api.w.org\/{rel}","templated":true}]}}