{"id":1801,"date":"2021-01-01T09:23:03","date_gmt":"2021-01-01T09:23:03","guid":{"rendered":"https:\/\/store.handsomecake.com\/product\/world-of-warcraft-sally-whitemane-14-resin-statue-vom-mayflies-studio\/"},"modified":"2024-06-12T14:33:59","modified_gmt":"2024-06-12T14:33:59","slug":"world-of-warcraft-sally-whitemane-14-resin-statue-vom-mayflies-studio","status":"publish","type":"product","link":"https:\/\/store.handsomecake.com\/en\/product\/world-of-warcraft-sally-whitemane-14-resin-statue-vom-mayflies-studio\/","title":{"rendered":"World of Warcraft &#8211; Sally Whitemane | 1:4 Resin Statue | vom Mayflies Studio"},"content":{"rendered":"<p>World of Warcraft &#8211; Sally Whitemane &#8218; 1:4 Resin Statue &#8218; vom Mayflies Studio<br \/>\nEU Taxfree! I do ship EU-wide, please contact me, should questions arise.<\/p>\n<p>Ca. 65 cm gro\u00dfe Statue der Anf\u00fchrerin des Scharlachroten Kreuzzuges<br \/>\nWunderbar verarbeitete und sehr detaillierte Statue von Sally Whitemane aus Polystone &#8211; k\u00fcnstlichem Stein-Harz-Gemisch.<\/p>\n<p>Besonderheiten:<\/p>\n<ul>\n<li>weltweit nur 188 St\u00fcck<\/li>\n<\/ul>\n<p>Release-Status:<\/p>\n<ul>\n<li>Released und unterwegs ins Warenlager. Auf Grund der Pandemie muss allerdings mit bis zu 60 Tagen Versandzeit gerechnet werden.<\/li>\n<\/ul>\n<p>Wie immer bei meinen Artikeln &#8211; s\u00e4mtliche Geb\u00fchren sind, im Gegensatz zu anderen Angeboten, bereits inkludiert. Versand erfolgt ausschlie\u00dflich aus Deutschland, es fallen keine Zoll- und Importgeb\u00fchren an. Ihr kauft keine Katze im Sack \ud83d\ude42<\/p>\n<p>Ma\u00dfe der Statue:<br \/>\nGr\u00f6\u00dfe: ca. 56cm x 43cm x 40cm<br \/>\nGewicht: 24.7 kg<\/p>\n<p>You are not prepared! \ud83d\ude42<\/p>","protected":false},"excerpt":{"rendered":"<p>World of Warcraft &#8211; Sally Whitemane &#8218; 1:4 Resin Statue &#8218; vom Mayflies Studio EU Taxfree! I do ship EU-wide, please contact me, should questions arise. Ca. 65 cm gro\u00dfe Statue der Anf\u00fchrerin des Scharlachroten Kreuzzuges Wunderbar verarbeitete und sehr detaillierte Statue von Sally Whitemane aus Polystone &#8211; k\u00fcnstlichem Stein-Harz-Gemisch. Besonderheiten: weltweit nur 188 St\u00fcck [&hellip;]<\/p>\n","protected":false},"featured_media":1802,"comment_status":"closed","ping_status":"closed","template":"","meta":[],"product_brand":[],"product_cat":[81,85,567],"product_tag":[147,251,508,509,510,154,136,137,306,307,308,528,131,384,224,104,103],"class_list":{"0":"post-1801","1":"product","2":"type-product","3":"status-publish","4":"has-post-thumbnail","6":"product_cat-statuen-computerspieluniversum","7":"product_cat-warcraft","8":"product_cat-in_stock_warehouse_china","9":"product_tag-collectibles","10":"product_tag-collectibles-kaufen","11":"product_tag-faceted-pebble-collectibles","12":"product_tag-faceted-pebble-studio","13":"product_tag-faceted-pebble-studio-collectibles","14":"product_tag-resin-collectibles","15":"product_tag-resin-statuen","16":"product_tag-resin-statuen-kaufen","17":"product_tag-sally-whitemane","18":"product_tag-sally-whitemane-collectible","19":"product_tag-sally-whitemane-statue","20":"product_tag-warcraft","21":"product_tag-warcraft-resin-statue","22":"product_tag-world-of-warcraft","23":"product_tag-world-of-warcraft-collectibles","24":"product_tag-world-of-warcraft-statuen","25":"product_tag-wow-statuen","26":"pa_brand-mayflies-studio","28":"first","29":"outofstock","30":"product-type-simple"},"_links":{"self":[{"href":"https:\/\/store.handsomecake.com\/en\/wp-json\/wp\/v2\/product\/1801","targetHints":{"allow":["GET"]}}],"collection":[{"href":"https:\/\/store.handsomecake.com\/en\/wp-json\/wp\/v2\/product"}],"about":[{"href":"https:\/\/store.handsomecake.com\/en\/wp-json\/wp\/v2\/types\/product"}],"replies":[{"embeddable":true,"href":"https:\/\/store.handsomecake.com\/en\/wp-json\/wp\/v2\/comments?post=1801"}],"wp:featuredmedia":[{"embeddable":true,"href":"https:\/\/store.handsomecake.com\/en\/wp-json\/wp\/v2\/media\/1802"}],"wp:attachment":[{"href":"https:\/\/store.handsomecake.com\/en\/wp-json\/wp\/v2\/media?parent=1801"}],"wp:term":[{"taxonomy":"product_brand","embeddable":true,"href":"https:\/\/store.handsomecake.com\/en\/wp-json\/wp\/v2\/product_brand?post=1801"},{"taxonomy":"product_cat","embeddable":true,"href":"https:\/\/store.handsomecake.com\/en\/wp-json\/wp\/v2\/product_cat?post=1801"},{"taxonomy":"product_tag","embeddable":true,"href":"https:\/\/store.handsomecake.com\/en\/wp-json\/wp\/v2\/product_tag?post=1801"}],"curies":[{"name":"wp","href":"https:\/\/api.w.org\/{rel}","templated":true}]}}