{"id":17935,"date":"2022-12-20T03:41:14","date_gmt":"2022-12-20T03:41:14","guid":{"rendered":"https:\/\/store.handsomecake.com\/product\/final-fantasy-x-lulu-14-resin-statue-von-joy-station\/"},"modified":"2024-06-12T15:34:43","modified_gmt":"2024-06-12T15:34:43","slug":"final-fantasy-x-lulu-14-resin-statue-von-joy-station","status":"publish","type":"product","link":"https:\/\/store.handsomecake.com\/en\/product\/final-fantasy-x-lulu-14-resin-statue-von-joy-station\/","title":{"rendered":"Final Fantasy X &#8211; Lulu | 1:4 Resin Statue | von JOY STATION"},"content":{"rendered":"<p>Final Fantasy X &#8211; Lulu | 1:4 Resin Statue | von JOY STATION<\/p>\n<p>EU Taxfree! I do ship EU-wide, please contact me, should questions arise.<\/p>\n<p>Tolle Statue von einer Garde Yunas<br \/>\nWunderbar verarbeitete und sehr detaillierte Lulu Statue aus Polystone &#8211; k\u00fcnstlichem Stein-Harz-Gemisch.<\/p>\n<p><strong>Besonderheiten<\/strong>:<\/p>\n<ul>\n<li>weltweit auf 150 St\u00fcck begrenzt<\/li>\n<\/ul>\n<p><strong>Release-Status:<\/strong><\/p>\n<ul>\n<li>Lagernd vor Ort. Versandfertig in ca. 5 Werktagen<\/li>\n<\/ul>\n<p>Wie immer bei meinen Aktionen &#8211; s\u00e4mtliche Geb\u00fchren sind, im Gegensatz zu anderen Angeboten, bereits inkludiert. Versand erfolgt ausschlie\u00dflich aus Deutschland, es fallen keine Zoll- und Importgeb\u00fchren an. Ihr kauft keine Katze im Sack \ud83d\ude42<\/p>\n<p><strong>Ma\u00dfe der Statue:<\/strong><\/p>\n<ul>\n<li>Gr\u00f6\u00dfe: H59cm x W32cm x D27cm<\/li>\n<li>Gewicht: ca. 12 kg<\/li>\n<\/ul>\n<p>You are not prepared! \ud83d\ude42<\/p>","protected":false},"excerpt":{"rendered":"<p>Final Fantasy X &#8211; Lulu | 1:4 Resin Statue | von JOY STATION EU Taxfree! I do ship EU-wide, please contact me, should questions arise. Tolle Statue von einer Garde Yunas Wunderbar verarbeitete und sehr detaillierte Lulu Statue aus Polystone &#8211; k\u00fcnstlichem Stein-Harz-Gemisch. Besonderheiten: weltweit auf 150 St\u00fcck begrenzt Release-Status: Lagernd vor Ort. Versandfertig in [&hellip;]<\/p>\n","protected":false},"featured_media":17954,"comment_status":"closed","ping_status":"closed","template":"","meta":[],"product_brand":[],"product_cat":[197,826,81],"product_tag":[612,666,717,794,662,640,658,147,251,198,201,199,2272,822,200,795,2273,2274,137,379,381,552,665,380,382,547],"class_list":{"0":"post-17935","1":"product","2":"type-product","3":"status-publish","4":"has-post-thumbnail","6":"product_cat-final-fantasy","7":"product_cat-lagernd-vor-ort","8":"product_cat-statuen-computerspieluniversum","9":"product_tag-anime","10":"product_tag-anime-figuren-shop","11":"product_tag-anime-shop","12":"product_tag-anime-statue","13":"product_tag-anime-statue-shop","14":"product_tag-anime-statuen","15":"product_tag-anime-toys","16":"product_tag-collectibles","17":"product_tag-collectibles-kaufen","18":"product_tag-final-fantasy","19":"product_tag-final-fantasy-7-remake","20":"product_tag-final-fantasy-collectibles","21":"product_tag-final-fantasy-lulu","22":"product_tag-final-fantasy-resin","23":"product_tag-final-fantasy-statuen","24":"product_tag-handsomecake","25":"product_tag-lulu-collectible","26":"product_tag-lulu-final-fantasy","27":"product_tag-resin-statuen-kaufen","28":"product_tag-statue-collectible","29":"product_tag-statue-collectibles","30":"product_tag-statue-collector","31":"product_tag-statuen-shop","32":"product_tag-statues-collectible","33":"product_tag-statues-collectibles","34":"product_tag-statues-collector","35":"pa_brand-joy-station-collectibles","36":"pa_scale-1_to_4","38":"first","39":"outofstock","40":"taxable","41":"shipping-taxable","42":"product-type-simple"},"_links":{"self":[{"href":"https:\/\/store.handsomecake.com\/en\/wp-json\/wp\/v2\/product\/17935","targetHints":{"allow":["GET"]}}],"collection":[{"href":"https:\/\/store.handsomecake.com\/en\/wp-json\/wp\/v2\/product"}],"about":[{"href":"https:\/\/store.handsomecake.com\/en\/wp-json\/wp\/v2\/types\/product"}],"replies":[{"embeddable":true,"href":"https:\/\/store.handsomecake.com\/en\/wp-json\/wp\/v2\/comments?post=17935"}],"wp:featuredmedia":[{"embeddable":true,"href":"https:\/\/store.handsomecake.com\/en\/wp-json\/wp\/v2\/media\/17954"}],"wp:attachment":[{"href":"https:\/\/store.handsomecake.com\/en\/wp-json\/wp\/v2\/media?parent=17935"}],"wp:term":[{"taxonomy":"product_brand","embeddable":true,"href":"https:\/\/store.handsomecake.com\/en\/wp-json\/wp\/v2\/product_brand?post=17935"},{"taxonomy":"product_cat","embeddable":true,"href":"https:\/\/store.handsomecake.com\/en\/wp-json\/wp\/v2\/product_cat?post=17935"},{"taxonomy":"product_tag","embeddable":true,"href":"https:\/\/store.handsomecake.com\/en\/wp-json\/wp\/v2\/product_tag?post=17935"}],"curies":[{"name":"wp","href":"https:\/\/api.w.org\/{rel}","templated":true}]}}