{"id":17911,"date":"2022-12-20T02:34:27","date_gmt":"2022-12-20T02:34:27","guid":{"rendered":"https:\/\/store.handsomecake.com\/product\/saint-seiya-hades-16-resin-statue-von-zodiakos-studio\/"},"modified":"2024-06-12T15:34:34","modified_gmt":"2024-06-12T15:34:34","slug":"saint-seiya-hades-16-resin-statue-von-zodiakos-studio","status":"publish","type":"product","link":"https:\/\/store.handsomecake.com\/en\/product\/saint-seiya-hades-16-resin-statue-von-zodiakos-studio\/","title":{"rendered":"Saint Seiya &#8211; Hades | 1:6 Resin Statue | von Zodiakos Studio"},"content":{"rendered":"<p>Saint Seiya &#8211; Hades | 1:6 Resin Statue | von Zodiakos Studio<\/p>\n<p>I do ship EU-wide, please contact me, should questions arise.<\/p>\n<p>Tolle Statue vom King of the Underworld<br \/>\nWunderbar verarbeitete und sehr detaillierte Statue von Hades aus Polystone &#8211; k\u00fcnstlichem Stein-Harz-Gemisch.<\/p>\n<p><strong>Besonderheiten:<\/strong><\/p>\n<ul>\n<li>weltweit 399 St\u00fcck<\/li>\n<li>EX Version (mit Fl\u00fcgeln)<\/li>\n<li>auch Regular Version (mit Umhang) verf\u00fcgbar<\/li>\n<\/ul>\n<p><strong>Release-Status:<\/strong><\/p>\n<ul>\n<li>Preorder. Statue wird sch\u00e4tzungsweise Ende Q4 2023 fertiggestellt und wir erwarten sie bei uns im Lager gegen Ende Februar 2024.<\/li>\n<\/ul>\n<p>Wie immer bei meinen Aktionen &#8211; s\u00e4mtliche Geb\u00fchren sind, im Gegensatz zu anderen Angeboten, bereits inkludiert. Versand erfolgt ausschlie\u00dflich aus Deutschland, es fallen keine Zoll- und Importgeb\u00fchren an. Ihr kauft keine Katze im Sack \ud83d\ude42<\/p>\n<p><strong>Ma\u00dfe der Statue:<\/strong><\/p>\n<ul>\n<li>Gr\u00f6\u00dfe EX ca. H60cm x W42 x D40<\/li>\n<li>Gr\u00f6\u00dfe Regular ca. H47cm x W42 x D40<\/li>\n<li>Gewicht: TBA, gesch\u00e4tzt: ca. 12kg<\/li>\n<\/ul>\n<p>You are not prepared! \ud83d\ude42<\/p>","protected":false},"excerpt":{"rendered":"<p>Saint Seiya &#8211; Hades | 1:6 Resin Statue | von Zodiakos Studio I do ship EU-wide, please contact me, should questions arise. Tolle Statue vom King of the Underworld Wunderbar verarbeitete und sehr detaillierte Statue von Hades aus Polystone &#8211; k\u00fcnstlichem Stein-Harz-Gemisch. Besonderheiten: weltweit 399 St\u00fcck EX Version (mit Fl\u00fcgeln) auch Regular Version (mit Umhang) [&hellip;]<\/p>\n","protected":false},"featured_media":17925,"comment_status":"closed","ping_status":"closed","template":"","meta":[],"product_brand":[],"product_cat":[24,568,84],"product_tag":[612,656,659,666,708,2259,2261,2260,795,1533,1539,2262,1540,379,381,665,380,382,547],"class_list":{"0":"post-17911","1":"product","2":"type-product","3":"status-publish","4":"has-post-thumbnail","6":"product_cat-action-figuren","7":"product_cat-preorder","8":"product_cat-statuen-anime-comic-universum","9":"product_tag-anime","10":"product_tag-anime-collectibles","11":"product_tag-anime-figuren","12":"product_tag-anime-figuren-shop","13":"product_tag-anime-statuen-shop","14":"product_tag-hades","15":"product_tag-hades-figure","16":"product_tag-hades-figurine","17":"product_tag-handsomecake","18":"product_tag-saint-seiya","19":"product_tag-saint-seiya-figure","20":"product_tag-saint-seiya-hades","21":"product_tag-saint-seiya-statue","22":"product_tag-statue-collectible","23":"product_tag-statue-collectibles","24":"product_tag-statuen-shop","25":"product_tag-statues-collectible","26":"product_tag-statues-collectibles","27":"product_tag-statues-collector","28":"pa_brand-zodiakos-studio","29":"pa_scale-1_to_6","31":"first","32":"instock","33":"taxable","34":"shipping-taxable","35":"product-type-variable"},"_links":{"self":[{"href":"https:\/\/store.handsomecake.com\/en\/wp-json\/wp\/v2\/product\/17911","targetHints":{"allow":["GET"]}}],"collection":[{"href":"https:\/\/store.handsomecake.com\/en\/wp-json\/wp\/v2\/product"}],"about":[{"href":"https:\/\/store.handsomecake.com\/en\/wp-json\/wp\/v2\/types\/product"}],"replies":[{"embeddable":true,"href":"https:\/\/store.handsomecake.com\/en\/wp-json\/wp\/v2\/comments?post=17911"}],"wp:featuredmedia":[{"embeddable":true,"href":"https:\/\/store.handsomecake.com\/en\/wp-json\/wp\/v2\/media\/17925"}],"wp:attachment":[{"href":"https:\/\/store.handsomecake.com\/en\/wp-json\/wp\/v2\/media?parent=17911"}],"wp:term":[{"taxonomy":"product_brand","embeddable":true,"href":"https:\/\/store.handsomecake.com\/en\/wp-json\/wp\/v2\/product_brand?post=17911"},{"taxonomy":"product_cat","embeddable":true,"href":"https:\/\/store.handsomecake.com\/en\/wp-json\/wp\/v2\/product_cat?post=17911"},{"taxonomy":"product_tag","embeddable":true,"href":"https:\/\/store.handsomecake.com\/en\/wp-json\/wp\/v2\/product_tag?post=17911"}],"curies":[{"name":"wp","href":"https:\/\/api.w.org\/{rel}","templated":true}]}}