{"id":17896,"date":"2022-12-20T02:11:45","date_gmt":"2022-12-20T02:11:45","guid":{"rendered":"https:\/\/store.handsomecake.com\/product\/naruto-hidan-17-resin-statue-von-qbl-studio\/"},"modified":"2025-03-21T13:02:34","modified_gmt":"2025-03-21T13:02:34","slug":"naruto-hidan-17-resin-statue-von-qbl-studio","status":"publish","type":"product","link":"https:\/\/store.handsomecake.com\/en\/product\/naruto-hidan-17-resin-statue-von-qbl-studio\/","title":{"rendered":"Naruto &#8211; Hidan | 1:7 Resin Statue | von QBL-Studio"},"content":{"rendered":"<p>Naruto &#8211; Hidan | 1:7 Resin Statue | von QBL-Studio<\/p>\n<p>I do ship EU-wide, please contact me, should questions arise.<\/p>\n<p>Tolle Statue vom Akatsuki Mitglied aus Yugakure<br \/>\nWunderbar verarbeitete und sehr detaillierte Hidan Statue aus Polystone &#8211; k\u00fcnstlichem Stein-Harz-Gemisch.<\/p>\n<p><strong>Besonderheiten<\/strong>:<\/p>\n<ul>\n<li>weltweit nur 100 St\u00fcck<\/li>\n<li>2 austauschbare K\u00f6pfe + extra B\u00fcste<\/li>\n<\/ul>\n<p><strong>Release-Status:<\/strong><\/p>\n<ul>\n<li>Preorder. Statue wird sch\u00e4tzungsweise Q3 2023 fertiggestellt und wir erwarten sie bei uns im Lager gegen Ende Oktober 2023.<\/li>\n<\/ul>\n<p>Wie immer bei meinen Aktionen &#8211; s\u00e4mtliche Geb\u00fchren sind, im Gegensatz zu anderen Angeboten, bereits inkludiert. Versand erfolgt ausschlie\u00dflich aus Deutschland, es fallen keine Zoll- und Importgeb\u00fchren an. Ihr kauft keine Katze im Sack \ud83d\ude42<\/p>\n<p><strong>Ma\u00dfe der Statue:<\/strong><\/p>\n<ul>\n<li>Gr\u00f6\u00dfe: ca. H48cm * W30cm * L24cm<\/li>\n<li>Gewicht: TBA, gesch\u00e4tzt: ca. 11kg<\/li>\n<\/ul>\n<p>You are not prepared! \ud83d\ude42<\/p>","protected":false},"excerpt":{"rendered":"<p>Naruto &#8211; Hidan | 1:7 Resin Statue | von QBL-Studio I do ship EU-wide, please contact me, should questions arise. Tolle Statue vom Akatsuki Mitglied aus Yugakure Wunderbar verarbeitete und sehr detaillierte Hidan Statue aus Polystone &#8211; k\u00fcnstlichem Stein-Harz-Gemisch. Besonderheiten: weltweit nur 100 St\u00fcck 2 austauschbare K\u00f6pfe + extra B\u00fcste Release-Status: Preorder. Statue wird sch\u00e4tzungsweise [&hellip;]<\/p>\n","protected":false},"featured_media":17900,"comment_status":"closed","ping_status":"closed","template":"","meta":[],"product_brand":[],"product_cat":[24,88,568,84],"product_tag":[656,659,660,657,640,658,147,251,297,2255,168,296,2256,2257,2258,169,170,154,136,137],"class_list":{"0":"post-17896","1":"product","2":"type-product","3":"status-publish","4":"has-post-thumbnail","6":"product_cat-action-figuren","7":"product_cat-naruto","8":"product_cat-preorder","9":"product_cat-statuen-anime-comic-universum","10":"product_tag-anime-collectibles","11":"product_tag-anime-figuren","12":"product_tag-anime-figuren-naruto","13":"product_tag-anime-figures","14":"product_tag-anime-statuen","15":"product_tag-anime-toys","16":"product_tag-collectibles","17":"product_tag-collectibles-kaufen","18":"product_tag-naruto-akatsuki","19":"product_tag-naruto-akatsuki-hidan","20":"product_tag-naruto-collectibles","21":"product_tag-naruto-collectibles-kaufen","22":"product_tag-naruto-hidan","23":"product_tag-naruto-hidan-collectibles","24":"product_tag-naruto-hidan-statue","25":"product_tag-naruto-statuen","26":"product_tag-naruto-statuen-kaufen","27":"product_tag-resin-collectibles","28":"product_tag-resin-statuen","29":"product_tag-resin-statuen-kaufen","30":"pa_brand-qbl-studio","31":"pa_scale-1_to_7","33":"first","34":"instock","35":"taxable","36":"shipping-taxable","37":"product-type-variable"},"_links":{"self":[{"href":"https:\/\/store.handsomecake.com\/en\/wp-json\/wp\/v2\/product\/17896","targetHints":{"allow":["GET"]}}],"collection":[{"href":"https:\/\/store.handsomecake.com\/en\/wp-json\/wp\/v2\/product"}],"about":[{"href":"https:\/\/store.handsomecake.com\/en\/wp-json\/wp\/v2\/types\/product"}],"replies":[{"embeddable":true,"href":"https:\/\/store.handsomecake.com\/en\/wp-json\/wp\/v2\/comments?post=17896"}],"wp:featuredmedia":[{"embeddable":true,"href":"https:\/\/store.handsomecake.com\/en\/wp-json\/wp\/v2\/media\/17900"}],"wp:attachment":[{"href":"https:\/\/store.handsomecake.com\/en\/wp-json\/wp\/v2\/media?parent=17896"}],"wp:term":[{"taxonomy":"product_brand","embeddable":true,"href":"https:\/\/store.handsomecake.com\/en\/wp-json\/wp\/v2\/product_brand?post=17896"},{"taxonomy":"product_cat","embeddable":true,"href":"https:\/\/store.handsomecake.com\/en\/wp-json\/wp\/v2\/product_cat?post=17896"},{"taxonomy":"product_tag","embeddable":true,"href":"https:\/\/store.handsomecake.com\/en\/wp-json\/wp\/v2\/product_tag?post=17896"}],"curies":[{"name":"wp","href":"https:\/\/api.w.org\/{rel}","templated":true}]}}