{"id":17798,"date":"2022-12-19T19:56:15","date_gmt":"2022-12-19T19:56:15","guid":{"rendered":"https:\/\/store.handsomecake.com\/product\/king-of-fighters-mai-shiranui-13-resin-statue-von-ot-studio\/"},"modified":"2025-09-01T11:27:38","modified_gmt":"2025-09-01T11:27:38","slug":"king-of-fighters-mai-shiranui-13-resin-statue-von-ot-studio","status":"publish","type":"product","link":"https:\/\/store.handsomecake.com\/en\/product\/king-of-fighters-mai-shiranui-13-resin-statue-von-ot-studio\/","title":{"rendered":"King of Fighters &#8211; Mai Shiranui | 1:3 Resin Statue | von OT Studio"},"content":{"rendered":"<p>King of Fighters &#8211; Mai Shiranui | 1:3 Resin Statue | von OT Studio<\/p>\n<p>EU Taxfree! I do ship EU-wide, please contact me, should questions arise.<\/p>\n<p>Tolle Statue des Alluring Ninja Girls<br \/>\nWunderbar verarbeitete und sehr detaillierte Statue von Mai Shiranui aus Polystone &#8211; k\u00fcnstlichem Stein-Harz-Gemisch.<\/p>\n<p><strong>Besonderheiten:<\/strong><\/p>\n<ul>\n<li>keine<\/li>\n<\/ul>\n<p><strong>Release-Status:<\/strong><\/p>\n<ul>\n<li>Preorder. Release ca. Q4 2023 erwartet, bei uns im Lager voraussichtlich Ende Februar 2024.<\/li>\n<\/ul>\n<p>Wie immer bei meinen Artikeln &#8211; s\u00e4mtliche Geb\u00fchren sind, im Gegensatz zu anderen Angeboten, bereits inkludiert. Versand erfolgt ausschlie\u00dflich aus Deutschland, es fallen keine Zoll- und Importgeb\u00fchren an. Ihr kauft keine Katze im Sack \ud83d\ude42<\/p>\n<p><strong>Ma\u00dfe der Statue:<\/strong><\/p>\n<ul>\n<li>Gr\u00f6\u00dfe: ca. 63cm x 35cm x 29cm (gesch\u00e4tzt)<\/li>\n<li>Gewicht: ca. 6.5kg (gesch\u00e4tzt)<\/li>\n<\/ul>\n<p>You are not prepared! \ud83d\ude42<\/p>","protected":false},"excerpt":{"rendered":"<p>King of Fighters &#8211; Mai Shiranui | 1:3 Resin Statue | von OT Studio EU Taxfree! I do ship EU-wide, please contact me, should questions arise. Tolle Statue des Alluring Ninja Girls Wunderbar verarbeitete und sehr detaillierte Statue von Mai Shiranui aus Polystone &#8211; k\u00fcnstlichem Stein-Harz-Gemisch. Besonderheiten: keine Release-Status: Preorder. Release ca. Q4 2023 erwartet, [&hellip;]<\/p>\n","protected":false},"featured_media":17799,"comment_status":"closed","ping_status":"closed","template":"","meta":[],"product_brand":[],"product_cat":[24,568,81],"product_tag":[612,656,1043,658,479,147,251,383,795,1091,1098,1097,1092,1093,1094,1095,1088,1089,1090,154,255,136,137,1096],"class_list":{"0":"post-17798","1":"product","2":"type-product","3":"status-publish","4":"has-post-thumbnail","6":"product_cat-action-figuren","7":"product_cat-preorder","8":"product_cat-statuen-computerspieluniversum","9":"product_tag-anime","10":"product_tag-anime-collectibles","11":"product_tag-anime-statues","12":"product_tag-anime-toys","13":"product_tag-collectible","14":"product_tag-collectibles","15":"product_tag-collectibles-kaufen","16":"product_tag-collector","17":"product_tag-handsomecake","18":"product_tag-king-of-fighters","19":"product_tag-king-of-fighters-statues","20":"product_tag-king-of-fighters-toys","21":"product_tag-kof-mai","22":"product_tag-kof-mai-shiranui","23":"product_tag-kof-mai-shiranui-statue","24":"product_tag-mai-shiranui","25":"product_tag-mai-shiranui-figure","26":"product_tag-mai-shiranui-resin-statue","27":"product_tag-mai-shiranui-statue","28":"product_tag-resin-collectibles","29":"product_tag-resin-collectibles-kaufen","30":"product_tag-resin-statuen","31":"product_tag-resin-statuen-kaufen","32":"product_tag-shiranui","33":"pa_brand-ot-studio","34":"pa_scale-1_to_3","36":"first","37":"instock","38":"taxable","39":"shipping-taxable","40":"product-type-variable"},"_links":{"self":[{"href":"https:\/\/store.handsomecake.com\/en\/wp-json\/wp\/v2\/product\/17798","targetHints":{"allow":["GET"]}}],"collection":[{"href":"https:\/\/store.handsomecake.com\/en\/wp-json\/wp\/v2\/product"}],"about":[{"href":"https:\/\/store.handsomecake.com\/en\/wp-json\/wp\/v2\/types\/product"}],"replies":[{"embeddable":true,"href":"https:\/\/store.handsomecake.com\/en\/wp-json\/wp\/v2\/comments?post=17798"}],"wp:featuredmedia":[{"embeddable":true,"href":"https:\/\/store.handsomecake.com\/en\/wp-json\/wp\/v2\/media\/17799"}],"wp:attachment":[{"href":"https:\/\/store.handsomecake.com\/en\/wp-json\/wp\/v2\/media?parent=17798"}],"wp:term":[{"taxonomy":"product_brand","embeddable":true,"href":"https:\/\/store.handsomecake.com\/en\/wp-json\/wp\/v2\/product_brand?post=17798"},{"taxonomy":"product_cat","embeddable":true,"href":"https:\/\/store.handsomecake.com\/en\/wp-json\/wp\/v2\/product_cat?post=17798"},{"taxonomy":"product_tag","embeddable":true,"href":"https:\/\/store.handsomecake.com\/en\/wp-json\/wp\/v2\/product_tag?post=17798"}],"curies":[{"name":"wp","href":"https:\/\/api.w.org\/{rel}","templated":true}]}}