{"id":17745,"date":"2022-12-16T04:11:38","date_gmt":"2022-12-16T04:11:38","guid":{"rendered":"https:\/\/store.handsomecake.com\/product\/bleach-kenpachi-zaraki-kusajishi-yachiru-14-resin-statue-von-iron-kite-studio\/"},"modified":"2024-06-12T15:34:14","modified_gmt":"2024-06-12T15:34:14","slug":"bleach-kenpachi-zaraki-kusajishi-yachiru-14-resin-statue-von-iron-kite-studio","status":"publish","type":"product","link":"https:\/\/store.handsomecake.com\/en\/product\/bleach-kenpachi-zaraki-kusajishi-yachiru-14-resin-statue-von-iron-kite-studio\/","title":{"rendered":"Bleach &#8211; Kenpachi Zaraki &amp; Kusajishi Yachiru | 1:4 Resin Statue | von Iron Kite Studio"},"content":{"rendered":"<p>Bleach &#8211;\u00a0 Kenpachi Zaraki &amp; Kusajishi Yachiru | 1:4 Resin Statue | von Iron Kite Studio<\/p>\n<p>EU Taxfree! I do ship EU-wide, please contact me, should questions arise.<\/p>\n<p>Tolle Statue des Kommandanten der 11. Kompanie mit seinem Vizekommandant Yachiru<br \/>\nWunderbar verarbeitete und sehr detaillierte Statue von Kenpachi Zaraki &amp; Yachiru Kusajishi aus Polystone &#8211; k\u00fcnstlichem Stein-Harz-Gemisch.<\/p>\n<p><strong>Besonderheiten<\/strong>:<\/p>\n<ul>\n<li>2 austauschbare K\u00f6pfe von Kenpachi<\/li>\n<\/ul>\n<p><strong>Release-Status:<\/strong><\/p>\n<ul>\n<li>Preorder. Statue wird voraussichtlich am Ende Q4 2023 erscheinen und wir erwarten sie voraussichtlich Ende Februar 2024 im Warenlager.<\/li>\n<\/ul>\n<p>Wie immer bei meinen Artikeln &#8211; s\u00e4mtliche Geb\u00fchren sind, im Gegensatz zu anderen Angeboten, bereits inkludiert. Versand erfolgt ausschlie\u00dflich aus Deutschland, es fallen keine Zoll- und Importgeb\u00fchren an. Ihr kauft keine Katze im Sack \ud83d\ude42<\/p>\n<p><strong>Ma\u00dfe der Statue:<\/strong><\/p>\n<ul>\n<li>Gr\u00f6\u00dfe: ca. H55cm x W49cm x D51cm<\/li>\n<li>Gewicht :TBA , ca. 12kg (gesch\u00e4tzt)<\/li>\n<\/ul>\n<p>You are not prepared! \ud83d\ude42<\/p>","protected":false},"excerpt":{"rendered":"<p>Bleach &#8211;\u00a0 Kenpachi Zaraki &amp; Kusajishi Yachiru | 1:4 Resin Statue | von Iron Kite Studio EU Taxfree! I do ship EU-wide, please contact me, should questions arise. Tolle Statue des Kommandanten der 11. Kompanie mit seinem Vizekommandant Yachiru Wunderbar verarbeitete und sehr detaillierte Statue von Kenpachi Zaraki &amp; Yachiru Kusajishi aus Polystone &#8211; k\u00fcnstlichem [&hellip;]<\/p>\n","protected":false},"featured_media":17747,"comment_status":"closed","ping_status":"closed","template":"","meta":[],"product_brand":[],"product_cat":[24,568,84],"product_tag":[612,659,666,658,991,992,995,993,994,996,147,251,383,553,2054,795,2052,154,136,554,379,381,552,547,2053],"class_list":{"0":"post-17745","1":"product","2":"type-product","3":"status-publish","4":"has-post-thumbnail","6":"product_cat-action-figuren","7":"product_cat-preorder","8":"product_cat-statuen-anime-comic-universum","9":"product_tag-anime","10":"product_tag-anime-figuren","11":"product_tag-anime-figuren-shop","12":"product_tag-anime-toys","13":"product_tag-bleach-statue","14":"product_tag-bleach-collectibles","15":"product_tag-bleach","16":"product_tag-bleach-resin","17":"product_tag-bleach-statues","18":"product_tag-bleach-toys","19":"product_tag-collectibles","20":"product_tag-collectibles-kaufen","21":"product_tag-collector","22":"product_tag-figure-collector","23":"product_tag-gotei-13-statues","24":"product_tag-handsomecake","25":"product_tag-kenpachi-zaraki","26":"product_tag-resin-collectibles","27":"product_tag-resin-statuen","28":"product_tag-resin-statues","29":"product_tag-statue-collectible","30":"product_tag-statue-collectibles","31":"product_tag-statue-collector","32":"product_tag-statues-collector","33":"product_tag-yachiru","34":"pa_brand-iron-kite-studio","35":"pa_scale-1_to_4","37":"first","38":"instock","39":"taxable","40":"shipping-taxable","41":"product-type-variable"},"_links":{"self":[{"href":"https:\/\/store.handsomecake.com\/en\/wp-json\/wp\/v2\/product\/17745","targetHints":{"allow":["GET"]}}],"collection":[{"href":"https:\/\/store.handsomecake.com\/en\/wp-json\/wp\/v2\/product"}],"about":[{"href":"https:\/\/store.handsomecake.com\/en\/wp-json\/wp\/v2\/types\/product"}],"replies":[{"embeddable":true,"href":"https:\/\/store.handsomecake.com\/en\/wp-json\/wp\/v2\/comments?post=17745"}],"wp:featuredmedia":[{"embeddable":true,"href":"https:\/\/store.handsomecake.com\/en\/wp-json\/wp\/v2\/media\/17747"}],"wp:attachment":[{"href":"https:\/\/store.handsomecake.com\/en\/wp-json\/wp\/v2\/media?parent=17745"}],"wp:term":[{"taxonomy":"product_brand","embeddable":true,"href":"https:\/\/store.handsomecake.com\/en\/wp-json\/wp\/v2\/product_brand?post=17745"},{"taxonomy":"product_cat","embeddable":true,"href":"https:\/\/store.handsomecake.com\/en\/wp-json\/wp\/v2\/product_cat?post=17745"},{"taxonomy":"product_tag","embeddable":true,"href":"https:\/\/store.handsomecake.com\/en\/wp-json\/wp\/v2\/product_tag?post=17745"}],"curies":[{"name":"wp","href":"https:\/\/api.w.org\/{rel}","templated":true}]}}