{"id":17714,"date":"2022-12-15T03:26:59","date_gmt":"2022-12-15T03:26:59","guid":{"rendered":"https:\/\/store.handsomecake.com\/product\/fairy-tail-natsu-gray-erza-happy-17-resin-statue-von-prime-1-studio\/"},"modified":"2024-06-12T15:34:09","modified_gmt":"2024-06-12T15:34:09","slug":"fairy-tail-natsu-gray-erza-happy-17-resin-statue-von-prime-1-studio","status":"publish","type":"product","link":"https:\/\/store.handsomecake.com\/en\/product\/fairy-tail-natsu-gray-erza-happy-17-resin-statue-von-prime-1-studio\/","title":{"rendered":"Fairy Tail &#8211; Natsu, Gray, Erza &amp; Happy | 1:7 Resin Statue | von Prime 1 Studio"},"content":{"rendered":"<p>Fairy Tail &#8211; Natsu, Gray, Erza &amp; Happy | 1:7 Resin Statue | von Prime 1 Studio<\/p>\n<p>I do ship EU-wide, please contact me, should questions arise.<\/p>\n<p><span style=\"color: #ffffff;\"><em><span style=\"background-color: #4e5f70;\">Don&#8217;t give up, the beginning is always the hardest, so let&#8217;s keep on going till the very end!&#8220;<\/span><\/em><\/span><\/p>\n<p><span style=\"font-size: 11px;\">\u00a0\u00a0\u00a0\u00a0\u00a0\u00a0\u00a0\u00a0\u00a0\u00a0\u00a0\u00a0\u00a0\u00a0\u00a0\u00a0\u00a0\u00a0\u00a0\u00a0\u00a0\u00a0\u00a0\u00a0\u00a0\u00a0\u00a0\u00a0\u00a0\u00a0\u00a0\u00a0\u00a0\u00a0\u00a0\u00a0\u00a0\u00a0\u00a0\u00a0\u00a0\u00a0\u00a0\u00a0\u00a0\u00a0\u00a0\u00a0\u00a0\u00a0\u00a0\u00a0\u00a0\u00a0\u00a0\u00a0\u00a0\u00a0\u00a0\u00a0\u00a0\u00a0\u00a0\u00a0\u00a0\u00a0\u00a0\u00a0\u00a0\u00a0\u00a0\u00a0\u00a0\u00a0\u00a0\u00a0\u00a0\u00a0\u00a0\u00a0\u00a0\u00a0\u00a0\u00a0\u00a0\u00a0\u00a0\u00a0\u00a0\u00a0\u00a0\u00a0\u00a0\u00a0\u00a0\u00a0\u00a0\u00a0\u00a0\u00a0\u00a0\u00a0\u00a0\u00a0\u00a0\u00a0\u00a0\u00a0\u00a0\u00a0\u00a0\u00a0\u00a0\u00a0\u00a0\u00a0\u00a0\u00a0\u00a0\u00a0\u00a0\u00a0\u00a0\u00a0\u00a0\u00a0\u00a0\u00a0\u00a0\u00a0\u00a0\u00a0\u00a0\u00a0\u00a0\u00a0\u00a0\u00a0\u00a0\u00a0\u00a0\u00a0\u00a0\u00a0\u00a0\u00a0\u00a0\u00a0\u00a0<em>\u00a0 &#8211; Natsu Dragneel<\/em><\/span><\/p>\n<p>Tolle Statue von Team Natsu<br \/>\nWunderbar verarbeitete und sehr detaillierte Natsu, Gray, Erza &amp; Happy Statue aus Polystone &#8211; k\u00fcnstlichem Stein-Harz-Gemisch.<\/p>\n<p><strong>Besonderheiten:<\/strong><\/p>\n<ul>\n<li>DX Bonus Version ( DX Version + Natsu Dragneel austauschbare Kopf (schreiendes Gesicht))<\/li>\n<\/ul>\n<p>auch verf\u00fcgbar:<\/p>\n<ul>\n<li>Regular<\/li>\n<\/ul>\n<p>und<\/p>\n<ul>\n<li>DX Version (2 austauschbare K\u00f6pfe von Natsu Dragneel (normales &amp; l\u00e4chelndes Gesicht) + 2 austauschbare K\u00f6pfe von Gray Fullbuster (normales &amp; w\u00fctendes Gesicht) + 2 austauschbare K\u00f6pfe von Erza Scarlet (normales &amp; w\u00fctendes Gesicht)<\/li>\n<\/ul>\n<p><strong>Release-Status:<\/strong><\/p>\n<ul>\n<li>Preorder. Statue wird sch\u00e4tzungsweise Q2 2025 fertiggestellt und wir erwarten sie bei uns im Lager gegen Ende August 2025.<\/li>\n<\/ul>\n<p>Wie immer bei meinen Aktionen &#8211; s\u00e4mtliche Geb\u00fchren sind, im Gegensatz zu anderen Angeboten, bereits inkludiert. Versand erfolgt ausschlie\u00dflich aus Deutschland, es fallen keine Zoll- und Importgeb\u00fchren an. Ihr kauft keine Katze im Sack \ud83d\ude42<\/p>\n<p><strong>Ma\u00dfe der Statue:<\/strong><\/p>\n<ul>\n<li>Gr\u00f6\u00dfe: ca. H57cm x W44cm x D38cm<\/li>\n<li>Gewicht: ca. 13kg<\/li>\n<\/ul>\n<p>You are not prepared! \ud83d\ude42<\/p>","protected":false},"excerpt":{"rendered":"<p>Fairy Tail &#8211; Natsu, Gray, Erza &amp; Happy | 1:7 Resin Statue | von Prime 1 Studio I do ship EU-wide, please contact me, should questions arise. Don&#8217;t give up, the beginning is always the hardest, so let&#8217;s keep on going till the very end!&#8220; \u00a0\u00a0\u00a0\u00a0\u00a0\u00a0\u00a0\u00a0\u00a0\u00a0\u00a0\u00a0\u00a0\u00a0\u00a0\u00a0\u00a0\u00a0\u00a0\u00a0\u00a0\u00a0\u00a0\u00a0\u00a0\u00a0\u00a0\u00a0\u00a0\u00a0\u00a0\u00a0\u00a0\u00a0\u00a0\u00a0\u00a0\u00a0\u00a0\u00a0\u00a0\u00a0\u00a0\u00a0\u00a0\u00a0\u00a0\u00a0\u00a0\u00a0\u00a0\u00a0\u00a0\u00a0\u00a0\u00a0\u00a0\u00a0\u00a0\u00a0\u00a0\u00a0\u00a0\u00a0\u00a0\u00a0\u00a0\u00a0\u00a0\u00a0\u00a0\u00a0\u00a0\u00a0\u00a0\u00a0\u00a0\u00a0\u00a0\u00a0\u00a0\u00a0\u00a0\u00a0\u00a0\u00a0\u00a0\u00a0\u00a0\u00a0\u00a0\u00a0\u00a0\u00a0\u00a0\u00a0\u00a0\u00a0\u00a0\u00a0\u00a0\u00a0\u00a0\u00a0\u00a0\u00a0\u00a0\u00a0\u00a0\u00a0\u00a0\u00a0\u00a0\u00a0\u00a0\u00a0\u00a0\u00a0\u00a0\u00a0\u00a0\u00a0\u00a0\u00a0\u00a0\u00a0\u00a0\u00a0\u00a0\u00a0\u00a0\u00a0\u00a0\u00a0\u00a0\u00a0\u00a0\u00a0\u00a0\u00a0\u00a0\u00a0\u00a0\u00a0\u00a0\u00a0\u00a0\u00a0\u00a0\u00a0 &#8211; Natsu Dragneel Tolle Statue von Team Natsu Wunderbar [&hellip;]<\/p>\n","protected":false},"featured_media":17733,"comment_status":"closed","ping_status":"closed","template":"","meta":[],"product_brand":[],"product_cat":[24,568,84],"product_tag":[612,656,666,708,1043,658,479,147,251,383,1440,2024,1439,795,2023,2022,154,255,136,137],"class_list":{"0":"post-17714","1":"product","2":"type-product","3":"status-publish","4":"has-post-thumbnail","6":"product_cat-action-figuren","7":"product_cat-preorder","8":"product_cat-statuen-anime-comic-universum","9":"product_tag-anime","10":"product_tag-anime-collectibles","11":"product_tag-anime-figuren-shop","12":"product_tag-anime-statuen-shop","13":"product_tag-anime-statues","14":"product_tag-anime-toys","15":"product_tag-collectible","16":"product_tag-collectibles","17":"product_tag-collectibles-kaufen","18":"product_tag-collector","19":"product_tag-fairy-tail","20":"product_tag-fairy-tail-natsu","21":"product_tag-fairy-tail-statue","22":"product_tag-handsomecake","23":"product_tag-natsu-dragneel-resin-statue","24":"product_tag-natsu-figure","25":"product_tag-resin-collectibles","26":"product_tag-resin-collectibles-kaufen","27":"product_tag-resin-statuen","28":"product_tag-resin-statuen-kaufen","29":"pa_brand-prime-1-studio","30":"pa_scale-1_to_7","32":"first","33":"instock","34":"taxable","35":"shipping-taxable","36":"product-type-variable"},"_links":{"self":[{"href":"https:\/\/store.handsomecake.com\/en\/wp-json\/wp\/v2\/product\/17714","targetHints":{"allow":["GET"]}}],"collection":[{"href":"https:\/\/store.handsomecake.com\/en\/wp-json\/wp\/v2\/product"}],"about":[{"href":"https:\/\/store.handsomecake.com\/en\/wp-json\/wp\/v2\/types\/product"}],"replies":[{"embeddable":true,"href":"https:\/\/store.handsomecake.com\/en\/wp-json\/wp\/v2\/comments?post=17714"}],"wp:featuredmedia":[{"embeddable":true,"href":"https:\/\/store.handsomecake.com\/en\/wp-json\/wp\/v2\/media\/17733"}],"wp:attachment":[{"href":"https:\/\/store.handsomecake.com\/en\/wp-json\/wp\/v2\/media?parent=17714"}],"wp:term":[{"taxonomy":"product_brand","embeddable":true,"href":"https:\/\/store.handsomecake.com\/en\/wp-json\/wp\/v2\/product_brand?post=17714"},{"taxonomy":"product_cat","embeddable":true,"href":"https:\/\/store.handsomecake.com\/en\/wp-json\/wp\/v2\/product_cat?post=17714"},{"taxonomy":"product_tag","embeddable":true,"href":"https:\/\/store.handsomecake.com\/en\/wp-json\/wp\/v2\/product_tag?post=17714"}],"curies":[{"name":"wp","href":"https:\/\/api.w.org\/{rel}","templated":true}]}}