{"id":1770,"date":"2020-12-23T12:42:48","date_gmt":"2020-12-23T12:42:48","guid":{"rendered":"https:\/\/store.handsomecake.com\/product\/one-piece-ace-d-portgas-lifesize-11-resin-statue-vom-bigsize-studio\/"},"modified":"2024-06-12T14:33:47","modified_gmt":"2024-06-12T14:33:47","slug":"one-piece-ace-d-portgas-lifesize-11-resin-statue-vom-bigsize-studio","status":"publish","type":"product","link":"https:\/\/store.handsomecake.com\/en\/product\/one-piece-ace-d-portgas-lifesize-11-resin-statue-vom-bigsize-studio\/","title":{"rendered":"One Piece &#8211; Ace D. Portgas Lifesize | 1:1 Resin Statue | vom Bigsize Studio"},"content":{"rendered":"<p>One Piece &#8211; Ace D. Portgas Lifesize &#8218; 1:1 Resin Statue &#8218; vom Bigsize Studio<\/p>\n<p>EU Taxfree! I do ship EU-wide, please contact me, should questions arise.<br \/>\nEU shipping costs are more an estimate and will be recalculated (and you will receive a refund, if shippings costs turn out to be lower in the end).<br \/>\nExample &#8211; some statues are stated as 58cm width. Until they arrive we can&#8217;t guarantee if its the width WITH packaging or without. If it&#8217;s WITH, we fit under the 60cm rule and if the weight is under 31.5kg as well, shipping will be as low as 43.86\u20ac (current DHL price), if the statue is over 60cm with packaging, we will need to engage a hauling company&#8230;<\/p>\n<p>215 cm gro\u00dfe Statue (Lifesize) unseres geliebten Kampfbruders von Luffy<\/p>\n<p>Wunderbar verarbeitete und sehr detaillierte lifesize Statue von Ace aus Polystone &#8211; k\u00fcnstlichem Stein-Harz-Gemisch.<\/p>\n<p>Besonderheiten:<\/p>\n<ul>\n<li>weltweit nur 66 St\u00fcck<\/li>\n<\/ul>\n<p>Release-Status:<\/p>\n<ul>\n<li>Pre order. Release ca. Q3 2021 erwartet, bei uns im Lager dank sehr guter Spedition zu vern\u00fcnftigen Preisen voraussichtlich Ende Oktober 2021.<\/li>\n<\/ul>\n<p>Wie immer bei meinen Artikeln &#8211; s\u00e4mtliche Geb\u00fchren sind, im Gegensatz zu anderen Angeboten, bereits inkludiert. Versand erfolgt ausschlie\u00dflich aus Deutschland, es fallen keine Zoll- und Importgeb\u00fchren an. Ihr kauft keine Katze im Sack \ud83d\ude42<\/p>\n<p>Preis-Hinweis:<br \/>\nSolltet ihr die Statue direkt \u00fcber unseren Online-Shop (einfach den Benutzernamen googeln) kaufen, so erhaltet ihr auf jeden Fall die Tiefstpreisgarantie &#8211; sollte beispielsweise der Versand, Zoll oder die Einfuhrumsatzsteuer am Ende, also wenn die Statue bei uns im Warenlager angekommen ist, geringer ausfallen, so leiten wir die Preisreduzierung 1:1 an euch weiter! Der Catfish Arthas war z.b. urspr\u00fcnglich f\u00fcr 1850\u20ac drin, Endpreis war 1569\u20ac.<\/p>\n<p>Ma\u00dfe der Statue:<br \/>\nGr\u00f6\u00dfe: ca. 250cm x 120cm x 120cm (gesch\u00e4tzt)<br \/>\nGewicht: \u00fcber 100kg (gesch\u00e4tzt)<\/p>\n<p>You are not prepared! \ud83d\ude42<\/p>","protected":false},"excerpt":{"rendered":"<p>One Piece &#8211; Ace D. Portgas Lifesize &#8218; 1:1 Resin Statue &#8218; vom Bigsize Studio EU Taxfree! I do ship EU-wide, please contact me, should questions arise. EU shipping costs are more an estimate and will be recalculated (and you will receive a refund, if shippings costs turn out to be lower in the end). [&hellip;]<\/p>\n","protected":false},"featured_media":30736,"comment_status":"closed","ping_status":"closed","template":"","meta":[],"product_brand":[],"product_cat":[89,84],"product_tag":[506,507,147,251,514,469,470,503,504,505,164,501,502,165,154,136,137,379,381,380,382],"class_list":{"0":"post-1770","1":"product","2":"type-product","3":"status-publish","4":"has-post-thumbnail","6":"product_cat-one-piece","7":"product_cat-statuen-anime-comic-universum","8":"product_tag-ace-portgas-collectible","9":"product_tag-ace-portgas-statue","10":"product_tag-collectibles","11":"product_tag-collectibles-kaufen","12":"product_tag-lifesize","13":"product_tag-lifesize-collectibles","14":"product_tag-lifesize-statuen","15":"product_tag-one-piece-ace-portgas","16":"product_tag-one-piece-ace-portgas-collectible","17":"product_tag-one-piece-ace-statue","18":"product_tag-one-piece-collectibles","19":"product_tag-one-piece-lifesize","20":"product_tag-one-piece-resin","21":"product_tag-one-piece-statue","22":"product_tag-resin-collectibles","23":"product_tag-resin-statuen","24":"product_tag-resin-statuen-kaufen","25":"product_tag-statue-collectible","26":"product_tag-statue-collectibles","27":"product_tag-statues-collectible","28":"product_tag-statues-collectibles","29":"pa_brand-big-size-studio","30":"pa_scale-1_to_1","32":"first","33":"outofstock","34":"taxable","35":"shipping-taxable","36":"product-type-simple"},"_links":{"self":[{"href":"https:\/\/store.handsomecake.com\/en\/wp-json\/wp\/v2\/product\/1770","targetHints":{"allow":["GET"]}}],"collection":[{"href":"https:\/\/store.handsomecake.com\/en\/wp-json\/wp\/v2\/product"}],"about":[{"href":"https:\/\/store.handsomecake.com\/en\/wp-json\/wp\/v2\/types\/product"}],"replies":[{"embeddable":true,"href":"https:\/\/store.handsomecake.com\/en\/wp-json\/wp\/v2\/comments?post=1770"}],"wp:featuredmedia":[{"embeddable":true,"href":"https:\/\/store.handsomecake.com\/en\/wp-json\/wp\/v2\/media\/30736"}],"wp:attachment":[{"href":"https:\/\/store.handsomecake.com\/en\/wp-json\/wp\/v2\/media?parent=1770"}],"wp:term":[{"taxonomy":"product_brand","embeddable":true,"href":"https:\/\/store.handsomecake.com\/en\/wp-json\/wp\/v2\/product_brand?post=1770"},{"taxonomy":"product_cat","embeddable":true,"href":"https:\/\/store.handsomecake.com\/en\/wp-json\/wp\/v2\/product_cat?post=1770"},{"taxonomy":"product_tag","embeddable":true,"href":"https:\/\/store.handsomecake.com\/en\/wp-json\/wp\/v2\/product_tag?post=1770"}],"curies":[{"name":"wp","href":"https:\/\/api.w.org\/{rel}","templated":true}]}}