{"id":17681,"date":"2022-12-15T01:59:37","date_gmt":"2022-12-15T01:59:37","guid":{"rendered":"https:\/\/store.handsomecake.com\/product\/dragon-ball-broly-16-resin-statue-von-z-dim-studio\/"},"modified":"2024-11-06T13:15:28","modified_gmt":"2024-11-06T13:15:28","slug":"dragon-ball-broly-16-resin-statue-von-z-dim-studio","status":"publish","type":"product","link":"https:\/\/store.handsomecake.com\/en\/product\/dragon-ball-broly-16-resin-statue-von-z-dim-studio\/","title":{"rendered":"Dragon Ball &#8211; Broly | 1:6 Resin Statue | von Z &amp; DIM Studio"},"content":{"rendered":"<p>Dragon Ball &#8211; Broly | 1:6 Resin Statue | von Z &amp; DIM Studio<\/p>\n<p>EU Taxfree! I do ship EU-wide, please contact me, should questions arise.<\/p>\n<p><span style=\"color: #ffffff;\"><em><span style=\"background-color: #4e5f70;\">&#8222;If you&#8217;d just let me kill you all before, you wouldn&#8217;t be dealing with this pain now. You&#8217;re all complete and utter wastes of Saiyan blood!&#8220;<\/span><\/em><\/span><\/p>\n<p>Tolle Statue des b\u00f6sartigen Super Saiyajin<br \/>\nWunderbar verarbeitete und sehr detaillierte Statue von Broly aus Polystone &#8211; k\u00fcnstlichem Stein-Harz-Gemisch.<\/p>\n<p><strong>Besonderheiten:<\/strong><\/p>\n<ul>\n<li>blaue Version<\/li>\n<li>auch lila Version verf\u00fcgbar<\/li>\n<li>weltweit 188 St\u00fcck<\/li>\n<li>mit LED<\/li>\n<\/ul>\n<p><strong>Release-Status:<\/strong><\/p>\n<ul>\n<li>Pre order. Release ca. Q3 2023 erwartet, bei uns im Lager voraussichtlich Ende Oktober 2023.<\/li>\n<\/ul>\n<p>Wie immer bei meinen Artikeln &#8211; s\u00e4mtliche Geb\u00fchren sind, im Gegensatz zu anderen Angeboten, bereits inkludiert. Versand erfolgt ausschlie\u00dflich aus Deutschland, es fallen keine Zoll- und Importgeb\u00fchren an. Ihr kauft keine Katze im Sack \ud83d\ude42<\/p>\n<p><strong>Ma\u00dfe der Statue:<\/strong><br \/>\nGr\u00f6\u00dfe: H45cm x W25cm x D22cm<br \/>\nGewicht: TBA, gesch\u00e4tzt 10kg<\/p>\n<p>You are not prepared! \ud83d\ude42<\/p>","protected":false},"excerpt":{"rendered":"<p>Dragon Ball &#8211; Broly | 1:6 Resin Statue | von Z &amp; DIM Studio EU Taxfree! I do ship EU-wide, please contact me, should questions arise. &#8222;If you&#8217;d just let me kill you all before, you wouldn&#8217;t be dealing with this pain now. You&#8217;re all complete and utter wastes of Saiyan blood!&#8220; Tolle Statue des [&hellip;]<\/p>\n","protected":false},"featured_media":17690,"comment_status":"closed","ping_status":"closed","template":"","meta":[],"product_brand":[],"product_cat":[24,87,568,84],"product_tag":[612,664,666,794,662,640,658,688,685,687,686,147,251,682,683,190,191,97,795,154,136,137,379,381,665,380,382,718],"class_list":{"0":"post-17681","1":"product","2":"type-product","3":"status-publish","4":"has-post-thumbnail","6":"product_cat-action-figuren","7":"product_cat-dragon-ball","8":"product_cat-preorder","9":"product_cat-statuen-anime-comic-universum","10":"product_tag-anime","11":"product_tag-anime-figuren-one-piece","12":"product_tag-anime-figuren-shop","13":"product_tag-anime-statue","14":"product_tag-anime-statue-shop","15":"product_tag-anime-statuen","16":"product_tag-anime-toys","17":"product_tag-broly","18":"product_tag-broly-collectible","19":"product_tag-broly-figure","20":"product_tag-broly-statue","21":"product_tag-collectibles","22":"product_tag-collectibles-kaufen","23":"product_tag-dragon-ball-broly","24":"product_tag-dragon-ball-broly-collectible","25":"product_tag-dragon-ball-collectibles","26":"product_tag-dragon-ball-resin","27":"product_tag-dragon-ball-statue","28":"product_tag-handsomecake","29":"product_tag-resin-collectibles","30":"product_tag-resin-statuen","31":"product_tag-resin-statuen-kaufen","32":"product_tag-statue-collectible","33":"product_tag-statue-collectibles","34":"product_tag-statuen-shop","35":"product_tag-statues-collectible","36":"product_tag-statues-collectibles","37":"product_tag-toys","38":"pa_brand-dim-studio","39":"pa_brand-z-studio","40":"pa_scale-1_to_6","42":"first","43":"outofstock","44":"taxable","45":"shipping-taxable","46":"product-type-variable"},"_links":{"self":[{"href":"https:\/\/store.handsomecake.com\/en\/wp-json\/wp\/v2\/product\/17681","targetHints":{"allow":["GET"]}}],"collection":[{"href":"https:\/\/store.handsomecake.com\/en\/wp-json\/wp\/v2\/product"}],"about":[{"href":"https:\/\/store.handsomecake.com\/en\/wp-json\/wp\/v2\/types\/product"}],"replies":[{"embeddable":true,"href":"https:\/\/store.handsomecake.com\/en\/wp-json\/wp\/v2\/comments?post=17681"}],"wp:featuredmedia":[{"embeddable":true,"href":"https:\/\/store.handsomecake.com\/en\/wp-json\/wp\/v2\/media\/17690"}],"wp:attachment":[{"href":"https:\/\/store.handsomecake.com\/en\/wp-json\/wp\/v2\/media?parent=17681"}],"wp:term":[{"taxonomy":"product_brand","embeddable":true,"href":"https:\/\/store.handsomecake.com\/en\/wp-json\/wp\/v2\/product_brand?post=17681"},{"taxonomy":"product_cat","embeddable":true,"href":"https:\/\/store.handsomecake.com\/en\/wp-json\/wp\/v2\/product_cat?post=17681"},{"taxonomy":"product_tag","embeddable":true,"href":"https:\/\/store.handsomecake.com\/en\/wp-json\/wp\/v2\/product_tag?post=17681"}],"curies":[{"name":"wp","href":"https:\/\/api.w.org\/{rel}","templated":true}]}}