{"id":17615,"date":"2022-12-12T17:46:38","date_gmt":"2022-12-12T17:46:38","guid":{"rendered":"https:\/\/store.handsomecake.com\/product\/game-of-thrones-daenerys-targaryen-11-resin-bust-von-infinity-studio\/"},"modified":"2024-06-12T15:33:41","modified_gmt":"2024-06-12T15:33:41","slug":"game-of-thrones-daenerys-targaryen-11-resin-bust-von-infinity-studio","status":"publish","type":"product","link":"https:\/\/store.handsomecake.com\/en\/product\/game-of-thrones-daenerys-targaryen-11-resin-bust-von-infinity-studio\/","title":{"rendered":"Game of Thrones &#8211; Daenerys Targaryen | 1:1 Resin Bust | von Infinity Studio"},"content":{"rendered":"<p>Game of Thrones &#8211; Daenerys Targaryen | 1:1 Resin Bust | von Infinity Studio<\/p>\n<p>I do ship EU-wide, please contact me, should questions arise.<\/p>\n<p>Tolle B\u00fcste unserer geliebten Mother of Dragons<br \/>\nWunderbar verarbeitete und sehr detaillierte Daenerys B\u00fcste aus Polystone &#8211; k\u00fcnstlichem Stein-Harz-Gemisch.<\/p>\n<p><strong>Besonderheiten:<\/strong><\/p>\n<ul>\n<li>499 St\u00fcck weltweit<\/li>\n<\/ul>\n<p><strong>Release-Status:<\/strong><\/p>\n<ul>\n<li>Preorder. Statue wird sch\u00e4tzungsweise Q2 2024 released. Wir erwarten sie bei uns im Lager gegen Ende August 2024.<\/li>\n<\/ul>\n<p>Wie immer bei meinen Aktionen &#8211; s\u00e4mtliche Geb\u00fchren sind, im Gegensatz zu anderen Angeboten, bereits inkludiert. Versand erfolgt ausschlie\u00dflich aus Deutschland, es fallen keine Zoll- und Importgeb\u00fchren an. Ihr kauft keine Katze im Sack \ud83d\ude42<br \/>\n<strong>Ma\u00dfe der Statue:<\/strong><\/p>\n<ul>\n<li>Gr\u00f6\u00dfe: H75*W69*D51cm<\/li>\n<li>Gewicht: TBA, ca. 20kg (gesch\u00e4tzt)<\/li>\n<\/ul>\n<p>You are not prepared! \ud83d\ude42<\/p>","protected":false},"excerpt":{"rendered":"<p>Game of Thrones &#8211; Daenerys Targaryen | 1:1 Resin Bust | von Infinity Studio I do ship EU-wide, please contact me, should questions arise. Tolle B\u00fcste unserer geliebten Mother of Dragons Wunderbar verarbeitete und sehr detaillierte Daenerys B\u00fcste aus Polystone &#8211; k\u00fcnstlichem Stein-Harz-Gemisch. Besonderheiten: 499 St\u00fcck weltweit Release-Status: Preorder. Statue wird sch\u00e4tzungsweise Q2 2024 released. [&hellip;]<\/p>\n","protected":false},"featured_media":17627,"comment_status":"closed","ping_status":"closed","template":"","meta":[],"product_brand":[],"product_cat":[24,1450,568,184],"product_tag":[612,666,717,794,662,640,658,147,251,2246,2250,2245,2244,2249,2248,795,137,379,381,552,665,380,382,547,2247],"class_list":{"0":"post-17615","1":"product","2":"type-product","3":"status-publish","4":"has-post-thumbnail","6":"product_cat-action-figuren","7":"product_cat-literature","8":"product_cat-preorder","9":"product_cat-sonstige-resin-statuen","10":"product_tag-anime","11":"product_tag-anime-figuren-shop","12":"product_tag-anime-shop","13":"product_tag-anime-statue","14":"product_tag-anime-statue-shop","15":"product_tag-anime-statuen","16":"product_tag-anime-toys","17":"product_tag-collectibles","18":"product_tag-collectibles-kaufen","19":"product_tag-daenerys","20":"product_tag-daenerys-collectible","21":"product_tag-daenerys-targaryen","22":"product_tag-game-of-thrones","23":"product_tag-game-of-thrones-daenerys","24":"product_tag-game-of-thrones-statuen","25":"product_tag-handsomecake","26":"product_tag-resin-statuen-kaufen","27":"product_tag-statue-collectible","28":"product_tag-statue-collectibles","29":"product_tag-statue-collector","30":"product_tag-statuen-shop","31":"product_tag-statues-collectible","32":"product_tag-statues-collectibles","33":"product_tag-statues-collector","34":"product_tag-targaryen","35":"pa_brand-infinity-studio","36":"pa_scale-1_to_1","38":"first","39":"instock","40":"taxable","41":"shipping-taxable","42":"product-type-variable"},"_links":{"self":[{"href":"https:\/\/store.handsomecake.com\/en\/wp-json\/wp\/v2\/product\/17615","targetHints":{"allow":["GET"]}}],"collection":[{"href":"https:\/\/store.handsomecake.com\/en\/wp-json\/wp\/v2\/product"}],"about":[{"href":"https:\/\/store.handsomecake.com\/en\/wp-json\/wp\/v2\/types\/product"}],"replies":[{"embeddable":true,"href":"https:\/\/store.handsomecake.com\/en\/wp-json\/wp\/v2\/comments?post=17615"}],"wp:featuredmedia":[{"embeddable":true,"href":"https:\/\/store.handsomecake.com\/en\/wp-json\/wp\/v2\/media\/17627"}],"wp:attachment":[{"href":"https:\/\/store.handsomecake.com\/en\/wp-json\/wp\/v2\/media?parent=17615"}],"wp:term":[{"taxonomy":"product_brand","embeddable":true,"href":"https:\/\/store.handsomecake.com\/en\/wp-json\/wp\/v2\/product_brand?post=17615"},{"taxonomy":"product_cat","embeddable":true,"href":"https:\/\/store.handsomecake.com\/en\/wp-json\/wp\/v2\/product_cat?post=17615"},{"taxonomy":"product_tag","embeddable":true,"href":"https:\/\/store.handsomecake.com\/en\/wp-json\/wp\/v2\/product_tag?post=17615"}],"curies":[{"name":"wp","href":"https:\/\/api.w.org\/{rel}","templated":true}]}}