{"id":17570,"date":"2022-12-11T01:26:11","date_gmt":"2022-12-11T01:26:11","guid":{"rendered":"https:\/\/store.handsomecake.com\/product\/dragon-ball-spirit-bomb-16-resin-statue-von-hunter-studio\/"},"modified":"2024-06-12T15:33:36","modified_gmt":"2024-06-12T15:33:36","slug":"dragon-ball-spirit-bomb-16-resin-statue-von-hunter-studio","status":"publish","type":"product","link":"https:\/\/store.handsomecake.com\/en\/product\/dragon-ball-spirit-bomb-16-resin-statue-von-hunter-studio\/","title":{"rendered":"Dragon Ball &#8211; Spirit Bomb | 1:6 Resin Statue | von Hunter Studio"},"content":{"rendered":"<p>Dragon Ball &#8211; Spirit Bomb | 1:6 Resin Statue | von Hunter Studio<\/p>\n<p>I do ship EU-wide, please contact me, should questions arise.<\/p>\n<p>Tolle Statue von Gokus Genkidama<br \/>\nWunderbar verarbeitete und sehr detaillierte Goku Statue aus Polystone &#8211; k\u00fcnstlichem Stein-Harz-Gemisch.<\/p>\n<p><strong>Besonderheiten:<\/strong><\/p>\n<ul>\n<li>168 St\u00fcck weltweit<\/li>\n<\/ul>\n<p><strong>Release-Status:<\/strong><\/p>\n<ul>\n<li>Vorbestellung, Release erwartet Ende Q4 2023, Collectible bei uns im Lager sch\u00e4tzungsweise Ende Februar 2024<\/li>\n<\/ul>\n<p>Wie immer bei meinen Aktionen &#8211; s\u00e4mtliche Geb\u00fchren sind, im Gegensatz zu anderen Angeboten, bereits inkludiert. Versand erfolgt ausschlie\u00dflich aus Deutschland, es fallen keine Zoll- und Importgeb\u00fchren an. Ihr kauft keine Katze im Sack \ud83d\ude42<\/p>\n<p><strong>Ma\u00dfe der Statue:<\/strong><\/p>\n<ul>\n<li>Gr\u00f6\u00dfe: ca. H66cm x 47cm x 35cm<\/li>\n<li>Gewicht: TBA, gesch\u00e4tzt 14kg<\/li>\n<\/ul>\n<p>You are not prepared! \ud83d\ude42<\/p>","protected":false},"excerpt":{"rendered":"<p>Dragon Ball &#8211; Spirit Bomb | 1:6 Resin Statue | von Hunter Studio I do ship EU-wide, please contact me, should questions arise. Tolle Statue von Gokus Genkidama Wunderbar verarbeitete und sehr detaillierte Goku Statue aus Polystone &#8211; k\u00fcnstlichem Stein-Harz-Gemisch. Besonderheiten: 168 St\u00fcck weltweit Release-Status: Vorbestellung, Release erwartet Ende Q4 2023, Collectible bei uns im [&hellip;]<\/p>\n","protected":false},"featured_media":17577,"comment_status":"closed","ping_status":"closed","template":"","meta":[],"product_brand":[],"product_cat":[24,87,568,84],"product_tag":[147,251,738,190,191,171,346,97,2223,2225,2226,154,136,137,2224,379,381,1979,380,382],"class_list":{"0":"post-17570","1":"product","2":"type-product","3":"status-publish","4":"has-post-thumbnail","6":"product_cat-action-figuren","7":"product_cat-dragon-ball","8":"product_cat-preorder","9":"product_cat-statuen-anime-comic-universum","10":"product_tag-collectibles","11":"product_tag-collectibles-kaufen","12":"product_tag-dragon-ball","13":"product_tag-dragon-ball-collectibles","14":"product_tag-dragon-ball-resin","15":"product_tag-dragon-ball-son-goku","16":"product_tag-dragon-ball-son-goku-collectible","17":"product_tag-dragon-ball-statue","18":"product_tag-dragon-ball-z-goku","19":"product_tag-goku-collectible","20":"product_tag-goku-statue","21":"product_tag-resin-collectibles","22":"product_tag-resin-statuen","23":"product_tag-resin-statuen-kaufen","24":"product_tag-spirit-bomb","25":"product_tag-statue-collectible","26":"product_tag-statue-collectibles","27":"product_tag-statuen","28":"product_tag-statues-collectible","29":"product_tag-statues-collectibles","30":"pa_brand-hunter-studio","31":"pa_scale-1_to_6","33":"first","34":"outofstock","35":"taxable","36":"shipping-taxable","37":"product-type-variable"},"_links":{"self":[{"href":"https:\/\/store.handsomecake.com\/en\/wp-json\/wp\/v2\/product\/17570","targetHints":{"allow":["GET"]}}],"collection":[{"href":"https:\/\/store.handsomecake.com\/en\/wp-json\/wp\/v2\/product"}],"about":[{"href":"https:\/\/store.handsomecake.com\/en\/wp-json\/wp\/v2\/types\/product"}],"replies":[{"embeddable":true,"href":"https:\/\/store.handsomecake.com\/en\/wp-json\/wp\/v2\/comments?post=17570"}],"wp:featuredmedia":[{"embeddable":true,"href":"https:\/\/store.handsomecake.com\/en\/wp-json\/wp\/v2\/media\/17577"}],"wp:attachment":[{"href":"https:\/\/store.handsomecake.com\/en\/wp-json\/wp\/v2\/media?parent=17570"}],"wp:term":[{"taxonomy":"product_brand","embeddable":true,"href":"https:\/\/store.handsomecake.com\/en\/wp-json\/wp\/v2\/product_brand?post=17570"},{"taxonomy":"product_cat","embeddable":true,"href":"https:\/\/store.handsomecake.com\/en\/wp-json\/wp\/v2\/product_cat?post=17570"},{"taxonomy":"product_tag","embeddable":true,"href":"https:\/\/store.handsomecake.com\/en\/wp-json\/wp\/v2\/product_tag?post=17570"}],"curies":[{"name":"wp","href":"https:\/\/api.w.org\/{rel}","templated":true}]}}