{"id":1757,"date":"2021-07-07T10:00:22","date_gmt":"2021-07-07T10:00:22","guid":{"rendered":"https:\/\/store.handsomecake.com\/product\/world-of-warcraft-arthas-menethil-14-resin-statue-von-windseeker\/"},"modified":"2025-04-18T22:40:14","modified_gmt":"2025-04-18T22:40:14","slug":"world-of-warcraft-arthas-menethil-14-resin-statue-von-windseeker","status":"publish","type":"product","link":"https:\/\/store.handsomecake.com\/en\/product\/world-of-warcraft-arthas-menethil-14-resin-statue-von-windseeker\/","title":{"rendered":"World of Warcraft &#8211; Arthas Menethil | 1:4 Resin Statue | vom Windseeker &#038; Stormspace Studio"},"content":{"rendered":"<p>World of Warcraft &#8211; Arthas Menethil Resin Statue &#8218; von Windseeker &amp; Stormspace<\/p>\n<p>EU Taxfree! I do ship EU-wide, please contact me, should questions arise.<br \/>\nEU shipping costs are more an estimate and will be recalculated (and you will receive a refund, if shippings costs turn out to be lower in the end).<\/p>\n<p>Tolle Statue vom schicksalhaften Paladin-Helden<\/p>\n<p>Wunderbar verarbeitete und sehr detaillierte Arthas Statue aus Polystone &#8211; k\u00fcnstlichem Stein-Harz-Gemisch.<\/p>\n<p>Besonderheiten:<\/p>\n<ul>\n<li>keine<\/li>\n<\/ul>\n<p>Release-Status:<\/p>\n<ul>\n<li>Lagernd vor Ort und versandfertig innerhalb von 5 Werktagen (Speditionsversand)<\/li>\n<\/ul>\n<p>Wie immer bei meinen Artikeln &#8211; s\u00e4mtliche Geb\u00fchren sind, im Gegensatz zu anderen Angeboten, bereits inkludiert. Versand erfolgt ausschlie\u00dflich aus Deutschland, es fallen keine Zoll- und Importgeb\u00fchren an. Ihr kauft keine Katze im Sack \ud83d\ude42<\/p>\n<p>Ma\u00dfe der Statue:<br \/>\nGr\u00f6\u00dfe: ca. 78cm x 47cm x 55cm<br \/>\nGewicht: 29 kg<\/p>\n<p>You are not prepared! \ud83d\ude42<\/p>\n<p><iframe title=\"Arthas Menethil by Windseeker - Full Video\" width=\"980\" height=\"551\" src=\"https:\/\/www.youtube.com\/embed\/9OsX4I6vH9w?feature=oembed\" frameborder=\"0\" allow=\"accelerometer; autoplay; clipboard-write; encrypted-media; gyroscope; picture-in-picture; web-share\" allowfullscreen><\/iframe><\/p>","protected":false},"excerpt":{"rendered":"<p>World of Warcraft &#8211; Arthas Menethil Resin Statue &#8218; von Windseeker &amp; Stormspace EU Taxfree! I do ship EU-wide, please contact me, should questions arise. EU shipping costs are more an estimate and will be recalculated (and you will receive a refund, if shippings costs turn out to be lower in the end). Tolle Statue [&hellip;]<\/p>\n","protected":false},"featured_media":30681,"comment_status":"closed","ping_status":"closed","template":"","meta":[],"product_brand":[],"product_cat":[826,81,85,567],"product_tag":[612,663,794,662,640,658,129,130,147,251,795,830,829,154,136,137,379,381,665,380,382,718,131,224,104,103],"class_list":{"0":"post-1757","1":"product","2":"type-product","3":"status-publish","4":"has-post-thumbnail","6":"product_cat-lagernd-vor-ort","7":"product_cat-statuen-computerspieluniversum","8":"product_cat-warcraft","9":"product_cat-in_stock_warehouse_china","10":"product_tag-anime","11":"product_tag-anime-figur-shop","12":"product_tag-anime-statue","13":"product_tag-anime-statue-shop","14":"product_tag-anime-statuen","15":"product_tag-anime-toys","16":"product_tag-arthas-menethil-resin-statue","17":"product_tag-arthas-menethil-warcraft","18":"product_tag-collectibles","19":"product_tag-collectibles-kaufen","20":"product_tag-handsomecake","21":"product_tag-lich-king","22":"product_tag-lich-king-statue","23":"product_tag-resin-collectibles","24":"product_tag-resin-statuen","25":"product_tag-resin-statuen-kaufen","26":"product_tag-statue-collectible","27":"product_tag-statue-collectibles","28":"product_tag-statuen-shop","29":"product_tag-statues-collectible","30":"product_tag-statues-collectibles","31":"product_tag-toys","32":"product_tag-warcraft-resin-statue","33":"product_tag-world-of-warcraft-collectibles","34":"product_tag-world-of-warcraft-statuen","35":"product_tag-wow-statuen","36":"pa_brand-windseeker-stormspace","38":"first","39":"instock","40":"sale","41":"featured","42":"taxable","43":"shipping-taxable","44":"product-type-simple"},"_links":{"self":[{"href":"https:\/\/store.handsomecake.com\/en\/wp-json\/wp\/v2\/product\/1757","targetHints":{"allow":["GET"]}}],"collection":[{"href":"https:\/\/store.handsomecake.com\/en\/wp-json\/wp\/v2\/product"}],"about":[{"href":"https:\/\/store.handsomecake.com\/en\/wp-json\/wp\/v2\/types\/product"}],"replies":[{"embeddable":true,"href":"https:\/\/store.handsomecake.com\/en\/wp-json\/wp\/v2\/comments?post=1757"}],"wp:featuredmedia":[{"embeddable":true,"href":"https:\/\/store.handsomecake.com\/en\/wp-json\/wp\/v2\/media\/30681"}],"wp:attachment":[{"href":"https:\/\/store.handsomecake.com\/en\/wp-json\/wp\/v2\/media?parent=1757"}],"wp:term":[{"taxonomy":"product_brand","embeddable":true,"href":"https:\/\/store.handsomecake.com\/en\/wp-json\/wp\/v2\/product_brand?post=1757"},{"taxonomy":"product_cat","embeddable":true,"href":"https:\/\/store.handsomecake.com\/en\/wp-json\/wp\/v2\/product_cat?post=1757"},{"taxonomy":"product_tag","embeddable":true,"href":"https:\/\/store.handsomecake.com\/en\/wp-json\/wp\/v2\/product_tag?post=1757"}],"curies":[{"name":"wp","href":"https:\/\/api.w.org\/{rel}","templated":true}]}}