{"id":17542,"date":"2022-12-11T00:03:18","date_gmt":"2022-12-11T00:03:18","guid":{"rendered":"https:\/\/store.handsomecake.com\/product\/chainsaw-man-makima-14-resin-statue-von-hero-belief-studio\/"},"modified":"2025-08-29T11:28:13","modified_gmt":"2025-08-29T11:28:13","slug":"chainsaw-man-makima-14-resin-statue-von-hero-belief-studio","status":"publish","type":"product","link":"https:\/\/store.handsomecake.com\/en\/product\/chainsaw-man-makima-14-resin-statue-von-hero-belief-studio\/","title":{"rendered":"Chainsaw Man &#8211; Makima | 1:4 Resin Statue | von Hero Belief Studio"},"content":{"rendered":"<p>Chainsaw Man &#8211; Makima | 1:4 Resin Statue | von Hero Belief Studio<\/p>\n<p>I do ship EU-wide, please contact me, should questions arise.<\/p>\n<p>Tolle Statue von einem halb menschlichen, halb teuflischen Wesen mit Kettens\u00e4gen anstatt von Kopf und Armen &#8211; Chainsaw Man.<br \/>\nWunderbar verarbeitete und sehr detaillierte Denji Statue aus Polystone &#8211; k\u00fcnstlichem Stein-Harz-Gemisch.<\/p>\n<p><strong>Besonderheiten:<\/strong><\/p>\n<ul>\n<li>Version C ( Anzug- und Abendkleid Versionen + Anime- und Realistic K\u00f6pfe)<\/li>\n<li>auch Versionen A (Anzug + Anime-Kopf) und B (Abendkleid + Realistic Kopf + Kleidung abnehmar) verf\u00fcgbar<\/li>\n<li>nur 258 St\u00fcck weltweit<\/li>\n<\/ul>\n<p><strong>Release-Status:<\/strong><\/p>\n<ul>\n<li>Preorder. Statue wird voraussichtlich in Q3 2023 released und wir erwarten sie sch\u00e4tzungsweise Ende Oktober 2023 bei uns im Warenlager.<\/li>\n<\/ul>\n<p>Wie immer bei meinen Aktionen &#8211; s\u00e4mtliche Geb\u00fchren sind, im Gegensatz zu anderen Angeboten, bereits inkludiert. Versand erfolgt ausschlie\u00dflich aus Deutschland, es fallen keine Zoll- und Importgeb\u00fchren an. Ihr kauft keine Katze im Sack \ud83d\ude42<\/p>\n<p>Ma\u00dfe der Statue:<\/p>\n<ul>\n<li>Gr\u00f6\u00dfe: ca. H60cm x W44.5cm x D39.8cm<\/li>\n<li>Gewicht: TBA, gesch\u00e4tzt: ca. 13kg<\/li>\n<\/ul>\n<p>You are not prepared! \ud83d\ude42<\/p>","protected":false},"excerpt":{"rendered":"<p>Chainsaw Man &#8211; Makima | 1:4 Resin Statue | von Hero Belief Studio I do ship EU-wide, please contact me, should questions arise. Tolle Statue von einem halb menschlichen, halb teuflischen Wesen mit Kettens\u00e4gen anstatt von Kopf und Armen &#8211; Chainsaw Man. Wunderbar verarbeitete und sehr detaillierte Denji Statue aus Polystone &#8211; k\u00fcnstlichem Stein-Harz-Gemisch. Besonderheiten: [&hellip;]<\/p>\n","protected":false},"featured_media":17567,"comment_status":"closed","ping_status":"closed","template":"","meta":[],"product_brand":[],"product_cat":[24,2404,568,84],"product_tag":[2193,612,659,666,717,794,662,640,658,1643,479,147,251,795,2229,2230,154,255,136,137,379,381,552,380],"class_list":{"0":"post-17542","1":"product","2":"type-product","3":"status-publish","4":"has-post-thumbnail","6":"product_cat-action-figuren","7":"product_cat-chainsaw-man","8":"product_cat-preorder","9":"product_cat-statuen-anime-comic-universum","10":"product_tag-aki-chainsaw-man","11":"product_tag-anime","12":"product_tag-anime-figuren","13":"product_tag-anime-figuren-shop","14":"product_tag-anime-shop","15":"product_tag-anime-statue","16":"product_tag-anime-statue-shop","17":"product_tag-anime-statuen","18":"product_tag-anime-toys","19":"product_tag-chainsaw-man","20":"product_tag-collectible","21":"product_tag-collectibles","22":"product_tag-collectibles-kaufen","23":"product_tag-handsomecake","24":"product_tag-makima","25":"product_tag-makima-collectible","26":"product_tag-resin-collectibles","27":"product_tag-resin-collectibles-kaufen","28":"product_tag-resin-statuen","29":"product_tag-resin-statuen-kaufen","30":"product_tag-statue-collectible","31":"product_tag-statue-collectibles","32":"product_tag-statue-collector","33":"product_tag-statues-collectible","34":"pa_brand-hero-belief-studio","35":"pa_scale-1_to_4","37":"first","38":"instock","39":"taxable","40":"shipping-taxable","41":"product-type-variable"},"_links":{"self":[{"href":"https:\/\/store.handsomecake.com\/en\/wp-json\/wp\/v2\/product\/17542","targetHints":{"allow":["GET"]}}],"collection":[{"href":"https:\/\/store.handsomecake.com\/en\/wp-json\/wp\/v2\/product"}],"about":[{"href":"https:\/\/store.handsomecake.com\/en\/wp-json\/wp\/v2\/types\/product"}],"replies":[{"embeddable":true,"href":"https:\/\/store.handsomecake.com\/en\/wp-json\/wp\/v2\/comments?post=17542"}],"wp:featuredmedia":[{"embeddable":true,"href":"https:\/\/store.handsomecake.com\/en\/wp-json\/wp\/v2\/media\/17567"}],"wp:attachment":[{"href":"https:\/\/store.handsomecake.com\/en\/wp-json\/wp\/v2\/media?parent=17542"}],"wp:term":[{"taxonomy":"product_brand","embeddable":true,"href":"https:\/\/store.handsomecake.com\/en\/wp-json\/wp\/v2\/product_brand?post=17542"},{"taxonomy":"product_cat","embeddable":true,"href":"https:\/\/store.handsomecake.com\/en\/wp-json\/wp\/v2\/product_cat?post=17542"},{"taxonomy":"product_tag","embeddable":true,"href":"https:\/\/store.handsomecake.com\/en\/wp-json\/wp\/v2\/product_tag?post=17542"}],"curies":[{"name":"wp","href":"https:\/\/api.w.org\/{rel}","templated":true}]}}