{"id":17502,"date":"2022-12-08T01:14:51","date_gmt":"2022-12-08T01:14:51","guid":{"rendered":"https:\/\/store.handsomecake.com\/product\/chainsaw-man-hayakawa-aki-16-resin-statue-von-sgs-studio\/"},"modified":"2025-09-01T23:27:14","modified_gmt":"2025-09-01T23:27:14","slug":"chainsaw-man-hayakawa-aki-16-resin-statue-von-sgs-studio","status":"publish","type":"product","link":"https:\/\/store.handsomecake.com\/en\/product\/chainsaw-man-hayakawa-aki-16-resin-statue-von-sgs-studio\/","title":{"rendered":"Chainsaw Man &#8211; Hayakawa Aki | 1:6 Resin Statue | von SGS Studio"},"content":{"rendered":"<p>Chainsaw Man &#8211; Hayakawa Aki | 1:6 Resin Statue | von SGS Studio<\/p>\n<p>I do ship EU-wide, please contact me, should questions arise.<\/p>\n<p>Tolle Statue von Public Safety Devil Hunter von Makimas Squad &#8211; Aki.<br \/>\nWunderbar verarbeitete und sehr detaillierte Hayakawa Aki Statue aus Polystone &#8211; k\u00fcnstlichem Stein-Harz-Gemisch.<\/p>\n<p><strong>Besonderheiten:<\/strong><\/p>\n<ul>\n<li>A(Regular) und B(nackt, Hose aus echtem Stoff, 3 austauschbare private Teile) Varianten verf\u00fcgbar<\/li>\n<li>nur 188 St\u00fcck weltweit<\/li>\n<\/ul>\n<p><strong>Release-Status:<\/strong><\/p>\n<ul>\n<li>Preorder. Statue wird voraussichtlich in Q3 2023 released und wir erwarten sie sch\u00e4tzungsweise Ende November 2023 bei uns im Warenlager.<\/li>\n<\/ul>\n<p>Wie immer bei meinen Aktionen &#8211; s\u00e4mtliche Geb\u00fchren sind, im Gegensatz zu anderen Angeboten, bereits inkludiert. Versand erfolgt ausschlie\u00dflich aus Deutschland, es fallen keine Zoll- und Importgeb\u00fchren an. Ihr kauft keine Katze im Sack \ud83d\ude42<\/p>\n<p><strong>Ma\u00dfe der Statue:<\/strong><\/p>\n<ul>\n<li>Gr\u00f6\u00dfe: ca. H34cm x W23cm x 14 cm<\/li>\n<li>Gewicht: TBA, gesch\u00e4tzt: ca. 8kg<\/li>\n<\/ul>\n<p>You are not prepared! \ud83d\ude42<\/p>","protected":false},"excerpt":{"rendered":"<p>Chainsaw Man &#8211; Hayakawa Aki | 1:6 Resin Statue | von SGS Studio I do ship EU-wide, please contact me, should questions arise. Tolle Statue von Public Safety Devil Hunter von Makimas Squad &#8211; Aki. Wunderbar verarbeitete und sehr detaillierte Hayakawa Aki Statue aus Polystone &#8211; k\u00fcnstlichem Stein-Harz-Gemisch. Besonderheiten: A(Regular) und B(nackt, Hose aus echtem [&hellip;]<\/p>\n","protected":false},"featured_media":17503,"comment_status":"closed","ping_status":"closed","template":"","meta":[],"product_brand":[],"product_cat":[24,2404,568,84],"product_tag":[2193,612,659,666,717,794,662,640,658,1643,479,147,251,795,2192,2194,2195,154,255,136,137,379,381,552,380],"class_list":{"0":"post-17502","1":"product","2":"type-product","3":"status-publish","4":"has-post-thumbnail","6":"product_cat-action-figuren","7":"product_cat-chainsaw-man","8":"product_cat-preorder","9":"product_cat-statuen-anime-comic-universum","10":"product_tag-aki-chainsaw-man","11":"product_tag-anime","12":"product_tag-anime-figuren","13":"product_tag-anime-figuren-shop","14":"product_tag-anime-shop","15":"product_tag-anime-statue","16":"product_tag-anime-statue-shop","17":"product_tag-anime-statuen","18":"product_tag-anime-toys","19":"product_tag-chainsaw-man","20":"product_tag-collectible","21":"product_tag-collectibles","22":"product_tag-collectibles-kaufen","23":"product_tag-handsomecake","24":"product_tag-hayakawa-aki","25":"product_tag-hayakawa-collectible","26":"product_tag-hayakawa-statue","27":"product_tag-resin-collectibles","28":"product_tag-resin-collectibles-kaufen","29":"product_tag-resin-statuen","30":"product_tag-resin-statuen-kaufen","31":"product_tag-statue-collectible","32":"product_tag-statue-collectibles","33":"product_tag-statue-collector","34":"product_tag-statues-collectible","35":"pa_brand-sgs-studio","36":"pa_scale-1_to_6","38":"first","39":"instock","40":"taxable","41":"shipping-taxable","42":"product-type-variable"},"_links":{"self":[{"href":"https:\/\/store.handsomecake.com\/en\/wp-json\/wp\/v2\/product\/17502","targetHints":{"allow":["GET"]}}],"collection":[{"href":"https:\/\/store.handsomecake.com\/en\/wp-json\/wp\/v2\/product"}],"about":[{"href":"https:\/\/store.handsomecake.com\/en\/wp-json\/wp\/v2\/types\/product"}],"replies":[{"embeddable":true,"href":"https:\/\/store.handsomecake.com\/en\/wp-json\/wp\/v2\/comments?post=17502"}],"wp:featuredmedia":[{"embeddable":true,"href":"https:\/\/store.handsomecake.com\/en\/wp-json\/wp\/v2\/media\/17503"}],"wp:attachment":[{"href":"https:\/\/store.handsomecake.com\/en\/wp-json\/wp\/v2\/media?parent=17502"}],"wp:term":[{"taxonomy":"product_brand","embeddable":true,"href":"https:\/\/store.handsomecake.com\/en\/wp-json\/wp\/v2\/product_brand?post=17502"},{"taxonomy":"product_cat","embeddable":true,"href":"https:\/\/store.handsomecake.com\/en\/wp-json\/wp\/v2\/product_cat?post=17502"},{"taxonomy":"product_tag","embeddable":true,"href":"https:\/\/store.handsomecake.com\/en\/wp-json\/wp\/v2\/product_tag?post=17502"}],"curies":[{"name":"wp","href":"https:\/\/api.w.org\/{rel}","templated":true}]}}