{"id":17477,"date":"2022-12-08T00:16:30","date_gmt":"2022-12-08T00:16:30","guid":{"rendered":"https:\/\/store.handsomecake.com\/product\/pokemon-bug-type-16-resin-statue-von-pc-house-studio\/"},"modified":"2024-11-24T12:45:17","modified_gmt":"2024-11-24T12:45:17","slug":"pokemon-bug-type-16-resin-statue-von-pc-house-studio","status":"publish","type":"product","link":"https:\/\/store.handsomecake.com\/en\/product\/pokemon-bug-type-16-resin-statue-von-pc-house-studio\/","title":{"rendered":"Pok\u00e9mon &#8211; Bug type | 1:6 Resin Statue | von PC House STUDIO"},"content":{"rendered":"<p>Pok\u00e9mon &#8211; Bug type | 1:6 Resin Statue | von PC House STUDIO<\/p>\n<p>I do ship EU-wide, please contact me, should questions arise.<\/p>\n<p>Tolle Statue eines der achtzehn Pok\u00e9mon-Elementartypen<br \/>\nWunderbar verarbeitete und sehr detaillierte Statue von Bug type aus Polystone &#8211; k\u00fcnstlichem Stein-Harz-Gemisch.<\/p>\n<p><strong>Besonderheiten<\/strong>:<\/p>\n<ul>\n<li>Regular Version<\/li>\n<li>Rote (TV) Version auch verf\u00fcgbar<\/li>\n<\/ul>\n<p><strong>Release-Status:<\/strong><\/p>\n<ul>\n<li>Preorder. Statue wird sch\u00e4tzungsweise am Ende Q2 2023 fertiggestellt und wir erwarten sie bei uns im Lager gegen Ende August 2023.<\/li>\n<\/ul>\n<p>Wie immer bei meinen Aktionen &#8211; s\u00e4mtliche Geb\u00fchren sind, im Gegensatz zu anderen Angeboten, bereits inkludiert. Versand erfolgt ausschlie\u00dflich aus Deutschland, es fallen keine Zoll- und Importgeb\u00fchren an. Ihr kauft keine Katze im Sack \ud83d\ude42<\/p>\n<p><strong>Ma\u00dfe der Statue:<\/strong><\/p>\n<ul>\n<li>Gr\u00f6\u00dfe: ca. H34cm x W35cm x D24cm<\/li>\n<li>Gewicht: TBA, gesch\u00e4tzt: ca. 8kg<\/li>\n<\/ul>\n<p>You are not prepared! \ud83d\ude42<\/p>","protected":false},"excerpt":{"rendered":"<p>Pok\u00e9mon &#8211; Bug type | 1:6 Resin Statue | von PC House STUDIO I do ship EU-wide, please contact me, should questions arise. Tolle Statue eines der achtzehn Pok\u00e9mon-Elementartypen Wunderbar verarbeitete und sehr detaillierte Statue von Bug type aus Polystone &#8211; k\u00fcnstlichem Stein-Harz-Gemisch. Besonderheiten: Regular Version Rote (TV) Version auch verf\u00fcgbar Release-Status: Preorder. Statue wird [&hellip;]<\/p>\n","protected":false},"featured_media":17478,"comment_status":"closed","ping_status":"closed","template":"","meta":[],"product_brand":[],"product_cat":[24,125,568,84],"product_tag":[2218,2216,2217,147,251,211,213,212,154,136,137],"class_list":{"0":"post-17477","1":"product","2":"type-product","3":"status-publish","4":"has-post-thumbnail","6":"product_cat-action-figuren","7":"product_cat-pokemon","8":"product_cat-preorder","9":"product_cat-statuen-anime-comic-universum","10":"product_tag-bug-statue","11":"product_tag-bug-type","12":"product_tag-bug-type-pokemon","13":"product_tag-collectibles","14":"product_tag-collectibles-kaufen","15":"product_tag-pokemon","16":"product_tag-pokemon-collectibles","17":"product_tag-pokemon-statuen","18":"product_tag-resin-collectibles","19":"product_tag-resin-statuen","20":"product_tag-resin-statuen-kaufen","21":"pa_brand-pc-house-studio","22":"pa_scale-1_to_6","24":"first","25":"instock","26":"taxable","27":"shipping-taxable","28":"product-type-variable"},"_links":{"self":[{"href":"https:\/\/store.handsomecake.com\/en\/wp-json\/wp\/v2\/product\/17477","targetHints":{"allow":["GET"]}}],"collection":[{"href":"https:\/\/store.handsomecake.com\/en\/wp-json\/wp\/v2\/product"}],"about":[{"href":"https:\/\/store.handsomecake.com\/en\/wp-json\/wp\/v2\/types\/product"}],"replies":[{"embeddable":true,"href":"https:\/\/store.handsomecake.com\/en\/wp-json\/wp\/v2\/comments?post=17477"}],"wp:featuredmedia":[{"embeddable":true,"href":"https:\/\/store.handsomecake.com\/en\/wp-json\/wp\/v2\/media\/17478"}],"wp:attachment":[{"href":"https:\/\/store.handsomecake.com\/en\/wp-json\/wp\/v2\/media?parent=17477"}],"wp:term":[{"taxonomy":"product_brand","embeddable":true,"href":"https:\/\/store.handsomecake.com\/en\/wp-json\/wp\/v2\/product_brand?post=17477"},{"taxonomy":"product_cat","embeddable":true,"href":"https:\/\/store.handsomecake.com\/en\/wp-json\/wp\/v2\/product_cat?post=17477"},{"taxonomy":"product_tag","embeddable":true,"href":"https:\/\/store.handsomecake.com\/en\/wp-json\/wp\/v2\/product_tag?post=17477"}],"curies":[{"name":"wp","href":"https:\/\/api.w.org\/{rel}","templated":true}]}}