{"id":17335,"date":"2022-12-01T03:50:00","date_gmt":"2022-12-01T03:50:00","guid":{"rendered":"https:\/\/store.handsomecake.com\/product\/cyberpunk-edgerunners-david-martinez-16-resin-statue-von-gentleman-18-studio\/"},"modified":"2024-10-01T15:50:33","modified_gmt":"2024-10-01T15:50:33","slug":"cyberpunk-edgerunners-david-martinez-16-resin-statue-von-gentleman-18-studio","status":"publish","type":"product","link":"https:\/\/store.handsomecake.com\/en\/product\/cyberpunk-edgerunners-david-martinez-16-resin-statue-von-gentleman-18-studio\/","title":{"rendered":"Cyberpunk: Edgerunners &#8211; David Martinez | 1:6 Resin Statue | von Gentlemen 18 Studio"},"content":{"rendered":"<p>Cyberpunk: Edgerunners &#8211; David Martinez | 1:6 Resin Statue | von Gentlemen 18 Studio<\/p>\n<p>EU Taxfree! I do ship EU-wide, please contact me, should questions arise.<\/p>\n<p>Tolle Statue von Sandevistan from Santo<br \/>\nWunderbar verarbeitete und sehr detaillierte Statue von David aus Polystone &#8211; k\u00fcnstlichem Stein-Harz-Gemisch.<\/p>\n<p><strong>Besonderheiten:<\/strong><\/p>\n<ul>\n<li>weltweit 188 St\u00fcck<\/li>\n<li>2 Intimteile austauschbar (Hard and soft &#8222;Machine gun&#8220;\/&#8220;Cum sucker ehancer&#8220;) + austauschbare Hand + austauschbarer Oberk\u00f6rper<\/li>\n<li>Weihnachtsm\u00fctze + Schal<\/li>\n<li>1\/1 mechanischer Penis: enth\u00e4lt eine Vielzahl von LED-Modi<\/li>\n<\/ul>\n<p><strong>Release-Status:<\/strong><\/p>\n<ul>\n<li>Preorder. Statue wird voraussichtlich Q3 2023 erscheinen und wir erwarten sie voraussichtlich Ende Oktober 2023 im Warenlager.<\/li>\n<\/ul>\n<p>Wie immer bei meinen Artikeln &#8211; s\u00e4mtliche Geb\u00fchren sind, im Gegensatz zu anderen Angeboten, bereits inkludiert. Versand erfolgt ausschlie\u00dflich aus Deutschland, es fallen keine Zoll- und Importgeb\u00fchren an. Ihr kauft keine Katze im Sack \ud83d\ude42<\/p>\n<p><strong>Ma\u00dfe der Statue:<\/strong><\/p>\n<ul>\n<li>Gr\u00f6\u00dfe: ca. H 38.5cm x W 30cm x D 30cm<\/li>\n<li>Gewicht: TBA, ca. 10kg (gesch\u00e4tzt)<\/li>\n<\/ul>\n<p>You are not prepared! \ud83d\ude42<\/p>","protected":false},"excerpt":{"rendered":"<p>Cyberpunk: Edgerunners &#8211; David Martinez | 1:6 Resin Statue | von Gentlemen 18 Studio EU Taxfree! I do ship EU-wide, please contact me, should questions arise. Tolle Statue von Sandevistan from Santo Wunderbar verarbeitete und sehr detaillierte Statue von David aus Polystone &#8211; k\u00fcnstlichem Stein-Harz-Gemisch. Besonderheiten: weltweit 188 St\u00fcck 2 Intimteile austauschbar (Hard and soft [&hellip;]<\/p>\n","protected":false},"featured_media":17336,"comment_status":"closed","ping_status":"closed","template":"","meta":[],"product_brand":[],"product_cat":[2196,568,84],"product_tag":[612,664,666,717,794,662,640,658,479,147,251,2043,2202,2042,2045,2044,2201,795,154],"class_list":{"0":"post-17335","1":"product","2":"type-product","3":"status-publish","4":"has-post-thumbnail","6":"product_cat-hadaka-matsuri","7":"product_cat-preorder","8":"product_cat-statuen-anime-comic-universum","9":"product_tag-anime","10":"product_tag-anime-figuren-one-piece","11":"product_tag-anime-figuren-shop","12":"product_tag-anime-shop","13":"product_tag-anime-statue","14":"product_tag-anime-statue-shop","15":"product_tag-anime-statuen","16":"product_tag-anime-toys","17":"product_tag-collectible","18":"product_tag-collectibles","19":"product_tag-collectibles-kaufen","20":"product_tag-cyberpunk-collectibles","21":"product_tag-davidcyberpunk","22":"product_tag-cyberpunk-edgerunners","23":"product_tag-cyberpunk-statue","24":"product_tag-cyberpunk-resin","25":"product_tag-david-martinez","26":"product_tag-handsomecake","27":"product_tag-resin-collectibles","28":"pa_brand-gentlemen-18-studio","29":"pa_scale-1_to_6","31":"first","32":"outofstock","33":"taxable","34":"shipping-taxable","35":"product-type-variable"},"_links":{"self":[{"href":"https:\/\/store.handsomecake.com\/en\/wp-json\/wp\/v2\/product\/17335","targetHints":{"allow":["GET"]}}],"collection":[{"href":"https:\/\/store.handsomecake.com\/en\/wp-json\/wp\/v2\/product"}],"about":[{"href":"https:\/\/store.handsomecake.com\/en\/wp-json\/wp\/v2\/types\/product"}],"replies":[{"embeddable":true,"href":"https:\/\/store.handsomecake.com\/en\/wp-json\/wp\/v2\/comments?post=17335"}],"wp:featuredmedia":[{"embeddable":true,"href":"https:\/\/store.handsomecake.com\/en\/wp-json\/wp\/v2\/media\/17336"}],"wp:attachment":[{"href":"https:\/\/store.handsomecake.com\/en\/wp-json\/wp\/v2\/media?parent=17335"}],"wp:term":[{"taxonomy":"product_brand","embeddable":true,"href":"https:\/\/store.handsomecake.com\/en\/wp-json\/wp\/v2\/product_brand?post=17335"},{"taxonomy":"product_cat","embeddable":true,"href":"https:\/\/store.handsomecake.com\/en\/wp-json\/wp\/v2\/product_cat?post=17335"},{"taxonomy":"product_tag","embeddable":true,"href":"https:\/\/store.handsomecake.com\/en\/wp-json\/wp\/v2\/product_tag?post=17335"}],"curies":[{"name":"wp","href":"https:\/\/api.w.org\/{rel}","templated":true}]}}