{"id":17193,"date":"2022-11-29T01:50:02","date_gmt":"2022-11-29T01:50:02","guid":{"rendered":"https:\/\/store.handsomecake.com\/product\/one-piece-franky-15-resin-statue-von-dream-studio\/"},"modified":"2024-06-12T15:32:27","modified_gmt":"2024-06-12T15:32:27","slug":"one-piece-franky-15-resin-statue-von-dream-studio","status":"publish","type":"product","link":"https:\/\/store.handsomecake.com\/en\/product\/one-piece-franky-15-resin-statue-von-dream-studio\/","title":{"rendered":"One Piece &#8211; Franky | 1:5 Resin Statue | von Dream Studio"},"content":{"rendered":"<p>One Piece &#8211; Franky &#8218; 1:5 Resin Statue &#8218; von Dream Studio<\/p>\n<p>I do ship EU-wide, please contact me, should questions arise.<\/p>\n<p>Tolle Statue unseres geliebten Schiffszimmermanns der Strohhut-Piratenbande<br \/>\nWunderbar verarbeitete und sehr detaillierte Franky Statue aus Polystone &#8211; k\u00fcnstlichem Stein-Harz-Gemisch.<\/p>\n<p>Besonderheiten:<\/p>\n<p>* nur 100 St\u00fcck weltweit<\/p>\n<p>Release-Status:<\/p>\n<p>* Preorder. Statue wird voraussichtlich Ende Q3 2023 released und wir erwarten sie im Warenlager sch\u00e4tzungsweise Ende Oktober 2023.<\/p>\n<p>Wie immer bei meinen Artikeln &#8211; s\u00e4mtliche Geb\u00fchren sind, im Gegensatz zu anderen Angeboten, bereits inkludiert. Versand erfolgt ausschlie\u00dflich aus Deutschland, es fallen keine Zoll- und Importgeb\u00fchren an. Ihr kauft keine Katze im Sack \ud83d\ude42<\/p>\n<p>Ma\u00dfe der Statue:<br \/>\nGr\u00f6\u00dfe: ca. 48cm x 36cm x 31cm<br \/>\nGewicht: TBA ca. 12 kg (gesch\u00e4tzt)<\/p>\n<p>You are not prepared! \ud83d\ude42<\/p>","protected":false},"excerpt":{"rendered":"<p>One Piece &#8211; Franky &#8218; 1:5 Resin Statue &#8218; von Dream Studio I do ship EU-wide, please contact me, should questions arise. Tolle Statue unseres geliebten Schiffszimmermanns der Strohhut-Piratenbande Wunderbar verarbeitete und sehr detaillierte Franky Statue aus Polystone &#8211; k\u00fcnstlichem Stein-Harz-Gemisch. Besonderheiten: * nur 100 St\u00fcck weltweit Release-Status: * Preorder. Statue wird voraussichtlich Ende Q3 [&hellip;]<\/p>\n","protected":false},"featured_media":17198,"comment_status":"closed","ping_status":"closed","template":"","meta":[],"product_brand":[],"product_cat":[24,89,568,84],"product_tag":[612,656,1043,658,479,147,251,383,1319,1320,795,164,1316,1317,1318,501,502,165,154,255,136,137,379,381,380,382,1315],"class_list":{"0":"post-17193","1":"product","2":"type-product","3":"status-publish","4":"has-post-thumbnail","6":"product_cat-action-figuren","7":"product_cat-one-piece","8":"product_cat-preorder","9":"product_cat-statuen-anime-comic-universum","10":"product_tag-anime","11":"product_tag-anime-collectibles","12":"product_tag-anime-statues","13":"product_tag-anime-toys","14":"product_tag-collectible","15":"product_tag-collectibles","16":"product_tag-collectibles-kaufen","17":"product_tag-collector","18":"product_tag-franky-collectible","19":"product_tag-franky-statue","20":"product_tag-handsomecake","21":"product_tag-one-piece-collectibles","22":"product_tag-one-piece-franky","23":"product_tag-one-piece-franky-collectible","24":"product_tag-one-piece-franky-statue","25":"product_tag-one-piece-lifesize","26":"product_tag-one-piece-resin","27":"product_tag-one-piece-statue","28":"product_tag-resin-collectibles","29":"product_tag-resin-collectibles-kaufen","30":"product_tag-resin-statuen","31":"product_tag-resin-statuen-kaufen","32":"product_tag-statue-collectible","33":"product_tag-statue-collectibles","34":"product_tag-statues-collectible","35":"product_tag-statues-collectibles","36":"product_tag-super-franky","37":"pa_brand-dream-studio","38":"pa_scale-1_to_5","40":"first","41":"instock","42":"taxable","43":"shipping-taxable","44":"product-type-variable"},"_links":{"self":[{"href":"https:\/\/store.handsomecake.com\/en\/wp-json\/wp\/v2\/product\/17193","targetHints":{"allow":["GET"]}}],"collection":[{"href":"https:\/\/store.handsomecake.com\/en\/wp-json\/wp\/v2\/product"}],"about":[{"href":"https:\/\/store.handsomecake.com\/en\/wp-json\/wp\/v2\/types\/product"}],"replies":[{"embeddable":true,"href":"https:\/\/store.handsomecake.com\/en\/wp-json\/wp\/v2\/comments?post=17193"}],"wp:featuredmedia":[{"embeddable":true,"href":"https:\/\/store.handsomecake.com\/en\/wp-json\/wp\/v2\/media\/17198"}],"wp:attachment":[{"href":"https:\/\/store.handsomecake.com\/en\/wp-json\/wp\/v2\/media?parent=17193"}],"wp:term":[{"taxonomy":"product_brand","embeddable":true,"href":"https:\/\/store.handsomecake.com\/en\/wp-json\/wp\/v2\/product_brand?post=17193"},{"taxonomy":"product_cat","embeddable":true,"href":"https:\/\/store.handsomecake.com\/en\/wp-json\/wp\/v2\/product_cat?post=17193"},{"taxonomy":"product_tag","embeddable":true,"href":"https:\/\/store.handsomecake.com\/en\/wp-json\/wp\/v2\/product_tag?post=17193"}],"curies":[{"name":"wp","href":"https:\/\/api.w.org\/{rel}","templated":true}]}}